{"id":19212,"date":"2025-05-15T15:20:23","date_gmt":"2025-05-15T11:20:23","guid":{"rendered":"https:\/\/setap.az\/?post_type=product&#038;p=19212"},"modified":"2025-05-15T15:31:09","modified_gmt":"2025-05-15T11:31:09","slug":"vga-kompyuter-kabeli","status":"publish","type":"product","link":"https:\/\/setap.az\/?product=vga-kompyuter-kabeli","title":{"rendered":"VGA Kompyuter kabeli"},"content":{"rendered":"<p>VGA Kompyuter kabeli.<\/p>\n<p>&#8211; VGA kompyuter, televizor, noutbook, monitor, proyektor \u00fc\u00e7\u00fcn g\u00f6r\u00fcnt\u00fcl\u00fc \u00f6t\u00fcr\u00fcc\u00fc kabel.<br \/>\n&#8211; 1.5 m uzunluqda.<br \/>\n&#8211; S\u00fcr\u0259tli v\u0259 sabit m\u0259lumat performansl\u0131.<\/p>\n","protected":false},"excerpt":{"rendered":"<p>VGA Kompyuter kabeli. &#8211; VGA kompyuter, televizor, noutbook, monitor, proyektor \u00fc\u00e7\u00fcn g\u00f6r\u00fcnt\u00fcl\u00fc \u00f6t\u00fcr\u00fcc\u00fc kabel. &#8211; 1.5 m uzunluqda. &#8211; S\u00fcr\u0259tli v\u0259 sabit m\u0259lumat performansl\u0131.<\/p>\n","protected":false},"featured_media":19213,"comment_status":"open","ping_status":"closed","template":"","meta":[],"product_cat":[2808,2818,2819],"product_tag":[3611,3607,3610,3608,3025,3613,3225,3609,3606,3612],"class_list":{"0":"post-19212","1":"product","2":"type-product","3":"status-publish","4":"has-post-thumbnail","6":"product_cat-kabel-mhsullari","7":"product_cat-video-kabellr","8":"product_cat-video-nzart-ucun-kabellr","9":"product_tag-displaykabeli","10":"product_tag-komputeraksesuarlari","11":"product_tag-komputerkabeli","12":"product_tag-monitorkabeli","13":"product_tag-ofistexnikasi","14":"product_tag-pckabeli","15":"product_tag-texnikiavadanliq","16":"product_tag-vgaconnection","17":"product_tag-vgakabeli","18":"product_tag-vgatovga","19":"description-off","21":"first","22":"instock","23":"shipping-taxable","24":"purchasable","25":"product-type-simple"},"_links":{"self":[{"href":"https:\/\/setap.az\/index.php?rest_route=\/wp\/v2\/product\/19212","targetHints":{"allow":["GET"]}}],"collection":[{"href":"https:\/\/setap.az\/index.php?rest_route=\/wp\/v2\/product"}],"about":[{"href":"https:\/\/setap.az\/index.php?rest_route=\/wp\/v2\/types\/product"}],"replies":[{"embeddable":true,"href":"https:\/\/setap.az\/index.php?rest_route=%2Fwp%2Fv2%2Fcomments&post=19212"}],"wp:featuredmedia":[{"embeddable":true,"href":"https:\/\/setap.az\/index.php?rest_route=\/wp\/v2\/media\/19213"}],"wp:attachment":[{"href":"https:\/\/setap.az\/index.php?rest_route=%2Fwp%2Fv2%2Fmedia&parent=19212"}],"wp:term":[{"taxonomy":"product_cat","embeddable":true,"href":"https:\/\/setap.az\/index.php?rest_route=%2Fwp%2Fv2%2Fproduct_cat&post=19212"},{"taxonomy":"product_tag","embeddable":true,"href":"https:\/\/setap.az\/index.php?rest_route=%2Fwp%2Fv2%2Fproduct_tag&post=19212"}],"curies":[{"name":"wp","href":"https:\/\/api.w.org\/{rel}","templated":true}]}}