{"id":19218,"date":"2025-05-15T16:24:43","date_gmt":"2025-05-15T12:24:43","guid":{"rendered":"https:\/\/setap.az\/?post_type=product&#038;p=19218"},"modified":"2025-05-15T16:24:43","modified_gmt":"2025-05-15T12:24:43","slug":"oyun-qulaqligi-gm-006","status":"publish","type":"product","link":"https:\/\/setap.az\/?product=oyun-qulaqligi-gm-006","title":{"rendered":"Oyun qulaql\u0131\u011f\u0131  GM &#8211; 006"},"content":{"rendered":"<p>Oyun qulaql\u0131\u011f\u0131<br \/>\nModel: GM &#8211; 006<br \/>\n&#8211; Sterio s\u0259s + d\u0259riy\u0259 uy\u011fun v\u0259 n\u0259f\u0259s alanqulaql\u0131q.<br \/>\n&#8211; RGB i\u015f\u0131q<br \/>\n&#8211; 40mm s\u00fcr\u00fcc\u00fc qur\u011fusu<br \/>\n&#8211; H\u0259ssasl\u0131q: 115db<br \/>\n&#8211; Kabel: 2m\/0.3m<\/p>\n","protected":false},"excerpt":{"rendered":"<p>Oyun qulaql\u0131\u011f\u0131 Model: GM &#8211; 006 &#8211; Sterio s\u0259s + d\u0259riy\u0259 uy\u011fun v\u0259 n\u0259f\u0259s alanqulaql\u0131q. &#8211; RGB i\u015f\u0131q &#8211; 40mm s\u00fcr\u00fcc\u00fc qur\u011fusu &#8211; H\u0259ssasl\u0131q: 115db &#8211; Kabel: 2m\/0.3m<\/p>\n","protected":false},"featured_media":19219,"comment_status":"open","ping_status":"closed","template":"","meta":[],"product_cat":[3624],"product_tag":[3635,3636,3637,3020,3633,3634,3638,3639,3640],"class_list":{"0":"post-19218","1":"product","2":"type-product","3":"status-publish","4":"has-post-thumbnail","6":"product_cat-qulaqliqlar","7":"product_tag-360vibrasiyassi","8":"product_tag-40mmspeakerlr","9":"product_tag-basolcusungornizamlanma","10":"product_tag-erqonomikdizayn","11":"product_tag-gm006","12":"product_tag-mikrafonluoyunqulaqligi","13":"product_tag-oyunlarfilmmusiqi","14":"product_tag-sskeyfiyyti","15":"product_tag-vibrasiyassi","16":"description-off","18":"first","19":"instock","20":"shipping-taxable","21":"purchasable","22":"product-type-simple"},"_links":{"self":[{"href":"https:\/\/setap.az\/index.php?rest_route=\/wp\/v2\/product\/19218","targetHints":{"allow":["GET"]}}],"collection":[{"href":"https:\/\/setap.az\/index.php?rest_route=\/wp\/v2\/product"}],"about":[{"href":"https:\/\/setap.az\/index.php?rest_route=\/wp\/v2\/types\/product"}],"replies":[{"embeddable":true,"href":"https:\/\/setap.az\/index.php?rest_route=%2Fwp%2Fv2%2Fcomments&post=19218"}],"wp:featuredmedia":[{"embeddable":true,"href":"https:\/\/setap.az\/index.php?rest_route=\/wp\/v2\/media\/19219"}],"wp:attachment":[{"href":"https:\/\/setap.az\/index.php?rest_route=%2Fwp%2Fv2%2Fmedia&parent=19218"}],"wp:term":[{"taxonomy":"product_cat","embeddable":true,"href":"https:\/\/setap.az\/index.php?rest_route=%2Fwp%2Fv2%2Fproduct_cat&post=19218"},{"taxonomy":"product_tag","embeddable":true,"href":"https:\/\/setap.az\/index.php?rest_route=%2Fwp%2Fv2%2Fproduct_tag&post=19218"}],"curies":[{"name":"wp","href":"https:\/\/api.w.org\/{rel}","templated":true}]}}