{"id":19220,"date":"2025-05-15T16:28:48","date_gmt":"2025-05-15T12:28:48","guid":{"rendered":"https:\/\/setap.az\/?post_type=product&#038;p=19220"},"modified":"2025-05-15T16:28:48","modified_gmt":"2025-05-15T12:28:48","slug":"oyun-qulaqligi-gm-007","status":"publish","type":"product","link":"https:\/\/setap.az\/?product=oyun-qulaqligi-gm-007","title":{"rendered":"Oyun qulaql\u0131\u011f\u0131 GM &#8211; 007"},"content":{"rendered":"<p>Model: GM &#8211; 007<br \/>\n&#8211; Sterio s\u0259s + d\u0259riy\u0259 uy\u011fun v\u0259 n\u0259f\u0259s alan qulaql\u0131q.<br \/>\n&#8211; RGB i\u015f\u0131q<br \/>\n&#8211; 40mm s\u00fcr\u00fcc\u00fc qur\u011fusu<br \/>\n&#8211; H\u0259ssasl\u0131q: 115db<br \/>\n&#8211; Kabel: 1.2m\/0.3m<\/p>\n","protected":false},"excerpt":{"rendered":"<p>Model: GM &#8211; 007 &#8211; Sterio s\u0259s + d\u0259riy\u0259 uy\u011fun v\u0259 n\u0259f\u0259s alan qulaql\u0131q. &#8211; RGB i\u015f\u0131q &#8211; 40mm s\u00fcr\u00fcc\u00fc qur\u011fusu &#8211; H\u0259ssasl\u0131q: 115db &#8211; Kabel: 1.2m\/0.3m<\/p>\n","protected":false},"featured_media":19221,"comment_status":"open","ping_status":"closed","template":"","meta":[],"product_cat":[3624],"product_tag":[3629,3641,3630,3642,3626,3627,3631,3628],"class_list":{"0":"post-19220","1":"product","2":"type-product","3":"status-publish","4":"has-post-thumbnail","6":"product_cat-qulaqliqlar","7":"product_tag-40mmdinamik","8":"product_tag-gm007","9":"product_tag-hssasliq115db","10":"product_tag-kabel1-2m","11":"product_tag-oyunqulaqligi","12":"product_tag-sskuyizolyasiyasi","13":"product_tag-tezlik20-20khz","14":"product_tag-tnzimlnnsssviyysi","15":"description-off","17":"first","18":"instock","19":"shipping-taxable","20":"purchasable","21":"product-type-simple"},"_links":{"self":[{"href":"https:\/\/setap.az\/index.php?rest_route=\/wp\/v2\/product\/19220","targetHints":{"allow":["GET"]}}],"collection":[{"href":"https:\/\/setap.az\/index.php?rest_route=\/wp\/v2\/product"}],"about":[{"href":"https:\/\/setap.az\/index.php?rest_route=\/wp\/v2\/types\/product"}],"replies":[{"embeddable":true,"href":"https:\/\/setap.az\/index.php?rest_route=%2Fwp%2Fv2%2Fcomments&post=19220"}],"wp:featuredmedia":[{"embeddable":true,"href":"https:\/\/setap.az\/index.php?rest_route=\/wp\/v2\/media\/19221"}],"wp:attachment":[{"href":"https:\/\/setap.az\/index.php?rest_route=%2Fwp%2Fv2%2Fmedia&parent=19220"}],"wp:term":[{"taxonomy":"product_cat","embeddable":true,"href":"https:\/\/setap.az\/index.php?rest_route=%2Fwp%2Fv2%2Fproduct_cat&post=19220"},{"taxonomy":"product_tag","embeddable":true,"href":"https:\/\/setap.az\/index.php?rest_route=%2Fwp%2Fv2%2Fproduct_tag&post=19220"}],"curies":[{"name":"wp","href":"https:\/\/api.w.org\/{rel}","templated":true}]}}