{"id":19222,"date":"2025-05-15T16:36:33","date_gmt":"2025-05-15T12:36:33","guid":{"rendered":"https:\/\/setap.az\/?post_type=product&#038;p=19222"},"modified":"2025-05-15T16:36:33","modified_gmt":"2025-05-15T12:36:33","slug":"oyun-qulaqligi-gm-005","status":"publish","type":"product","link":"https:\/\/setap.az\/?product=oyun-qulaqligi-gm-005","title":{"rendered":"Oyun qulaql\u0131\u011f\u0131 GM-005"},"content":{"rendered":"<p>Model:GM-005<br \/>\n&#8211; 360* vibrasiya s\u0259si<br \/>\n&#8211; Oyunlar, film, musiqi h\u0259r n\u00f6v istifad\u0259 \u00fc\u00e7\u00fcn uy\u011fundur.<br \/>\n&#8211; Aux qo\u015fulma.<br \/>\n&#8211; Super oyun keyfiyy\u0259ti.<br \/>\n&#8211; 40mm speakerl\u0259r.<br \/>\n&#8211; Uzanan qulaql\u0131qlar.<br \/>\n&#8211; Ba\u015f \u00f6l\u00e7\u00fcs\u00fcn\u0259 g\u00f6r\u0259 nizamlanma mikrafonlu oyun qulaql\u0131\u011f\u0131.<\/p>\n","protected":false},"excerpt":{"rendered":"<p>Ba\u015f \u00f6l\u00e7\u00fcs\u00fcn\u0259 g\u00f6r\u0259 nizamlanma mikrafonlu oyun qulaql\u0131\u011f\u0131.<br \/>\nModel:GM-005<\/p>\n","protected":false},"featured_media":19223,"comment_status":"open","ping_status":"closed","template":"","meta":[],"product_cat":[3624],"product_tag":[3635,3636,3637,3020,3643,3634,3638,3639,3640],"class_list":{"0":"post-19222","1":"product","2":"type-product","3":"status-publish","4":"has-post-thumbnail","6":"product_cat-qulaqliqlar","7":"product_tag-360vibrasiyassi","8":"product_tag-40mmspeakerlr","9":"product_tag-basolcusungornizamlanma","10":"product_tag-erqonomikdizayn","11":"product_tag-gm005","12":"product_tag-mikrafonluoyunqulaqligi","13":"product_tag-oyunlarfilmmusiqi","14":"product_tag-sskeyfiyyti","15":"product_tag-vibrasiyassi","16":"description-off","18":"first","19":"instock","20":"shipping-taxable","21":"purchasable","22":"product-type-simple"},"_links":{"self":[{"href":"https:\/\/setap.az\/index.php?rest_route=\/wp\/v2\/product\/19222","targetHints":{"allow":["GET"]}}],"collection":[{"href":"https:\/\/setap.az\/index.php?rest_route=\/wp\/v2\/product"}],"about":[{"href":"https:\/\/setap.az\/index.php?rest_route=\/wp\/v2\/types\/product"}],"replies":[{"embeddable":true,"href":"https:\/\/setap.az\/index.php?rest_route=%2Fwp%2Fv2%2Fcomments&post=19222"}],"wp:featuredmedia":[{"embeddable":true,"href":"https:\/\/setap.az\/index.php?rest_route=\/wp\/v2\/media\/19223"}],"wp:attachment":[{"href":"https:\/\/setap.az\/index.php?rest_route=%2Fwp%2Fv2%2Fmedia&parent=19222"}],"wp:term":[{"taxonomy":"product_cat","embeddable":true,"href":"https:\/\/setap.az\/index.php?rest_route=%2Fwp%2Fv2%2Fproduct_cat&post=19222"},{"taxonomy":"product_tag","embeddable":true,"href":"https:\/\/setap.az\/index.php?rest_route=%2Fwp%2Fv2%2Fproduct_tag&post=19222"}],"curies":[{"name":"wp","href":"https:\/\/api.w.org\/{rel}","templated":true}]}}