{"id":19224,"date":"2025-05-16T10:52:25","date_gmt":"2025-05-16T06:52:25","guid":{"rendered":"https:\/\/setap.az\/?post_type=product&#038;p=19224"},"modified":"2025-05-16T10:52:25","modified_gmt":"2025-05-16T06:52:25","slug":"mikrafonlu-oyun-qulaqligi-gm-004","status":"publish","type":"product","link":"https:\/\/setap.az\/?product=mikrafonlu-oyun-qulaqligi-gm-004","title":{"rendered":"Mikrafonlu oyun qulaql\u0131\u011f\u0131  GM-004"},"content":{"rendered":"<p>Mikrafonlu oyun qulaql\u0131\u011f\u0131<br \/>\n Model:GM-004<br \/>\n-360* vibrasiya s\u0259si<br \/>\n-Oyunlar, film, musiqi h\u0259r n\u00f6v istifad\u0259 \u00fc\u00e7\u00fcn uy\u011fundur.<br \/>\n-Aux qo\u015fulma.<br \/>\n-Super oyun keyfiyy\u0259ti.<br \/>\n-40mm speakerl\u0259r.<br \/>\n-Uzanan qulaql\u0131qlar.<br \/>\n-Ba\u015f \u00f6l\u00e7\u00fcs\u00fcn\u0259 g\u00f6r\u0259 nizamlanma.<\/p>\n","protected":false},"excerpt":{"rendered":"<p>Mikrafonlu oyun qulaql\u0131\u011f\u0131 Model:GM-004 -360* vibrasiya s\u0259si -Oyunlar, film, musiqi h\u0259r n\u00f6v istifad\u0259 \u00fc\u00e7\u00fcn uy\u011fundur. -Aux qo\u015fulma. -Super oyun keyfiyy\u0259ti. -40mm speakerl\u0259r. -Uzanan qulaql\u0131qlar. -Ba\u015f \u00f6l\u00e7\u00fcs\u00fcn\u0259 g\u00f6r\u0259 nizamlanma.<\/p>\n","protected":false},"featured_media":19225,"comment_status":"open","ping_status":"closed","template":"","meta":[],"product_cat":[3624],"product_tag":[3635,3636,3637,3020,3644,3634,3638,3639,3640],"class_list":{"0":"post-19224","1":"product","2":"type-product","3":"status-publish","4":"has-post-thumbnail","6":"product_cat-qulaqliqlar","7":"product_tag-360vibrasiyassi","8":"product_tag-40mmspeakerlr","9":"product_tag-basolcusungornizamlanma","10":"product_tag-erqonomikdizayn","11":"product_tag-gm004","12":"product_tag-mikrafonluoyunqulaqligi","13":"product_tag-oyunlarfilmmusiqi","14":"product_tag-sskeyfiyyti","15":"product_tag-vibrasiyassi","16":"description-off","18":"first","19":"instock","20":"shipping-taxable","21":"purchasable","22":"product-type-simple"},"_links":{"self":[{"href":"https:\/\/setap.az\/index.php?rest_route=\/wp\/v2\/product\/19224","targetHints":{"allow":["GET"]}}],"collection":[{"href":"https:\/\/setap.az\/index.php?rest_route=\/wp\/v2\/product"}],"about":[{"href":"https:\/\/setap.az\/index.php?rest_route=\/wp\/v2\/types\/product"}],"replies":[{"embeddable":true,"href":"https:\/\/setap.az\/index.php?rest_route=%2Fwp%2Fv2%2Fcomments&post=19224"}],"wp:featuredmedia":[{"embeddable":true,"href":"https:\/\/setap.az\/index.php?rest_route=\/wp\/v2\/media\/19225"}],"wp:attachment":[{"href":"https:\/\/setap.az\/index.php?rest_route=%2Fwp%2Fv2%2Fmedia&parent=19224"}],"wp:term":[{"taxonomy":"product_cat","embeddable":true,"href":"https:\/\/setap.az\/index.php?rest_route=%2Fwp%2Fv2%2Fproduct_cat&post=19224"},{"taxonomy":"product_tag","embeddable":true,"href":"https:\/\/setap.az\/index.php?rest_route=%2Fwp%2Fv2%2Fproduct_tag&post=19224"}],"curies":[{"name":"wp","href":"https:\/\/api.w.org\/{rel}","templated":true}]}}