{"id":19226,"date":"2025-05-16T10:58:02","date_gmt":"2025-05-16T06:58:02","guid":{"rendered":"https:\/\/setap.az\/?post_type=product&#038;p=19226"},"modified":"2025-05-16T10:58:03","modified_gmt":"2025-05-16T06:58:03","slug":"mikrafonlu-oyun-qulaqligi-jedel-jd-810","status":"publish","type":"product","link":"https:\/\/setap.az\/?product=mikrafonlu-oyun-qulaqligi-jedel-jd-810","title":{"rendered":"Mikrafonlu oyun qulaql\u0131\u011f\u0131  Jedel JD-810"},"content":{"rendered":"<p>Mikrafonlu oyun qulaql\u0131\u011f\u0131<br \/>\nModel: Jedel JD-810<br \/>\n&#8211; Jedel qulaql\u0131qlar\u0131 optimal erqonomika, rahatl\u0131l\u0131q v\u0259 davaml\u0131l\u0131q \u00fc\u00e7\u00fcn n\u0259z\u0259rd\u0259 tutulub. Onlar yax\u015f\u0131 s\u0259s keyfiyy\u0259tin\u0259, y\u00fcng\u00fcl \u00e7\u0259kiy\u0259 davaml\u0131 g\u00f6vd\u0259y\u0259 malikdirl\u0259r.<br \/>\n&#8211; Daxili mikrafon v\u0259 s\u0259s s\u0259viyy\u0259sin\u0259 n\u0259zar\u0259t<br \/>\n&#8211; Y\u00fcks\u0259k h\u0259ssasl\u0131q: -56db\/3db<br \/>\n&#8211; Kabel uzunlu\u011fu: 1.7m<\/p>\n","protected":false},"excerpt":{"rendered":"<p>Mikrafonlu oyun qulaql\u0131\u011f\u0131 Model: Jedel JD-810 &#8211; Jedel qulaql\u0131qlar\u0131 optimal erqonomika, rahatl\u0131l\u0131q v\u0259 davaml\u0131l\u0131q \u00fc\u00e7\u00fcn n\u0259z\u0259rd\u0259 tutulub. Onlar yax\u015f\u0131 s\u0259s keyfiyy\u0259tin\u0259, y\u00fcng\u00fcl \u00e7\u0259kiy\u0259 davaml\u0131 g\u00f6vd\u0259y\u0259 malikdirl\u0259r. &#8211; Daxili mikrafon v\u0259 s\u0259s s\u0259viyy\u0259sin\u0259 n\u0259zar\u0259t &#8211; Y\u00fcks\u0259k h\u0259ssasl\u0131q: -56db\/3db &#8211; Kabel uzunlu\u011fu: 1.7m<\/p>\n","protected":false},"featured_media":19227,"comment_status":"open","ping_status":"closed","template":"","meta":[],"product_cat":[3624],"product_tag":[3649,3020,3645,3652,3634,3646,3650,3651,3647,3648],"class_list":{"0":"post-19226","1":"product","2":"type-product","3":"status-publish","4":"has-post-thumbnail","6":"product_cat-qulaqliqlar","7":"product_tag-daxilimikrafon","8":"product_tag-erqonomikdizayn","9":"product_tag-jedeljd810","10":"product_tag-kabeluzunlugu1-7m","11":"product_tag-mikrafonluoyunqulaqligi","12":"product_tag-rahatliqvdavamliliq","13":"product_tag-sssviyysinzart","14":"product_tag-yukskhssasliq","15":"product_tag-yuksksskeyfiyyti","16":"product_tag-yungulcki","17":"description-off","19":"first","20":"instock","21":"shipping-taxable","22":"purchasable","23":"product-type-simple"},"_links":{"self":[{"href":"https:\/\/setap.az\/index.php?rest_route=\/wp\/v2\/product\/19226","targetHints":{"allow":["GET"]}}],"collection":[{"href":"https:\/\/setap.az\/index.php?rest_route=\/wp\/v2\/product"}],"about":[{"href":"https:\/\/setap.az\/index.php?rest_route=\/wp\/v2\/types\/product"}],"replies":[{"embeddable":true,"href":"https:\/\/setap.az\/index.php?rest_route=%2Fwp%2Fv2%2Fcomments&post=19226"}],"wp:featuredmedia":[{"embeddable":true,"href":"https:\/\/setap.az\/index.php?rest_route=\/wp\/v2\/media\/19227"}],"wp:attachment":[{"href":"https:\/\/setap.az\/index.php?rest_route=%2Fwp%2Fv2%2Fmedia&parent=19226"}],"wp:term":[{"taxonomy":"product_cat","embeddable":true,"href":"https:\/\/setap.az\/index.php?rest_route=%2Fwp%2Fv2%2Fproduct_cat&post=19226"},{"taxonomy":"product_tag","embeddable":true,"href":"https:\/\/setap.az\/index.php?rest_route=%2Fwp%2Fv2%2Fproduct_tag&post=19226"}],"curies":[{"name":"wp","href":"https:\/\/api.w.org\/{rel}","templated":true}]}}