{"id":19230,"date":"2025-05-16T12:13:28","date_gmt":"2025-05-16T08:13:28","guid":{"rendered":"https:\/\/setap.az\/?post_type=product&#038;p=19230"},"modified":"2025-05-16T12:13:28","modified_gmt":"2025-05-16T08:13:28","slug":"oyun-qulaqligi-gm-018","status":"publish","type":"product","link":"https:\/\/setap.az\/?product=oyun-qulaqligi-gm-018","title":{"rendered":"Oyun qulaql\u0131\u011f\u0131   GM 018"},"content":{"rendered":"<p>Oyun qulaql\u0131\u011f\u0131<br \/>\nModel: GM 018<br \/>\n&#8211; LED i\u015f\u0131ql\u0131, mikrafonlu oyun qulaql\u0131\u011f\u0131.<br \/>\n&#8211; Dinamik: 40mm<br \/>\n&#8211; H\u0259ssasl\u0131q: 115db<br \/>\n&#8211; Kabel: 2.0\/0.3m<br \/>\n&#8211; Oyun konsollar\u0131, Mp3 musiqi pleyerl\u0259ri, Hifi sterio<br \/>\n&#8211; S\u0259s k\u00fcy izolyasiyal\u0131<\/p>\n","protected":false},"excerpt":{"rendered":"<p>Oyun qulaql\u0131\u011f\u0131 Model: GM 018 &#8211; LED i\u015f\u0131ql\u0131, mikrafonlu oyun qulaql\u0131\u011f\u0131. &#8211; Dinamik: 40mm &#8211; H\u0259ssasl\u0131q: 115db &#8211; Kabel: 2.0\/0.3m &#8211; Oyun konsollar\u0131, Mp3 musiqi pleyerl\u0259ri, Hifi sterio &#8211; S\u0259s k\u00fcy izolyasiyal\u0131<\/p>\n","protected":false},"featured_media":19231,"comment_status":"open","ping_status":"closed","template":"","meta":[],"product_cat":[3624],"product_tag":[3662,3629,3659,3666,3632,3660,3661,3665,3664,3626,3663],"class_list":{"0":"post-19230","1":"product","2":"type-product","3":"status-publish","4":"has-post-thumbnail","6":"product_cat-qulaqliqlar","7":"product_tag-115dbhssasliq","8":"product_tag-40mmdinamik","9":"product_tag-gm018","10":"product_tag-hifisterio","11":"product_tag-kabel2m","12":"product_tag-ledisiqli","13":"product_tag-mikrafonlu","14":"product_tag-mp3musiqipleyerlri","15":"product_tag-oyunkonsollari","16":"product_tag-oyunqulaqligi","17":"product_tag-sskuyizolyasiyali","18":"description-off","20":"first","21":"instock","22":"shipping-taxable","23":"purchasable","24":"product-type-simple"},"_links":{"self":[{"href":"https:\/\/setap.az\/index.php?rest_route=\/wp\/v2\/product\/19230","targetHints":{"allow":["GET"]}}],"collection":[{"href":"https:\/\/setap.az\/index.php?rest_route=\/wp\/v2\/product"}],"about":[{"href":"https:\/\/setap.az\/index.php?rest_route=\/wp\/v2\/types\/product"}],"replies":[{"embeddable":true,"href":"https:\/\/setap.az\/index.php?rest_route=%2Fwp%2Fv2%2Fcomments&post=19230"}],"wp:featuredmedia":[{"embeddable":true,"href":"https:\/\/setap.az\/index.php?rest_route=\/wp\/v2\/media\/19231"}],"wp:attachment":[{"href":"https:\/\/setap.az\/index.php?rest_route=%2Fwp%2Fv2%2Fmedia&parent=19230"}],"wp:term":[{"taxonomy":"product_cat","embeddable":true,"href":"https:\/\/setap.az\/index.php?rest_route=%2Fwp%2Fv2%2Fproduct_cat&post=19230"},{"taxonomy":"product_tag","embeddable":true,"href":"https:\/\/setap.az\/index.php?rest_route=%2Fwp%2Fv2%2Fproduct_tag&post=19230"}],"curies":[{"name":"wp","href":"https:\/\/api.w.org\/{rel}","templated":true}]}}