{"id":19239,"date":"2025-05-16T12:41:43","date_gmt":"2025-05-16T08:41:43","guid":{"rendered":"https:\/\/setap.az\/?post_type=product&#038;p=19239"},"modified":"2025-05-16T12:41:43","modified_gmt":"2025-05-16T08:41:43","slug":"jedel-cp74-mouse","status":"publish","type":"product","link":"https:\/\/setap.az\/?product=jedel-cp74-mouse","title":{"rendered":"Jedel CP74 Mouse"},"content":{"rendered":"<p>Model: Jedel CP74<br \/>\n&#8211; Funksional erqonomik dizayn.<br \/>\n&#8211; 3D optik si\u00e7an.<br \/>\n&#8211; Led i\u015f\u0131qland\u0131rma.<br \/>\n&#8211; Kabelin uzunlu\u011fu 1.35m<br \/>\n&#8211; Uy\u011funluq: Windows XP\/7\/8\/10\/Vista, Mac<br \/>\n&#8211; Jedel kompyuter si\u00e7anlar\u0131 erqonomika, rahatl\u0131q v\u0259 davaml\u0131l\u0131q \u00fc\u00e7\u00fcn optimal \u015f\u0259kild\u0259 haz\u0131rlanm\u0131\u015fd\u0131r. Onlar sensorun y\u00fcks\u0259k ay\u0131rdetm\u0259 qabiliyy\u0259tin\u0259, y\u00fcng\u00fcl \u00e7\u0259kiy\u0259 v\u0259 g\u00fccl\u00fc g\u00f6vd\u0259y\u0259 malikdirl\u0259r. Y\u00fcks\u0259k etibarl\u0131l\u0131q v\u0259 h\u0259ddind\u0259n art\u0131q istifad\u0259 rahatl\u0131\u011f\u0131 il\u0259 xarakteriz\u0259 olunurlar.<\/p>\n","protected":false},"excerpt":{"rendered":"<p>Model: Jedel CP74 &#8211; Funksional erqonomik dizayn. &#8211; 3D optik si\u00e7an. &#8211; Led i\u015f\u0131qland\u0131rma. &#8211; Kabelin uzunlu\u011fu 1.35m &#8211; Uy\u011funluq: Windows XP\/7\/8\/10\/Vista, Mac &#8211; Jedel kompyuter si\u00e7anlar\u0131 erqonomika, rahatl\u0131q v\u0259 davaml\u0131l\u0131q \u00fc\u00e7\u00fcn optimal \u015f\u0259kild\u0259 haz\u0131rlanm\u0131\u015fd\u0131r. Onlar sensorun y\u00fcks\u0259k ay\u0131rdetm\u0259 qabiliyy\u0259tin\u0259, y\u00fcng\u00fcl \u00e7\u0259kiy\u0259 v\u0259 g\u00fccl\u00fc g\u00f6vd\u0259y\u0259 malikdirl\u0259r. Y\u00fcks\u0259k etibarl\u0131l\u0131q v\u0259 h\u0259ddind\u0259n art\u0131q istifad\u0259 rahatl\u0131\u011f\u0131 il\u0259 xarakteriz\u0259&hellip;<\/p>\n","protected":false},"featured_media":19240,"comment_status":"open","ping_status":"closed","template":"","meta":[],"product_cat":[3508],"product_tag":[3560,3558,3563,3672,3566,3556,3671,3565,3179,3668,3569,3559,3567,3562,3519,3568,3561,3564],"class_list":{"0":"post-19239","1":"product","2":"type-product","3":"status-publish","4":"has-post-thumbnail","6":"product_cat-klavyatura-v-sicanlar","7":"product_tag-1-35mkabel","8":"product_tag-3doptiksican","9":"product_tag-davamlisican","10":"product_tag-erqonomiksican","11":"product_tag-gamingmouse","12":"product_tag-jedel","13":"product_tag-jedelcp74","14":"product_tag-kompyutersicanlari","15":"product_tag-ledisiqlandirma","16":"product_tag-macuygun","17":"product_tag-mousesetup","18":"product_tag-naqillisican","19":"product_tag-officemouse","20":"product_tag-optiksensor","21":"product_tag-rahatistifad","22":"product_tag-sicantexnologiyalari","23":"product_tag-windowsuygun","24":"product_tag-yuksketibarliliq","25":"description-off","27":"first","28":"instock","29":"shipping-taxable","30":"purchasable","31":"product-type-simple"},"_links":{"self":[{"href":"https:\/\/setap.az\/index.php?rest_route=\/wp\/v2\/product\/19239","targetHints":{"allow":["GET"]}}],"collection":[{"href":"https:\/\/setap.az\/index.php?rest_route=\/wp\/v2\/product"}],"about":[{"href":"https:\/\/setap.az\/index.php?rest_route=\/wp\/v2\/types\/product"}],"replies":[{"embeddable":true,"href":"https:\/\/setap.az\/index.php?rest_route=%2Fwp%2Fv2%2Fcomments&post=19239"}],"wp:featuredmedia":[{"embeddable":true,"href":"https:\/\/setap.az\/index.php?rest_route=\/wp\/v2\/media\/19240"}],"wp:attachment":[{"href":"https:\/\/setap.az\/index.php?rest_route=%2Fwp%2Fv2%2Fmedia&parent=19239"}],"wp:term":[{"taxonomy":"product_cat","embeddable":true,"href":"https:\/\/setap.az\/index.php?rest_route=%2Fwp%2Fv2%2Fproduct_cat&post=19239"},{"taxonomy":"product_tag","embeddable":true,"href":"https:\/\/setap.az\/index.php?rest_route=%2Fwp%2Fv2%2Fproduct_tag&post=19239"}],"curies":[{"name":"wp","href":"https:\/\/api.w.org\/{rel}","templated":true}]}}