{"id":19244,"date":"2025-05-16T13:02:43","date_gmt":"2025-05-16T09:02:43","guid":{"rendered":"https:\/\/setap.az\/?post_type=product&#038;p=19244"},"modified":"2025-06-21T12:43:20","modified_gmt":"2025-06-21T08:43:20","slug":"micuso-mos-372","status":"publish","type":"product","link":"https:\/\/setap.az\/?product=micuso-mos-372","title":{"rendered":"M\u0130CUSO MOS-372"},"content":{"rendered":"<p>Naqilli si\u00e7an Model: M\u0130CUSO MOS-372<br \/>\n&#8211; \u0130\u015f, oyun v\u0259 ya g\u00fcnd\u0259lik istifad\u0259 \u00fc\u00e7\u00fcn m\u00fck\u0259mm\u0259l olan bu z\u0259rif si\u00e7an rahatl\u0131\u011f\u0131, y\u00fcks\u0259k performans\u0131 v\u0259 d\u0259qiqliyi \u00f6z\u00fcnd\u0259 birl\u0259\u015fdirir.<br \/>\n&#8211; MOS-372U ist\u0259nil\u0259n s\u0259th\u0259 d\u0259qiq h\u0259r\u0259k\u0259ti t\u0259min ed\u0259n qabaqc\u0131l optik sensora malikdir.<br \/>\n&#8211; Onun erqonomik formas\u0131 v\u0259 y\u00fcng\u00fcl qurulu\u015fu uzunm\u00fcdd\u0259tli istifad\u0259 \u00fc\u00e7\u00fcn rahatl\u0131q t\u0259min edir, davaml\u0131 simli \u0259laq\u0259 is\u0259 gecikm\u0259siz i\u015fl\u0259m\u0259y\u0259 z\u0259man\u0259t verir.<br \/>\n&#8211; Kabel uzunlu\u011fu: 1.4m<\/p>\n","protected":false},"excerpt":{"rendered":"<p>Naqilli si\u00e7an Model: M\u0130CUSO MOS-372 &#8211; \u0130\u015f, oyun v\u0259 ya g\u00fcnd\u0259lik istifad\u0259 \u00fc\u00e7\u00fcn m\u00fck\u0259mm\u0259l olan bu z\u0259rif si\u00e7an rahatl\u0131\u011f\u0131, y\u00fcks\u0259k performans\u0131 v\u0259 d\u0259qiqliyi \u00f6z\u00fcnd\u0259 birl\u0259\u015fdirir. &#8211; MOS-372U ist\u0259nil\u0259n s\u0259th\u0259 d\u0259qiq h\u0259r\u0259k\u0259ti t\u0259min ed\u0259n qabaqc\u0131l optik sensora malikdir. &#8211; Onun erqonomik formas\u0131 v\u0259 y\u00fcng\u00fcl qurulu\u015fu uzunm\u00fcdd\u0259tli istifad\u0259 \u00fc\u00e7\u00fcn rahatl\u0131q t\u0259min edir, davaml\u0131 simli \u0259laq\u0259 is\u0259 gecikm\u0259siz&hellip;<\/p>\n","protected":false},"featured_media":19245,"comment_status":"open","ping_status":"closed","template":"","meta":[],"product_cat":[3508],"product_tag":[3684,3685,3681,3672,3566,3328,3683,3679,3680,3569,3686,3559,3567,3562,3682,3519,3011],"class_list":{"0":"post-19244","1":"product","2":"type-product","3":"status-publish","4":"has-post-thumbnail","6":"product_cat-klavyatura-v-sicanlar","7":"product_tag-1-4mkabel","8":"product_tag-davamlielaq","9":"product_tag-dqiqhrkt","10":"product_tag-erqonomiksican","11":"product_tag-gamingmouse","12":"product_tag-gundlikistifad","13":"product_tag-issicani","14":"product_tag-micuso","15":"product_tag-micusomos372u","16":"product_tag-mousesetup","17":"product_tag-mousetexnologiyalari","18":"product_tag-naqillisican","19":"product_tag-officemouse","20":"product_tag-optiksensor","21":"product_tag-oyunsicani","22":"product_tag-rahatistifad","23":"product_tag-yukskperformans","24":"description-off","26":"first","27":"instock","28":"shipping-taxable","29":"purchasable","30":"product-type-simple"},"_links":{"self":[{"href":"https:\/\/setap.az\/index.php?rest_route=\/wp\/v2\/product\/19244","targetHints":{"allow":["GET"]}}],"collection":[{"href":"https:\/\/setap.az\/index.php?rest_route=\/wp\/v2\/product"}],"about":[{"href":"https:\/\/setap.az\/index.php?rest_route=\/wp\/v2\/types\/product"}],"replies":[{"embeddable":true,"href":"https:\/\/setap.az\/index.php?rest_route=%2Fwp%2Fv2%2Fcomments&post=19244"}],"wp:featuredmedia":[{"embeddable":true,"href":"https:\/\/setap.az\/index.php?rest_route=\/wp\/v2\/media\/19245"}],"wp:attachment":[{"href":"https:\/\/setap.az\/index.php?rest_route=%2Fwp%2Fv2%2Fmedia&parent=19244"}],"wp:term":[{"taxonomy":"product_cat","embeddable":true,"href":"https:\/\/setap.az\/index.php?rest_route=%2Fwp%2Fv2%2Fproduct_cat&post=19244"},{"taxonomy":"product_tag","embeddable":true,"href":"https:\/\/setap.az\/index.php?rest_route=%2Fwp%2Fv2%2Fproduct_tag&post=19244"}],"curies":[{"name":"wp","href":"https:\/\/api.w.org\/{rel}","templated":true}]}}