{"id":19249,"date":"2025-05-16T13:16:56","date_gmt":"2025-05-16T09:16:56","guid":{"rendered":"https:\/\/setap.az\/?post_type=product&#038;p=19249"},"modified":"2025-06-26T14:29:54","modified_gmt":"2025-06-26T10:29:54","slug":"oyun-sicani-jedel-gm-660","status":"publish","type":"product","link":"https:\/\/setap.az\/?product=oyun-sicani-jedel-gm-660","title":{"rendered":"Oyun si\u00e7an\u0131  Jedel GM 660"},"content":{"rendered":"<p>Model: Jedel GM 660<br \/>\n&#8211; Kabel uzunlu\u011fu: 1.5m<br \/>\n&#8211; DP\u01306 800-1600-2400-3200<br \/>\n&#8211; D\u00fcym\u0259l\u0259rin say\u0131: 8<br \/>\n&#8211; Oyun LED si\u00e7an\u0131.<\/p>\n","protected":false},"excerpt":{"rendered":"<p>Model: Jedel GM 660 &#8211; Kabel uzunlu\u011fu: 1.5m &#8211; DP\u01306 800-1600-2400-3200 &#8211; D\u00fcym\u0259l\u0259rin say\u0131: 8 &#8211; Oyun LED si\u00e7an\u0131.<\/p>\n","protected":false},"featured_media":19250,"comment_status":"open","ping_status":"closed","template":"","meta":[],"product_cat":[3508],"product_tag":[3692,3697,3672,3694,3566,3698,3556,3696,3699,3179,3700,3569,3682,3693],"class_list":{"0":"post-19249","1":"product","2":"type-product","3":"status-publish","4":"has-post-thumbnail","6":"product_cat-klavyatura-v-sicanlar","7":"product_tag-1-5mkabel","8":"product_tag-8duym","9":"product_tag-erqonomiksican","10":"product_tag-gaminggear","11":"product_tag-gamingmouse","12":"product_tag-highprecisionmouse","13":"product_tag-jedel","14":"product_tag-jedelgm660","15":"product_tag-ledgamingmouse","16":"product_tag-ledisiqlandirma","17":"product_tag-mousecontrol","18":"product_tag-mousesetup","19":"product_tag-oyunsicani","20":"product_tag-oyuntexnologiyalari","21":"description-off","23":"first","24":"instock","25":"shipping-taxable","26":"purchasable","27":"product-type-simple"},"_links":{"self":[{"href":"https:\/\/setap.az\/index.php?rest_route=\/wp\/v2\/product\/19249","targetHints":{"allow":["GET"]}}],"collection":[{"href":"https:\/\/setap.az\/index.php?rest_route=\/wp\/v2\/product"}],"about":[{"href":"https:\/\/setap.az\/index.php?rest_route=\/wp\/v2\/types\/product"}],"replies":[{"embeddable":true,"href":"https:\/\/setap.az\/index.php?rest_route=%2Fwp%2Fv2%2Fcomments&post=19249"}],"wp:featuredmedia":[{"embeddable":true,"href":"https:\/\/setap.az\/index.php?rest_route=\/wp\/v2\/media\/19250"}],"wp:attachment":[{"href":"https:\/\/setap.az\/index.php?rest_route=%2Fwp%2Fv2%2Fmedia&parent=19249"}],"wp:term":[{"taxonomy":"product_cat","embeddable":true,"href":"https:\/\/setap.az\/index.php?rest_route=%2Fwp%2Fv2%2Fproduct_cat&post=19249"},{"taxonomy":"product_tag","embeddable":true,"href":"https:\/\/setap.az\/index.php?rest_route=%2Fwp%2Fv2%2Fproduct_tag&post=19249"}],"curies":[{"name":"wp","href":"https:\/\/api.w.org\/{rel}","templated":true}]}}