{"id":19255,"date":"2025-05-16T14:16:35","date_gmt":"2025-05-16T10:16:35","guid":{"rendered":"https:\/\/setap.az\/?post_type=product&#038;p=19255"},"modified":"2026-01-07T16:41:28","modified_gmt":"2026-01-07T12:41:28","slug":"hikvision-musahid%c9%99-kamerasi-ds-2cd2123g2-i","status":"publish","type":"product","link":"https:\/\/setap.az\/?product=hikvision-musahid%c9%99-kamerasi-ds-2cd2123g2-i","title":{"rendered":"Hikvision  DS-2CD2123G2-I 2MP IP kamera"},"content":{"rendered":"<p>Model: DS-2CD2123G2-I<br \/>\n&#8211; Matris n\u00f6v\u00fc v\u0259 \u00f6l\u00e7\u00fcs\u00fc: 1\/29&#8243; Progressive Scan CMOS<br \/>\n&#8211; Korpus tipi: Q\u00fcbb\u0259li<br \/>\n&#8211; Video m\u00fc\u015fahid\u0259 keyfiyy\u0259ti: 2MP<br \/>\n&#8211; Fokus m\u0259saf\u0259si v\u0259 \u00e7\u0259kili\u015f buca\u011f\u0131: 2.8mm\/107*<br \/>\n&#8211; Gec\u0259 g\u00f6r\u00fcnt\u00fcs\u00fc \u0130nfraq\u0131rm\u0131z\u0131 sensor<br \/>\n&#8211; Gec\u0259 g\u00f6r\u00fcnt\u00fcs\u00fc: 30m-\u0259 q\u0259d\u0259r<br \/>\n&#8211; Su v\u0259 tozdan qorunma standart\u0131: IP6<br \/>\n&#8211; Mikrafon \u0259lav\u0259 etm\u0259k imkan\u0131<br \/>\n&#8211; MicroSD yadda\u015f kart\u0131 yuvas\u0131: 256GB<br \/>\n&#8211; G\u00fcc istehlak\u0131: 12V\/6W<br \/>\n&#8211; \u00d6l\u00e7\u00fcl\u0259r: 121.4 x 92.2mm<br \/>\n&#8211; Minimal v\u0259 maksimal i\u015f\u00e7i temperatur: -30*C\/+60*C<\/p>\n","protected":false},"excerpt":{"rendered":"<p>Model: DS-2CD2123G2-I &#8211; Matris n\u00f6v\u00fc v\u0259 \u00f6l\u00e7\u00fcs\u00fc: 1\/29&#8243; Progressive Scan CMOS &#8211; Korpus tipi: Q\u00fcbb\u0259li &#8211; Video m\u00fc\u015fahid\u0259 keyfiyy\u0259ti: 2MP &#8211; Fokus m\u0259saf\u0259si v\u0259 \u00e7\u0259kili\u015f buca\u011f\u0131: 2.8mm\/107* &#8211; Gec\u0259 g\u00f6r\u00fcnt\u00fcs\u00fc \u0130nfraq\u0131rm\u0131z\u0131 sensor &#8211; Gec\u0259 g\u00f6r\u00fcnt\u00fcs\u00fc: 30m-\u0259 q\u0259d\u0259r &#8211; Su v\u0259 tozdan qorunma standart\u0131: IP6 &#8211; Mikrafon \u0259lav\u0259 etm\u0259k imkan\u0131 &#8211; MicroSD yadda\u015f kart\u0131 yuvas\u0131: 256GB&hellip;<\/p>\n","protected":false},"featured_media":19256,"comment_status":"open","ping_status":"closed","template":"","meta":[],"product_cat":[4016,2849],"product_tag":[3382,3132,2941,3379,3380,3381,3716,3260,2939,2934,3378,3135,3142,3071],"class_list":{"0":"post-19255","1":"product","2":"type-product","3":"status-publish","4":"has-post-thumbnail","6":"product_cat-hikvision","7":"product_cat-videokameralar","8":"product_tag-camerainstallation","9":"product_tag-cctv","10":"product_tag-hikvision","11":"product_tag-hikvisioncamera","12":"product_tag-hikvisionsecurity","13":"product_tag-hikvisionsystem","14":"product_tag-homesecurityhikvisiontechnologyvideosurveillancehikvisionsolutionshikvisioncctvsumqayithikvisionmusahidkamerasisumqayithikvisionmusahidkamerasi","15":"product_tag-ipcamera","16":"product_tag-securitycamera","17":"product_tag-smartsecurity","18":"product_tag-sumqayithikvision","19":"product_tag-surveillance","20":"product_tag-thluksizlik","21":"product_tag-thluksizlikkameralari","22":"description-off","24":"first","25":"instock","26":"shipping-taxable","27":"purchasable","28":"product-type-simple"},"_links":{"self":[{"href":"https:\/\/setap.az\/index.php?rest_route=\/wp\/v2\/product\/19255","targetHints":{"allow":["GET"]}}],"collection":[{"href":"https:\/\/setap.az\/index.php?rest_route=\/wp\/v2\/product"}],"about":[{"href":"https:\/\/setap.az\/index.php?rest_route=\/wp\/v2\/types\/product"}],"replies":[{"embeddable":true,"href":"https:\/\/setap.az\/index.php?rest_route=%2Fwp%2Fv2%2Fcomments&post=19255"}],"wp:featuredmedia":[{"embeddable":true,"href":"https:\/\/setap.az\/index.php?rest_route=\/wp\/v2\/media\/19256"}],"wp:attachment":[{"href":"https:\/\/setap.az\/index.php?rest_route=%2Fwp%2Fv2%2Fmedia&parent=19255"}],"wp:term":[{"taxonomy":"product_cat","embeddable":true,"href":"https:\/\/setap.az\/index.php?rest_route=%2Fwp%2Fv2%2Fproduct_cat&post=19255"},{"taxonomy":"product_tag","embeddable":true,"href":"https:\/\/setap.az\/index.php?rest_route=%2Fwp%2Fv2%2Fproduct_tag&post=19255"}],"curies":[{"name":"wp","href":"https:\/\/api.w.org\/{rel}","templated":true}]}}