{"id":19259,"date":"2025-05-16T15:08:12","date_gmt":"2025-05-16T11:08:12","guid":{"rendered":"https:\/\/setap.az\/?post_type=product&#038;p=19259"},"modified":"2026-01-10T17:33:29","modified_gmt":"2026-01-10T13:33:29","slug":"hikvision-ds-2cd2821go","status":"publish","type":"product","link":"https:\/\/setap.az\/?product=hikvision-ds-2cd2821go","title":{"rendered":"Hikvision DS-2CD2821GO 2MP IP Kamera"},"content":{"rendered":"<p>Hikvision DS-2CD2821G0 2MP IP T\u0259hl\u00fck\u0259sizlk (\u015f\u0259b\u0259k\u0259) kameras\u0131.<br \/>\nBu kamera Ethernet (LAN\/PoE) vasit\u0259sil\u0259 NVR, router v\u0259 ya \u015f\u0259b\u0259k\u0259 sistemin\u0259 qo\u015fulur.<br \/>\nQ\u0259tnam\u0259: 2 MP Full HD (1920\u00d71080) q\u0259tnam\u0259.<br \/>\nSensor: 1\/2.7\u2033 Progressive Scan CMOS.<br \/>\nLens: C\/CS lens da\u015f\u0131y\u0131c\u0131s\u0131 (ist\u0259y\u0259 uy\u011fun d\u0259yi\u015fil\u0259 bil\u0259r).<br \/>\nIR cut filter: g\u00fcnd\u00fcz\/gec\u0259 avtomatik ke\u00e7id.<br \/>\nTrue WDR 120 dB: arxa v\u0259 kontrast i\u015f\u0131qda daha ayd\u0131n g\u00f6r\u00fcnt\u00fc.<br \/>\nGec\u0259g\u00f6rm\u0259: IR gec\u0259 rejimi d\u0259st\u0259kl\u0259nir (model\u0259 ba\u011fl\u0131 IR m\u0259saf\u0259si).<br \/>\nH.265+ \/ H.265 \/ H.264+ \/ H.264 kodla\u015fd\u0131rma \u2014 yadda\u015fa q\u0259na\u0259t edir.<br \/>\nDaxili mikrofon var (audio d\u0259st\u0259yi).<br \/>\nAudio I\/O v\u0259 alarm interfeysi: s\u0259s\/giri\u015f\/\u00e7\u0131x\u0131\u015f portlar\u0131 m\u00f6vcuddur.<br \/>\nEthernet (RJ45) \u2014 LAN qo\u015fulmas\u0131 \u00fc\u00e7\u00fcn.<br \/>\nPoE (802.3af) d\u0259st\u0259yi \u2014 enerji + data \u00fc\u00e7\u00fcn t\u0259k kabel istifad\u0259.<br \/>\nOn-Board Storage: microSD slot, 128 GB-a q\u0259d\u0259r yadda\u015f d\u0259st\u0259yi.<br \/>\nProtokollar: TCP\/IP, HTTP\/S, FTP, DHCP, DDNS, RTSP, SNMP v\u0259 s. (ONVIF d\u0259st\u0259yi).<br \/>\nUzaqdan bax\u0131\u015f \u00fc\u00e7\u00fcn Hik-Connect, iVMS-4200, veb-brauzer d\u0259st\u0259kl\u0259nir.<br \/>\nLine crossing, intrusion detection kimi b\u0259zi a\u011f\u0131ll\u0131 bildiri\u015fl\u0259r d\u0259st\u0259kl\u0259nir.<br \/>\nBLC \/ HLC \/ 3D-DNR &#038; dig\u0259r g\u00f6r\u00fcnt\u00fc t\u0259kmill\u0259\u015fdirm\u0259l\u0259r var.<br \/>\nKorpus: Box tipli (qutu \u015f\u0259killi) kamera.<br \/>\n\u0130qlim: b\u0259zi modell\u0259r \u00e7\u00f6ld\u0259 \u00f6rt\u00fck\/korpusla istifad\u0259 \u00fc\u00e7\u00fcn uy\u011fun, amma standart box kamera \u00fc\u00e7\u00fcn \u0259lav\u0259 dayan\u0131kl\u0131 korpus t\u00f6vsiy\u0259 olunur.<br \/>\nEnerji: PoE v\u0259 12 V DC il\u0259 i\u015fl\u0259y\u0259 bil\u0259r.<\/p>\n","protected":false},"excerpt":{"rendered":"<p>Hikvision DS-2CD2821G0 2MP IP T\u0259hl\u00fck\u0259sizlk (\u015f\u0259b\u0259k\u0259) kameras\u0131. Bu kamera Ethernet (LAN\/PoE) vasit\u0259sil\u0259 NVR, router v\u0259 ya \u015f\u0259b\u0259k\u0259 sistemin\u0259 qo\u015fulur. Q\u0259tnam\u0259: 2 MP Full HD (1920\u00d71080) q\u0259tnam\u0259. Sensor: 1\/2.7\u2033 Progressive Scan CMOS. Lens: C\/CS lens da\u015f\u0131y\u0131c\u0131s\u0131 (ist\u0259y\u0259 uy\u011fun d\u0259yi\u015fil\u0259 bil\u0259r). IR cut filter: g\u00fcnd\u00fcz\/gec\u0259 avtomatik ke\u00e7id. True WDR 120 dB: arxa v\u0259 kontrast i\u015f\u0131qda daha ayd\u0131n&hellip;<\/p>\n","protected":false},"featured_media":19260,"comment_status":"open","ping_status":"closed","template":"","meta":[],"product_cat":[4016,2803,5271,2841],"product_tag":[3382,3132,2941,3379,3380,3717,3381,3383,2937,3260,2939,2934,3378,3135,3142,3071,3384],"class_list":{"0":"post-19259","1":"product","2":"type-product","3":"status-publish","4":"has-post-thumbnail","6":"product_cat-hikvision","7":"product_cat-ip","8":"product_cat-thluksizlik-kamerasi","9":"product_cat-videonzart","10":"product_tag-camerainstallation","11":"product_tag-cctv","12":"product_tag-hikvision","13":"product_tag-hikvisioncamera","14":"product_tag-hikvisionsecurity","15":"product_tag-hikvisionsolutionshikvisioncctvsumqayithikvisionmusahidkamerasi","16":"product_tag-hikvisionsystem","17":"product_tag-hikvisiontechnology","18":"product_tag-homesecurity","19":"product_tag-ipcamera","20":"product_tag-securitycamera","21":"product_tag-smartsecurity","22":"product_tag-sumqayithikvision","23":"product_tag-surveillance","24":"product_tag-thluksizlik","25":"product_tag-thluksizlikkameralari","26":"product_tag-videosurveillance","27":"description-off","29":"first","30":"instock","31":"shipping-taxable","32":"purchasable","33":"product-type-simple"},"_links":{"self":[{"href":"https:\/\/setap.az\/index.php?rest_route=\/wp\/v2\/product\/19259","targetHints":{"allow":["GET"]}}],"collection":[{"href":"https:\/\/setap.az\/index.php?rest_route=\/wp\/v2\/product"}],"about":[{"href":"https:\/\/setap.az\/index.php?rest_route=\/wp\/v2\/types\/product"}],"replies":[{"embeddable":true,"href":"https:\/\/setap.az\/index.php?rest_route=%2Fwp%2Fv2%2Fcomments&post=19259"}],"wp:featuredmedia":[{"embeddable":true,"href":"https:\/\/setap.az\/index.php?rest_route=\/wp\/v2\/media\/19260"}],"wp:attachment":[{"href":"https:\/\/setap.az\/index.php?rest_route=%2Fwp%2Fv2%2Fmedia&parent=19259"}],"wp:term":[{"taxonomy":"product_cat","embeddable":true,"href":"https:\/\/setap.az\/index.php?rest_route=%2Fwp%2Fv2%2Fproduct_cat&post=19259"},{"taxonomy":"product_tag","embeddable":true,"href":"https:\/\/setap.az\/index.php?rest_route=%2Fwp%2Fv2%2Fproduct_tag&post=19259"}],"curies":[{"name":"wp","href":"https:\/\/api.w.org\/{rel}","templated":true}]}}