{"id":19265,"date":"2025-05-16T15:30:14","date_gmt":"2025-05-16T11:30:14","guid":{"rendered":"https:\/\/setap.az\/?post_type=product&#038;p=19265"},"modified":"2026-01-10T17:29:14","modified_gmt":"2026-01-10T13:29:14","slug":"hikvision-ds-2cd1043g2-i","status":"publish","type":"product","link":"https:\/\/setap.az\/?product=hikvision-ds-2cd1043g2-i","title":{"rendered":"Hikvision DS-2CD1043G2-I 4MP IP Kamera"},"content":{"rendered":"<p>Hikvision DS-2CD1043G2-I 4MP IP T\u0259hl\u00fck\u0259sizlik Kameras\u0131<br \/>\n&#8211; Matris n\u00f6v\u00fc v\u0259 \u00f6l\u00e7\u00fcs\u00fc: 1\/3 Progressive Scan CMOS<br \/>\n&#8211; Korpus tipi: Silindir<br \/>\n&#8211; Video m\u00fc\u015fahid\u0259 n\u00f6v\u00fc: 2560 x 1440<br \/>\n&#8211; MikroSD kart yuvas\u0131: 256 GB<br \/>\n&#8211; Qura\u015fd\u0131r\u0131lm\u0131\u015f mikrafon: Var<br \/>\n&#8211; Insan v\u0259 n\u0259qliyyat vasit\u0259si a\u015fkarlanmas\u0131 (MD 2.0).<br \/>\n&#8211; H\u0259r\u0259k\u0259t a\u015fkarlanmas\u0131 v\u0259 obyekt n\u00f6vl\u0259rin\u0259 g\u00f6r\u0259 filtrasiya.<br \/>\n&#8211; G\u00f6r\u00fcnt\u00fc keyfiyy\u0259ti: 4MP<br \/>\n&#8211; Fokus m\u0259saf\u0259si v\u0259 \u00e7\u0259kili\u015f buca\u011f\u0131:2.8mm\/99*<br \/>\n&#8211; Gec\u0259 g\u00f6r\u00fc\u015f m\u0259saf\u0259si: 30m<br \/>\n&#8211; Qorunma d\u0259r\u0259c\u0259si: IP67<br \/>\n&#8211; \u0130\u015f temperaturu: -30*C\/+60<\/p>\n","protected":false},"excerpt":{"rendered":"<p>Hikvision DS-2CD1043G2-I 4MP IP T\u0259hl\u00fck\u0259sizlik Kameras\u0131 &#8211; Matris n\u00f6v\u00fc v\u0259 \u00f6l\u00e7\u00fcs\u00fc: 1\/3 Progressive Scan CMOS &#8211; Korpus tipi: Silindir &#8211; Video m\u00fc\u015fahid\u0259 n\u00f6v\u00fc: 2560 x 1440 &#8211; MikroSD kart yuvas\u0131: 256 GB &#8211; Qura\u015fd\u0131r\u0131lm\u0131\u015f mikrafon: Var &#8211; Insan v\u0259 n\u0259qliyyat vasit\u0259si a\u015fkarlanmas\u0131 (MD 2.0). &#8211; H\u0259r\u0259k\u0259t a\u015fkarlanmas\u0131 v\u0259 obyekt n\u00f6vl\u0259rin\u0259 g\u00f6r\u0259 filtrasiya. &#8211; G\u00f6r\u00fcnt\u00fc keyfiyy\u0259ti:&hellip;<\/p>\n","protected":false},"featured_media":19266,"comment_status":"open","ping_status":"closed","template":"","meta":[],"product_cat":[4016,2803,5271,2841],"product_tag":[3382,3132,2941,3379,2942,3380,3385,3381,3383,2937,3260,2939,2934,3718,3378,3135,3142,3071,3384],"class_list":{"0":"post-19265","1":"product","2":"type-product","3":"status-publish","4":"has-post-thumbnail","6":"product_cat-hikvision","7":"product_cat-ip","8":"product_cat-thluksizlik-kamerasi","9":"product_cat-videonzart","10":"product_tag-camerainstallation","11":"product_tag-cctv","12":"product_tag-hikvision","13":"product_tag-hikvisioncamera","14":"product_tag-hikvisioncctv","15":"product_tag-hikvisionsecurity","16":"product_tag-hikvisionsolutions","17":"product_tag-hikvisionsystem","18":"product_tag-hikvisiontechnology","19":"product_tag-homesecurity","20":"product_tag-ipcamera","21":"product_tag-securitycamera","22":"product_tag-smartsecurity","23":"product_tag-sumqayithikvisionmusahidkamerasi","24":"product_tag-sumqayithikvision","25":"product_tag-surveillance","26":"product_tag-thluksizlik","27":"product_tag-thluksizlikkameralari","28":"product_tag-videosurveillance","29":"description-off","31":"first","32":"instock","33":"shipping-taxable","34":"purchasable","35":"product-type-simple"},"_links":{"self":[{"href":"https:\/\/setap.az\/index.php?rest_route=\/wp\/v2\/product\/19265","targetHints":{"allow":["GET"]}}],"collection":[{"href":"https:\/\/setap.az\/index.php?rest_route=\/wp\/v2\/product"}],"about":[{"href":"https:\/\/setap.az\/index.php?rest_route=\/wp\/v2\/types\/product"}],"replies":[{"embeddable":true,"href":"https:\/\/setap.az\/index.php?rest_route=%2Fwp%2Fv2%2Fcomments&post=19265"}],"wp:featuredmedia":[{"embeddable":true,"href":"https:\/\/setap.az\/index.php?rest_route=\/wp\/v2\/media\/19266"}],"wp:attachment":[{"href":"https:\/\/setap.az\/index.php?rest_route=%2Fwp%2Fv2%2Fmedia&parent=19265"}],"wp:term":[{"taxonomy":"product_cat","embeddable":true,"href":"https:\/\/setap.az\/index.php?rest_route=%2Fwp%2Fv2%2Fproduct_cat&post=19265"},{"taxonomy":"product_tag","embeddable":true,"href":"https:\/\/setap.az\/index.php?rest_route=%2Fwp%2Fv2%2Fproduct_tag&post=19265"}],"curies":[{"name":"wp","href":"https:\/\/api.w.org\/{rel}","templated":true}]}}