{"id":19271,"date":"2025-05-16T15:38:10","date_gmt":"2025-05-16T11:38:10","guid":{"rendered":"https:\/\/setap.az\/?post_type=product&#038;p=19271"},"modified":"2026-01-10T17:21:19","modified_gmt":"2026-01-10T13:21:19","slug":"hikvision-ds-2cd1043g2-iuf","status":"publish","type":"product","link":"https:\/\/setap.az\/?product=hikvision-ds-2cd1043g2-iuf","title":{"rendered":"Hikvision DS-2CD1043G2-IUF 4MP IP Kamera"},"content":{"rendered":"<p>Hikvision DS-2CD1043G2-IUF \u2014 bu IP (\u015f\u0259b\u0259k\u0259) T\u0259hl\u00fck\u0259sizlik kameras\u0131<br \/>\n\u2714 \u015e\u0259b\u0259k\u0259\/IP kamera<br \/>\n\u2714 4 MP y\u00fcks\u0259k q\u0259tnam\u0259<br \/>\n\u2714 PoE d\u0259st\u0259yi il\u0259 bir kabeld\u0259n enerji + data<br \/>\n\u2714 \u00c7\u00f6l v\u0259 daxili istifad\u0259 \u00fc\u00e7\u00fcn uy\u011fundur (IP67)<br \/>\nQ\u0259tnam\u0259: 4 MP (\u22482560 \u00d7 1440) \u2014 daha ayd\u0131n v\u0259 detall\u0131 g\u00f6r\u00fcnt\u00fc.<br \/>\nSensor: 1\/3\u2033 Progressive Scan CM\u041eS \u2014 keyfiyy\u0259tli g\u00f6r\u00fcnt\u00fc emal\u0131.<br \/>\nLens: Sabit 2.8 mm (t\u0259xmin\u0259n 106\u00b0 \u00fcf\u00fcqi bax\u0131\u015f buca\u011f\u0131) \u2014 geni\u015f g\u00f6r\u00fcnt\u00fc sah\u0259si.<br \/>\nIR gec\u0259g\u00f6rm\u0259: t\u0259xmin\u0259n 30 m m\u0259saf\u0259y\u0259 q\u0259d\u0259r.<br \/>\nEXIR 2.0: \u0130nfraq\u0131rm\u0131z\u0131 texnologiyas\u0131 il\u0259 daha b\u0259rab\u0259r gec\u0259 i\u015f\u0131\u011f\u0131.<br \/>\nWDR 120 dB: Arxa i\u015f\u0131qda bel\u0259 detall\u0131 g\u00f6r\u00fcnt\u00fc.<br \/>\nDaxili mikrofon: qeydl\u0259r zaman\u0131 s\u0259s d\u0259 qeyd edil\u0259 bil\u0259r.<br \/>\nMicroSD karta d\u0259st\u0259k: 256 GB-a q\u0259d\u0259r daxili yadda\u015f.<br \/>\nHuman &#038; Vehicle Detection (MD 2.0): \u0130nsan v\u0259 avtomobil a\u015fkarlanmas\u0131.<br \/>\nMotion Detection: H\u0259r\u0259k\u0259t a\u015fkarlama funksiyalar\u0131.<br \/>\nBLC \/ HLC \/ 3D-DNR: G\u00f6r\u00fcnt\u00fcn\u00fc daha ayd\u0131n v\u0259 s\u0259s-k\u00fcy\u00fc azaltmaq \u00fc\u00e7\u00fcn texnologiyalar.<br \/>\nEthernet: RJ45 10\/100 Mbps<br \/>\nPoE (802.3af): Enerji v\u0259 data \u00fc\u00e7\u00fcn t\u0259k kabel<br \/>\nONVIF d\u0259st\u0259yi: Dig\u0259r NVR sisteml\u0259ri il\u0259 uy\u011funluq<br \/>\nUzaqdan bax\u0131\u015f: Hik-Connect v\u0259 dig\u0259r m\u00fc\u015ft\u0259ri proqramlar\u0131 il\u0259.<br \/>\nKorpus: Metal + plastik<br \/>\n\u0130qlim\u0259 davaml\u0131l\u0131q: IP67 \u2014 su v\u0259 tozdan qorunma<br \/>\n\u0130\u015f temperaturu: t\u0259xmin\u0259n \u221230 \u00b0C \u2026 +60 \u00b0C<br \/>\nMontaj: Daxili v\u0259 a\u00e7\u0131q hava \u00fc\u00e7\u00fcn uy\u011fundur.<\/p>\n","protected":false},"excerpt":{"rendered":"<p>Hikvision DS-2CD1043G2-IUF \u2014 bu IP (\u015f\u0259b\u0259k\u0259) T\u0259hl\u00fck\u0259sizlik kameras\u0131 \u2714 \u015e\u0259b\u0259k\u0259\/IP kamera \u2714 4 MP y\u00fcks\u0259k q\u0259tnam\u0259 \u2714 PoE d\u0259st\u0259yi il\u0259 bir kabeld\u0259n enerji + data \u2714 \u00c7\u00f6l v\u0259 daxili istifad\u0259 \u00fc\u00e7\u00fcn uy\u011fundur (IP67) Q\u0259tnam\u0259: 4 MP (\u22482560 \u00d7 1440) \u2014 daha ayd\u0131n v\u0259 detall\u0131 g\u00f6r\u00fcnt\u00fc. Sensor: 1\/3\u2033 Progressive Scan CM\u041eS \u2014 keyfiyy\u0259tli g\u00f6r\u00fcnt\u00fc emal\u0131. Lens:&hellip;<\/p>\n","protected":false},"featured_media":19272,"comment_status":"open","ping_status":"closed","template":"","meta":[],"product_cat":[4016,2803,5271,2841],"product_tag":[3382,3132,2941,3379,2942,3380,3385,3381,3383,2937,3260,2939,2934,3718,3378,3135,3142,3071,3384],"class_list":{"0":"post-19271","1":"product","2":"type-product","3":"status-publish","4":"has-post-thumbnail","6":"product_cat-hikvision","7":"product_cat-ip","8":"product_cat-thluksizlik-kamerasi","9":"product_cat-videonzart","10":"product_tag-camerainstallation","11":"product_tag-cctv","12":"product_tag-hikvision","13":"product_tag-hikvisioncamera","14":"product_tag-hikvisioncctv","15":"product_tag-hikvisionsecurity","16":"product_tag-hikvisionsolutions","17":"product_tag-hikvisionsystem","18":"product_tag-hikvisiontechnology","19":"product_tag-homesecurity","20":"product_tag-ipcamera","21":"product_tag-securitycamera","22":"product_tag-smartsecurity","23":"product_tag-sumqayithikvisionmusahidkamerasi","24":"product_tag-sumqayithikvision","25":"product_tag-surveillance","26":"product_tag-thluksizlik","27":"product_tag-thluksizlikkameralari","28":"product_tag-videosurveillance","29":"description-off","31":"first","32":"instock","33":"shipping-taxable","34":"purchasable","35":"product-type-simple"},"_links":{"self":[{"href":"https:\/\/setap.az\/index.php?rest_route=\/wp\/v2\/product\/19271","targetHints":{"allow":["GET"]}}],"collection":[{"href":"https:\/\/setap.az\/index.php?rest_route=\/wp\/v2\/product"}],"about":[{"href":"https:\/\/setap.az\/index.php?rest_route=\/wp\/v2\/types\/product"}],"replies":[{"embeddable":true,"href":"https:\/\/setap.az\/index.php?rest_route=%2Fwp%2Fv2%2Fcomments&post=19271"}],"wp:featuredmedia":[{"embeddable":true,"href":"https:\/\/setap.az\/index.php?rest_route=\/wp\/v2\/media\/19272"}],"wp:attachment":[{"href":"https:\/\/setap.az\/index.php?rest_route=%2Fwp%2Fv2%2Fmedia&parent=19271"}],"wp:term":[{"taxonomy":"product_cat","embeddable":true,"href":"https:\/\/setap.az\/index.php?rest_route=%2Fwp%2Fv2%2Fproduct_cat&post=19271"},{"taxonomy":"product_tag","embeddable":true,"href":"https:\/\/setap.az\/index.php?rest_route=%2Fwp%2Fv2%2Fproduct_tag&post=19271"}],"curies":[{"name":"wp","href":"https:\/\/api.w.org\/{rel}","templated":true}]}}