{"id":19273,"date":"2025-05-16T15:41:03","date_gmt":"2025-05-16T11:41:03","guid":{"rendered":"https:\/\/setap.az\/?post_type=product&#038;p=19273"},"modified":"2026-01-10T17:18:13","modified_gmt":"2026-01-10T13:18:13","slug":"hikvision-ds-2cd1043g2-liu","status":"publish","type":"product","link":"https:\/\/setap.az\/?product=hikvision-ds-2cd1043g2-liu","title":{"rendered":"Hikvision DS-2CD1043G2-L\u0130U 4MP IP Kamera"},"content":{"rendered":"<p>Hikvision DS-2CD1043G2-L\u0130U 4MP IP T\u0259hl\u00fck\u0259sizlik Kameras\u0131<br \/>\n&#8211; Matris n\u00f6v\u00fc v\u0259 \u00f6l\u00e7\u00fcs\u00fc: 1\/3&#8243; Progressive Scan CMOS.<br \/>\n&#8211; \u00c7\u0259kili\u015f keyfiyy\u0259ti: 4MP<br \/>\n&#8211; Fokus m\u0259saf\u0259si: 2.8mm<br \/>\n&#8211; 0.005 Lux<br \/>\n&#8211; Hybrid Ligh<br \/>\n&#8211; Daxili mikrafon<br \/>\n&#8211; BLC, 3D DNR<br \/>\n&#8211; Gec\u0259 g\u00f6r\u00fc\u015f m\u0259saf\u0259si: 30m<br \/>\n&#8211; SD kart Yuvas\u0131: 512GB<br \/>\n&#8211; Video siqnal format\u0131: H.265+, H.265, H.264+, H.264, MJPEG \u2014 yadda\u015fa q\u0259na\u0259t edir.<br \/>\n&#8211; 20 fps 4 MP (2560\u00d71440) v\u0259 daha a\u015fa\u011f\u0131 q\u0259tnam\u0259l\u0259rd\u0259 daha \u00e7ox fps.<br \/>\n&#8211; Qorunma standart\u0131: IP67<\/p>\n","protected":false},"excerpt":{"rendered":"<p>Hikvision DS-2CD1043G2-L\u0130U 4MP IP T\u0259hl\u00fck\u0259sizlik Kameras\u0131 &#8211; Matris n\u00f6v\u00fc v\u0259 \u00f6l\u00e7\u00fcs\u00fc: 1\/3&#8243; Progressive Scan CMOS. &#8211; \u00c7\u0259kili\u015f keyfiyy\u0259ti: 4MP &#8211; Fokus m\u0259saf\u0259si: 2.8mm &#8211; 0.005 Lux &#8211; Hybrid Ligh &#8211; Daxili mikrafon &#8211; BLC, 3D DNR &#8211; Gec\u0259 g\u00f6r\u00fc\u015f m\u0259saf\u0259si: 30m &#8211; SD kart Yuvas\u0131: 512GB &#8211; Video siqnal format\u0131: H.265+, H.265, H.264+, H.264, MJPEG&hellip;<\/p>\n","protected":false},"featured_media":19275,"comment_status":"open","ping_status":"closed","template":"","meta":[],"product_cat":[4016,2803,5271,2841],"product_tag":[3382,3132,2941,3379,2942,3380,3385,3381,3383,2937,3260,2939,2934,3718,3378,3135,3142,3071,3384],"class_list":{"0":"post-19273","1":"product","2":"type-product","3":"status-publish","4":"has-post-thumbnail","6":"product_cat-hikvision","7":"product_cat-ip","8":"product_cat-thluksizlik-kamerasi","9":"product_cat-videonzart","10":"product_tag-camerainstallation","11":"product_tag-cctv","12":"product_tag-hikvision","13":"product_tag-hikvisioncamera","14":"product_tag-hikvisioncctv","15":"product_tag-hikvisionsecurity","16":"product_tag-hikvisionsolutions","17":"product_tag-hikvisionsystem","18":"product_tag-hikvisiontechnology","19":"product_tag-homesecurity","20":"product_tag-ipcamera","21":"product_tag-securitycamera","22":"product_tag-smartsecurity","23":"product_tag-sumqayithikvisionmusahidkamerasi","24":"product_tag-sumqayithikvision","25":"product_tag-surveillance","26":"product_tag-thluksizlik","27":"product_tag-thluksizlikkameralari","28":"product_tag-videosurveillance","29":"description-off","31":"first","32":"instock","33":"shipping-taxable","34":"purchasable","35":"product-type-simple"},"_links":{"self":[{"href":"https:\/\/setap.az\/index.php?rest_route=\/wp\/v2\/product\/19273","targetHints":{"allow":["GET"]}}],"collection":[{"href":"https:\/\/setap.az\/index.php?rest_route=\/wp\/v2\/product"}],"about":[{"href":"https:\/\/setap.az\/index.php?rest_route=\/wp\/v2\/types\/product"}],"replies":[{"embeddable":true,"href":"https:\/\/setap.az\/index.php?rest_route=%2Fwp%2Fv2%2Fcomments&post=19273"}],"wp:featuredmedia":[{"embeddable":true,"href":"https:\/\/setap.az\/index.php?rest_route=\/wp\/v2\/media\/19275"}],"wp:attachment":[{"href":"https:\/\/setap.az\/index.php?rest_route=%2Fwp%2Fv2%2Fmedia&parent=19273"}],"wp:term":[{"taxonomy":"product_cat","embeddable":true,"href":"https:\/\/setap.az\/index.php?rest_route=%2Fwp%2Fv2%2Fproduct_cat&post=19273"},{"taxonomy":"product_tag","embeddable":true,"href":"https:\/\/setap.az\/index.php?rest_route=%2Fwp%2Fv2%2Fproduct_tag&post=19273"}],"curies":[{"name":"wp","href":"https:\/\/api.w.org\/{rel}","templated":true}]}}