{"id":19276,"date":"2025-05-16T15:43:31","date_gmt":"2025-05-16T11:43:31","guid":{"rendered":"https:\/\/setap.az\/?post_type=product&#038;p=19276"},"modified":"2026-01-10T17:11:55","modified_gmt":"2026-01-10T13:11:55","slug":"hikvision-ds-2cd1047g2-l","status":"publish","type":"product","link":"https:\/\/setap.az\/?product=hikvision-ds-2cd1047g2-l","title":{"rendered":"Hikvision DS-2CD1047G2-L 4MP IP Kamera"},"content":{"rendered":"<p>Hikvision DS-2CD1047G2-L 4MP IP T\u0259hl\u00fck\u0259sizlik Kameras\u0131<br \/>\nBu kamera t\u0259hl\u00fck\u0259sizlik v\u0259 m\u00fc\u015fahid\u0259 \u00fc\u00e7\u00fcn \u015f\u0259b\u0259k\u0259 IP kamerad\u0131r \u2014 24\/7 y\u00fcks\u0259k keyfiyy\u0259tli g\u00f6r\u00fcnt\u00fc, a\u011f\u0131ll\u0131 deteksiya, gec\u0259 rejimi v\u0259 PoE d\u0259st\u0259yi il\u0259 effektivdir.<br \/>\n&#8211; Matris n\u00f6v\u00fc v\u0259 \u00f6l\u00e7\u00fcs\u00fc: 1\/3 Progressive Scan CMOS<br \/>\n&#8211; Korpus tipi: Silindir<br \/>\n&#8211; Video m\u00fc\u015fahid\u0259 keyfiyy\u0259ti: 2560 x 1440<br \/>\n&#8211; G\u00f6r\u00fcnt\u00fc keyfiyy\u0259ti: 4MP<br \/>\n&#8211; Fokus m\u0259saf\u0259si v\u0259 \u00e7\u0259kili\u015f buca\u011f\u0131: 2.8mm \/ 98*<br \/>\n&#8211; Gec\u0259 g\u00f6r\u00fcnt\u00fcs\u00fc: LED -r\u0259ngli<br \/>\n&#8211; R\u0259ngli g\u00f6r\u00fcnt\u00fc: G\u00fcn v\u0259 gec\u0259 boyunca r\u0259ngli g\u00f6r\u00fcnt\u00fc (ColorVu texnologiyas\u0131) \u2014 h\u0259tta az i\u015f\u0131qda bel\u0259 ayd\u0131n olur<br \/>\n&#8211; Gec\u0259 g\u00f6r\u00fcnt\u00fc m\u0259saf\u0259si: 30m<br \/>\n&#8211; Qura\u015fd\u0131r\u0131lm\u0131\u015f mikrafon<br \/>\n&#8211; SD kart Yuvas\u0131 256GB<br \/>\n&#8211; Su v\u0259 tozdan qorunma standart\u0131: IP 67<br \/>\n&#8211; \u0130\u015f temperaturu: -30*C\/60*C<\/p>\n","protected":false},"excerpt":{"rendered":"<p>Hikvision DS-2CD1047G2-L 4MP IP T\u0259hl\u00fck\u0259sizlik Kameras\u0131 Bu kamera t\u0259hl\u00fck\u0259sizlik v\u0259 m\u00fc\u015fahid\u0259 \u00fc\u00e7\u00fcn \u015f\u0259b\u0259k\u0259 IP kamerad\u0131r \u2014 24\/7 y\u00fcks\u0259k keyfiyy\u0259tli g\u00f6r\u00fcnt\u00fc, a\u011f\u0131ll\u0131 deteksiya, gec\u0259 rejimi v\u0259 PoE d\u0259st\u0259yi il\u0259 effektivdir. &#8211; Matris n\u00f6v\u00fc v\u0259 \u00f6l\u00e7\u00fcs\u00fc: 1\/3 Progressive Scan CMOS &#8211; Korpus tipi: Silindir &#8211; Video m\u00fc\u015fahid\u0259 keyfiyy\u0259ti: 2560 x 1440 &#8211; G\u00f6r\u00fcnt\u00fc keyfiyy\u0259ti: 4MP &#8211; Fokus&hellip;<\/p>\n","protected":false},"featured_media":19277,"comment_status":"open","ping_status":"closed","template":"","meta":[],"product_cat":[4016,2803,5271,2841],"product_tag":[3382,3132,2941,3379,2942,3380,3385,3381,3383,2937,3260,2939,2934,3718,3378,3135,3142,3071,3384],"class_list":{"0":"post-19276","1":"product","2":"type-product","3":"status-publish","4":"has-post-thumbnail","6":"product_cat-hikvision","7":"product_cat-ip","8":"product_cat-thluksizlik-kamerasi","9":"product_cat-videonzart","10":"product_tag-camerainstallation","11":"product_tag-cctv","12":"product_tag-hikvision","13":"product_tag-hikvisioncamera","14":"product_tag-hikvisioncctv","15":"product_tag-hikvisionsecurity","16":"product_tag-hikvisionsolutions","17":"product_tag-hikvisionsystem","18":"product_tag-hikvisiontechnology","19":"product_tag-homesecurity","20":"product_tag-ipcamera","21":"product_tag-securitycamera","22":"product_tag-smartsecurity","23":"product_tag-sumqayithikvisionmusahidkamerasi","24":"product_tag-sumqayithikvision","25":"product_tag-surveillance","26":"product_tag-thluksizlik","27":"product_tag-thluksizlikkameralari","28":"product_tag-videosurveillance","29":"description-off","31":"first","32":"instock","33":"shipping-taxable","34":"purchasable","35":"product-type-simple"},"_links":{"self":[{"href":"https:\/\/setap.az\/index.php?rest_route=\/wp\/v2\/product\/19276","targetHints":{"allow":["GET"]}}],"collection":[{"href":"https:\/\/setap.az\/index.php?rest_route=\/wp\/v2\/product"}],"about":[{"href":"https:\/\/setap.az\/index.php?rest_route=\/wp\/v2\/types\/product"}],"replies":[{"embeddable":true,"href":"https:\/\/setap.az\/index.php?rest_route=%2Fwp%2Fv2%2Fcomments&post=19276"}],"wp:featuredmedia":[{"embeddable":true,"href":"https:\/\/setap.az\/index.php?rest_route=\/wp\/v2\/media\/19277"}],"wp:attachment":[{"href":"https:\/\/setap.az\/index.php?rest_route=%2Fwp%2Fv2%2Fmedia&parent=19276"}],"wp:term":[{"taxonomy":"product_cat","embeddable":true,"href":"https:\/\/setap.az\/index.php?rest_route=%2Fwp%2Fv2%2Fproduct_cat&post=19276"},{"taxonomy":"product_tag","embeddable":true,"href":"https:\/\/setap.az\/index.php?rest_route=%2Fwp%2Fv2%2Fproduct_tag&post=19276"}],"curies":[{"name":"wp","href":"https:\/\/api.w.org\/{rel}","templated":true}]}}