{"id":19278,"date":"2025-05-16T15:51:28","date_gmt":"2025-05-16T11:51:28","guid":{"rendered":"https:\/\/setap.az\/?post_type=product&#038;p=19278"},"modified":"2025-05-16T15:51:28","modified_gmt":"2025-05-16T11:51:28","slug":"klavyatura-v%c9%99-sican-model-km-5003","status":"publish","type":"product","link":"https:\/\/setap.az\/?product=klavyatura-v%c9%99-sican-model-km-5003","title":{"rendered":"Klavyatura v\u0259 si\u00e7an Model: KM 5003"},"content":{"rendered":"<p>Klavyatura v\u0259 si\u00e7an<br \/>\nModel: KM 5003<br \/>\n\u018fsas X\u00fcsusiyy\u0259tl\u0259r<br \/>\nSimli ba\u011flant\u0131: USB interfeysi il\u0259 komp\u00fcter\u0259 v\u0259 ya noutbuka asanl\u0131qla qo\u015fulur.<br \/>\n\u2714Klaviatura:<br \/>\n104 d\u00fcym\u0259: Tam \u00f6l\u00e7\u00fcl\u00fc klaviatura, daxilolma v\u0259 oyun \u00fc\u00e7\u00fcn rahatl\u0131q t\u0259min edir.<br \/>\nMembran tipli d\u00fcym\u0259l\u0259r: S\u0259ssiz v\u0259 yum\u015faq basma hissi il\u0259 uzun m\u00fcdd\u0259tli istifad\u0259 \u00fc\u00e7\u00fcn uy\u011fundur.<br \/>\nLED arxa i\u015f\u0131qland\u0131rma: A\u015fa\u011f\u0131 i\u015f\u0131q \u015f\u0259raitind\u0259 bel\u0259 rahat istifad\u0259 imkan\u0131 verir.<br \/>\nMultimedia d\u00fcym\u0259l\u0259ri: S\u00fcr\u0259tli funksiyalara \u00e7\u0131x\u0131\u015f \u00fc\u00e7\u00fcn \u0259lav\u0259 d\u00fcym\u0259l\u0259r m\u00f6vcuddur.<br \/>\n\u2714Si\u00e7an:<br \/>\nErqonomik dizayn: Uzun m\u00fcdd\u0259tli istifad\u0259 zaman\u0131 \u0259lin yorulmas\u0131n\u0131n qar\u015f\u0131s\u0131n\u0131 al\u0131r.<br \/>\nY\u00fcks\u0259k h\u0259ssasl\u0131q: D\u0259qiq h\u0259r\u0259k\u0259t v\u0259 s\u00fcr\u0259tli reaksiyalar \u00fc\u00e7\u00fcn optimalla\u015fd\u0131r\u0131l\u0131b.<br \/>\nLED i\u015f\u0131qland\u0131rma: Estetik g\u00f6r\u00fcn\u00fc\u015f v\u0259 oyun atmosferi \u00fc\u00e7\u00fcn \u0259lav\u0259 i\u015f\u0131qland\u0131rma.<\/p>\n","protected":false},"excerpt":{"rendered":"<p>Klavyatura v\u0259 si\u00e7an<br \/>\nModel: KM 5003<br \/>\n-3D r\u0259ngli si\u00e7an v\u0259 klavyatura d\u0259sti.<br \/>\n-Kompakt, praktik v\u0259 \u00e7ox rahat klavyatura vaxta q\u0259na\u0259t ed\u0259r\u0259k bir ne\u00e7\u0259 \u0259sas funksiyaya tez daxil olma\u011fa imkan ver\u0259n multimediya rahat d\u00fcym\u0259l\u0259r il\u0259 t\u0259chiz edilmi\u015fdir. Si\u00e7an h\u0259ssasd\u0131r v\u0259 y\u00fcks\u0259k performansa malikdir.<\/p>\n","protected":false},"featured_media":19279,"comment_status":"open","ping_status":"closed","template":"","meta":[],"product_cat":[3508],"product_tag":[3723,3672,3719,3607,3179,3722,3720,3229,3721],"class_list":{"0":"post-19278","1":"product","2":"type-product","3":"status-publish","4":"has-post-thumbnail","6":"product_cat-klavyatura-v-sicanlar","7":"product_tag-budcdostutexnika","8":"product_tag-erqonomiksican","9":"product_tag-km5003","10":"product_tag-komputeraksesuarlari","11":"product_tag-ledisiqlandirma","12":"product_tag-multimediaduymlri","13":"product_tag-oyunklaviaturasi","14":"product_tag-plugandplay","15":"product_tag-simlidst","16":"description-off","18":"first","19":"instock","20":"shipping-taxable","21":"purchasable","22":"product-type-simple"},"_links":{"self":[{"href":"https:\/\/setap.az\/index.php?rest_route=\/wp\/v2\/product\/19278","targetHints":{"allow":["GET"]}}],"collection":[{"href":"https:\/\/setap.az\/index.php?rest_route=\/wp\/v2\/product"}],"about":[{"href":"https:\/\/setap.az\/index.php?rest_route=\/wp\/v2\/types\/product"}],"replies":[{"embeddable":true,"href":"https:\/\/setap.az\/index.php?rest_route=%2Fwp%2Fv2%2Fcomments&post=19278"}],"wp:featuredmedia":[{"embeddable":true,"href":"https:\/\/setap.az\/index.php?rest_route=\/wp\/v2\/media\/19279"}],"wp:attachment":[{"href":"https:\/\/setap.az\/index.php?rest_route=%2Fwp%2Fv2%2Fmedia&parent=19278"}],"wp:term":[{"taxonomy":"product_cat","embeddable":true,"href":"https:\/\/setap.az\/index.php?rest_route=%2Fwp%2Fv2%2Fproduct_cat&post=19278"},{"taxonomy":"product_tag","embeddable":true,"href":"https:\/\/setap.az\/index.php?rest_route=%2Fwp%2Fv2%2Fproduct_tag&post=19278"}],"curies":[{"name":"wp","href":"https:\/\/api.w.org\/{rel}","templated":true}]}}