{"id":19280,"date":"2025-05-16T15:55:09","date_gmt":"2025-05-16T11:55:09","guid":{"rendered":"https:\/\/setap.az\/?post_type=product&#038;p=19280"},"modified":"2026-01-07T16:32:52","modified_gmt":"2026-01-07T12:32:52","slug":"hikvision-ds-2ce70d0t-itmf","status":"publish","type":"product","link":"https:\/\/setap.az\/?product=hikvision-ds-2ce70d0t-itmf","title":{"rendered":"Hikvision DS-2CE70D0T-ITMF 2MP Analoq kamera"},"content":{"rendered":"<p>Hikvision DS\u20112CE70D0T\u2011ITMF <\/p>\n<p>Hikvision DS\u20112CE70D0T\u2011ITMF \u2014 bu, 2\u202fMP Ultra Mini Turret tipli Turbo HD (analogue\/Coax) t\u0259hl\u00fck\u0259sizlik kameras\u0131d\u0131r v\u0259 4\u2011in\u20111 siqnal (TVI\/AHD\/CVI\/CVBS) d\u0259st\u0259yi il\u0259 m\u00fcxt\u0259lif DVR sisteml\u0259ri il\u0259 uy\u011fundur.<br \/>\n2\u202fMP CMOS sensor \u2014 maksimum q\u0259tnam\u0259 1920\u00d71080 (Full HD).<br \/>\nA\u015fa\u011f\u0131 i\u015f\u0131q s\u0259viyy\u0259sind\u0259 bel\u0259 g\u00f6r\u00fcnt\u00fc \u2014 0.01\u202fLux @ F1.2 (AGC ON) v\u0259 0\u202fLux IR il\u0259.<br \/>\nDay\/Night (ICR) \u2014 g\u00fcnd\u00fcz \/ gec\u0259 rejimi.<br \/>\nFiks obyektiv variantlar\u0131: 2.8\u202fmm (t\u0259xmin\u0259n 106\u00b0), 3.6\u202fmm (~80\u00b0) v\u0259 6\u202fmm (~51\u00b0).<br \/>\nEXIR Smart IR il\u0259 gec\u0259 t\u0259xmin\u0259n 20\u202fm q\u0259d\u0259r g\u00f6r\u00fcn\u00fc\u015f m\u0259saf\u0259si.<br \/>\nSmart IR \u2014 obyektin uzaqla\u015fmas\u0131 \/ yax\u0131nla\u015fmas\u0131na g\u00f6r\u0259 infraq\u0131rm\u0131z\u0131 g\u00fcc\u00fcn\u00fc t\u0259nziml\u0259yir.<br \/>\nTVI \/ AHD \/ CVI \/ CVBS formatlar\u0131 aras\u0131nda ke\u00e7id imkan\u0131 \u2014 DVR\u2011l\u0259 \u00e7evik uy\u011funluq.<br \/>\nD\u0259st\u0259kl\u0259n\u0259n video s\u00fcr\u0259ti: 1080p @ 25\/30\u202ffps.<br \/>\nDigital WDR, DNR, balans t\u0259nziml\u0259m\u0259l\u0259ri.<br \/>\n\u0130P67 s\u0259viyy\u0259li su\/tozdan qorunma \u2014 \u00e7\u00f6ld\u0259 d\u0259 istifad\u0259 \u00fc\u00e7\u00fcn uy\u011fundur.<br \/>\nMetal korpus \u2014 davaml\u0131 struktur.<br \/>\n\u0130\u015fl\u0259m\u0259 temperaturu: \u201140\u202f\u00b0C \u2026 +60\u202f\u00b0C.<br \/>\nG\u00fcc: 12\u202fVDC, max ~3.6\u202fW.<br \/>\nKompakt \u00f6l\u00e7\u00fc: \u03a6 61.12\u202fmm \u00d7 60\u202fmm, ~160\u202fg.<br \/>\nBu model \u201cUltra Mini Turret\u201d kateqoriyas\u0131ndand\u0131r \u2014 y\u0259ni ki\u00e7ik \u00f6l\u00e7\u00fcl\u00fc, diskret qura\u015fd\u0131rma \u00fc\u00e7\u00fcn \u0259lveri\u015flidir. <\/p>\n","protected":false},"excerpt":{"rendered":"<p>Hikvision DS\u20112CE70D0T\u2011ITMF Hikvision DS\u20112CE70D0T\u2011ITMF \u2014 bu, 2\u202fMP Ultra Mini Turret tipli Turbo HD (analogue\/Coax) t\u0259hl\u00fck\u0259sizlik kameras\u0131d\u0131r v\u0259 4\u2011in\u20111 siqnal (TVI\/AHD\/CVI\/CVBS) d\u0259st\u0259yi il\u0259 m\u00fcxt\u0259lif DVR sisteml\u0259ri il\u0259 uy\u011fundur. 2\u202fMP CMOS sensor \u2014 maksimum q\u0259tnam\u0259 1920\u00d71080 (Full HD). A\u015fa\u011f\u0131 i\u015f\u0131q s\u0259viyy\u0259sind\u0259 bel\u0259 g\u00f6r\u00fcnt\u00fc \u2014 0.01\u202fLux @ F1.2 (AGC ON) v\u0259 0\u202fLux IR il\u0259. Day\/Night (ICR) \u2014 g\u00fcnd\u00fcz&hellip;<\/p>\n","protected":false},"featured_media":19281,"comment_status":"open","ping_status":"closed","template":"","meta":[],"product_cat":[4016,2849],"product_tag":[3382,3132,2941,3379,2942,3380,3385,3381,3383,2937,3260,2939,2934,3718,3378,3135,3142,3071,3384],"class_list":{"0":"post-19280","1":"product","2":"type-product","3":"status-publish","4":"has-post-thumbnail","6":"product_cat-hikvision","7":"product_cat-videokameralar","8":"product_tag-camerainstallation","9":"product_tag-cctv","10":"product_tag-hikvision","11":"product_tag-hikvisioncamera","12":"product_tag-hikvisioncctv","13":"product_tag-hikvisionsecurity","14":"product_tag-hikvisionsolutions","15":"product_tag-hikvisionsystem","16":"product_tag-hikvisiontechnology","17":"product_tag-homesecurity","18":"product_tag-ipcamera","19":"product_tag-securitycamera","20":"product_tag-smartsecurity","21":"product_tag-sumqayithikvisionmusahidkamerasi","22":"product_tag-sumqayithikvision","23":"product_tag-surveillance","24":"product_tag-thluksizlik","25":"product_tag-thluksizlikkameralari","26":"product_tag-videosurveillance","27":"description-off","29":"first","30":"instock","31":"shipping-taxable","32":"purchasable","33":"product-type-simple"},"_links":{"self":[{"href":"https:\/\/setap.az\/index.php?rest_route=\/wp\/v2\/product\/19280","targetHints":{"allow":["GET"]}}],"collection":[{"href":"https:\/\/setap.az\/index.php?rest_route=\/wp\/v2\/product"}],"about":[{"href":"https:\/\/setap.az\/index.php?rest_route=\/wp\/v2\/types\/product"}],"replies":[{"embeddable":true,"href":"https:\/\/setap.az\/index.php?rest_route=%2Fwp%2Fv2%2Fcomments&post=19280"}],"wp:featuredmedia":[{"embeddable":true,"href":"https:\/\/setap.az\/index.php?rest_route=\/wp\/v2\/media\/19281"}],"wp:attachment":[{"href":"https:\/\/setap.az\/index.php?rest_route=%2Fwp%2Fv2%2Fmedia&parent=19280"}],"wp:term":[{"taxonomy":"product_cat","embeddable":true,"href":"https:\/\/setap.az\/index.php?rest_route=%2Fwp%2Fv2%2Fproduct_cat&post=19280"},{"taxonomy":"product_tag","embeddable":true,"href":"https:\/\/setap.az\/index.php?rest_route=%2Fwp%2Fv2%2Fproduct_tag&post=19280"}],"curies":[{"name":"wp","href":"https:\/\/api.w.org\/{rel}","templated":true}]}}