{"id":19283,"date":"2025-05-19T15:08:12","date_gmt":"2025-05-19T11:08:12","guid":{"rendered":"https:\/\/setap.az\/?post_type=product&#038;p=19283"},"modified":"2025-06-21T15:08:33","modified_gmt":"2025-06-21T11:08:33","slug":"jwt30-wi-fi-ip-kamera","status":"publish","type":"product","link":"https:\/\/setap.az\/?product=jwt30-wi-fi-ip-kamera","title":{"rendered":"JWT30 Wi-Fi IP Kamera"},"content":{"rendered":"<p>JWT30 Wi-Fi IP Kamera<br \/>\n\u2714Sensor\tCMOS<br \/>\n\u2714Video q\u0259tnam\u0259si\t1080P \/ 3MP \/ b\u0259zi modell\u0259r 4K<br \/>\n\u2714Suya davaml\u0131l\u0131q\tIP66 (a\u00e7\u0131q hava \u00fc\u00e7\u00fcn uy\u011fundur)<br \/>\n\u2714Dual-lens dizayn: \u0130ki kamera linzas\u0131 il\u0259 daha geni\u015f g\u00f6r\u00fcnt\u00fc buca\u011f\u0131 t\u0259min edir \u2013 biri \u00fcmumi bax\u0131\u015f, dig\u0259ri yax\u0131nla\u015fd\u0131rma (zoom) \u00fc\u00e7\u00fcn.<br \/>\n\u2714R\u0259ngli gec\u0259 g\u00f6r\u00fcnt\u00fcs\u00fc v\u0259 iki t\u0259r\u0259fli dan\u0131\u015f\u0131q<br \/>\n\u2714Full HD \/ 4K video d\u0259st\u0259yi: 1080P v\u0259 ya b\u0259zi modell\u0259rd\u0259 4K keyfiyy\u0259tind\u0259 g\u00f6r\u00fcnt\u00fc \u00f6t\u00fcr\u0259 bilir.<br \/>\n\u2714360\u00b0 f\u0131rlanma (PTZ):<br \/>\n\u2714355\u00b0 \u00fcf\u00fcqi f\u0131rlanma<br \/>\n\u271490\u00b0 \u015faquli \u0259yilm\u0259<br \/>\n\u2714LED i\u015f\u0131qlar v\u0259 IR (infrared):<br \/>\n\u2714Gec\u0259 g\u00f6r\u00fcnt\u00fcs\u00fc \u00fc\u00e7\u00fcn infraq\u0131rm\u0131z\u0131 LED-l\u0259r<br \/>\n\u2714A\u011f i\u015f\u0131qla r\u0259ngli gec\u0259 g\u00f6r\u00fcnt\u00fcs\u00fc<br \/>\n\u2714H\u0259r\u0259k\u0259t zaman\u0131 avtomatik i\u015f\u0131qland\u0131rma<br \/>\n\u2714\u0130ki t\u0259r\u0259fli s\u0259sli \u0259laq\u0259:<br \/>\n\u2714Daxili mikrofon v\u0259 dinamik il\u0259 dan\u0131\u015fmaq v\u0259 e\u015fitm\u0259k funksiyas\u0131<br \/>\n\u2714Wi-Fi ba\u011flant\u0131s\u0131:<br \/>\n\u27142.4 GHz Wi-Fi il\u0259 mobil t\u0259tbiq\u0259 ba\u011flanma<br \/>\n\u2714Ethernet (LAN) portu il\u0259 alternativ ba\u011flant\u0131<br \/>\n\u2714H\u0259r\u0259k\u0259t a\u015fkarlama v\u0259 x\u0259b\u0259rdarl\u0131qlar:<br \/>\n\u2714A\u011f\u0131ll\u0131 AI \u0259sasl\u0131 insan a\u015fkarlama<br \/>\n\u2714H\u0259r\u0259k\u0259t olduqda mobil telefona bildiri\u015f<br \/>\n\u2714Avtomatik qeyd (SD karta v\u0259 ya buluda)<br \/>\n\u2714MicroSD d\u0259st\u0259yi: 8 GB-dan 128 GB-a q\u0259d\u0259r microSD kart d\u0259st\u0259yi<br \/>\n\u2714Android v\u0259 iOS \u00fc\u00e7\u00fcn \u201cICSEE\u201d v\u0259 ya \u201cTuya Smart\u201d kimi t\u0259tbiql\u0259rl\u0259 idar\u0259etm\u0259<br \/>\n\u2714Uzaqdan izl\u0259m\u0259 v\u0259 idar\u0259etm\u0259<\/p>\n","protected":false},"excerpt":{"rendered":"<p>JWT30 Wi-Fi IP Kamera \u2013 ev v\u0259 obyekt t\u0259hl\u00fck\u0259sizliyi \u00fc\u00e7\u00fcn n\u0259z\u0259rd\u0259 tutulmu\u015f, y\u00fcks\u0259k funksionall\u0131\u011fa malik a\u00e7\u0131q hava m\u00fc\u015fahid\u0259 kameras\u0131d\u0131r.<br \/>\nQura\u015fd\u0131rmas\u0131 asan, istifad\u0259si sad\u0259! Eviniz\u0259 v\u0259 ya ofisiniz\u0259 t\u0259hl\u00fck\u0259sizlik qat\u0131n.<br \/>\n\ud83d\udea8 Evd\u0259 deyilsiniz? Narahat olmay\u0131n \u2013 JWT30 sizin yerinizd\u0259dir!<br \/>\nJWT30 Wi-Fi IP Kamera sad\u0259c\u0259 \u00e7\u0259kili\u015f etmir \u2013 t\u0259hl\u00fck\u0259ni hiss edir, reaksiya verir v\u0259 sizi an\u0131nda x\u0259b\u0259rdar edir!<br \/>\nA\u011f\u0131ll\u0131 siqnalizasiya sistemi: H\u0259r\u0259k\u0259t a\u015fkarlanarsa, d\u0259rhal siqnal verir!<br \/>\nReal vaxt bildiri\u015fl\u0259ri: Telefonunuza saniy\u0259l\u0259r i\u00e7ind\u0259 x\u0259b\u0259r g\u0259lir \u2013 &#8220;Evd\u0259 kims\u0259 var!&#8221;<br \/>\nSizi s\u0259ssizc\u0259 qoruyur: Evd\u0259 olmad\u0131\u011f\u0131n\u0131z zaman bel\u0259, JWT30 gec\u0259-g\u00fcnd\u00fcz ay\u0131qd\u0131r.<br \/>\n\ud83d\udca5Kamera + Siqnal + Bildiri\u015f = Tam t\u0259hl\u00fck\u0259sizlik!<br \/>\n\ud83e\udd29 Siz istirah\u0259t edin, JWT30 h\u0259r \u015feyi izl\u0259yir, qoruyur v\u0259 x\u0259b\u0259r verir.<\/p>\n","protected":false},"featured_media":19284,"comment_status":"open","ping_status":"closed","template":"","meta":[],"product_cat":[2849,2841,2862],"product_tag":[3727,3729,3286,3728,3264,3049,3724,3725,3726,2929],"class_list":{"0":"post-19283","1":"product","2":"type-product","3":"status-publish","4":"has-post-thumbnail","6":"product_cat-videokameralar","7":"product_cat-videonzart","8":"product_cat-wifi-kameralar","9":"product_tag-agillithluksizlik","10":"product_tag-evkamerasi","11":"product_tag-hrktaskarlama","12":"product_tag-icsee","13":"product_tag-ikitrfliss","14":"product_tag-ipkamera","15":"product_tag-jwt30","16":"product_tag-ptzkamera","17":"product_tag-rngligecgoruntusu","18":"product_tag-wifikamera","19":"description-off","21":"first","22":"instock","23":"shipping-taxable","24":"purchasable","25":"product-type-simple"},"_links":{"self":[{"href":"https:\/\/setap.az\/index.php?rest_route=\/wp\/v2\/product\/19283","targetHints":{"allow":["GET"]}}],"collection":[{"href":"https:\/\/setap.az\/index.php?rest_route=\/wp\/v2\/product"}],"about":[{"href":"https:\/\/setap.az\/index.php?rest_route=\/wp\/v2\/types\/product"}],"replies":[{"embeddable":true,"href":"https:\/\/setap.az\/index.php?rest_route=%2Fwp%2Fv2%2Fcomments&post=19283"}],"wp:featuredmedia":[{"embeddable":true,"href":"https:\/\/setap.az\/index.php?rest_route=\/wp\/v2\/media\/19284"}],"wp:attachment":[{"href":"https:\/\/setap.az\/index.php?rest_route=%2Fwp%2Fv2%2Fmedia&parent=19283"}],"wp:term":[{"taxonomy":"product_cat","embeddable":true,"href":"https:\/\/setap.az\/index.php?rest_route=%2Fwp%2Fv2%2Fproduct_cat&post=19283"},{"taxonomy":"product_tag","embeddable":true,"href":"https:\/\/setap.az\/index.php?rest_route=%2Fwp%2Fv2%2Fproduct_tag&post=19283"}],"curies":[{"name":"wp","href":"https:\/\/api.w.org\/{rel}","templated":true}]}}