{"id":19286,"date":"2025-05-21T12:30:18","date_gmt":"2025-05-21T08:30:18","guid":{"rendered":"https:\/\/setap.az\/?post_type=product&#038;p=19286"},"modified":"2025-05-21T12:30:18","modified_gmt":"2025-05-21T08:30:18","slug":"vga-splitter-4-kanal","status":"publish","type":"product","link":"https:\/\/setap.az\/?product=vga-splitter-4-kanal","title":{"rendered":"VGA splitter 4 kanal"},"content":{"rendered":"<p>\ud83d\udd39 4 kanal VGA SPL\u0130TTER<br \/>\n&#8211; \u0130st\u0259nil\u0259n 15 pinli monitorla i\u015fl\u0259yir (VGA, SVGA,XVGA)<br \/>\n&#8211; Video bant geni\u015fliyi: VGA splitter: 250 MHz<br \/>\n&#8211; Uzun m\u0259saf\u0259l\u0259r \u00fc\u00e7\u00fcn tam qorunan y\u00fcks\u0259k keyfiyy\u0259tli koaksial kabel m\u00f6vcuddur<br \/>\n&#8211; Maks. q\u0259tnam\u0259 VGA Splitter: 1280 x 1024<\/p>\n","protected":false},"excerpt":{"rendered":"<p>\ud83d\udd39 4 kanal VGA SPL\u0130TTER &#8211; \u0130st\u0259nil\u0259n 15 pinli monitorla i\u015fl\u0259yir (VGA, SVGA,XVGA) &#8211; Video bant geni\u015fliyi: VGA splitter: 250 MHz &#8211; Uzun m\u0259saf\u0259l\u0259r \u00fc\u00e7\u00fcn tam qorunan y\u00fcks\u0259k keyfiyy\u0259tli koaksial kabel m\u00f6vcuddur &#8211; Maks. q\u0259tnam\u0259 VGA Splitter: 1280 x 1024<\/p>\n","protected":false},"featured_media":19287,"comment_status":"open","ping_status":"closed","template":"","meta":[],"product_cat":[2808,2815,3730],"product_tag":[3731,3736,3735,3737,3740,3733,3738,3732,3739,3734],"class_list":{"0":"post-19286","1":"product","2":"type-product","3":"status-publish","4":"has-post-thumbnail","6":"product_cat-kabel-mhsullari","7":"product_cat-siqnal-kabellri","8":"product_cat-video-siqnal-paylayici","9":"product_tag-4kanal","10":"product_tag-4portsplitter","11":"product_tag-displaysplitter","12":"product_tag-monitorsplitter","13":"product_tag-signalsplitter","14":"product_tag-vga","15":"product_tag-vgahub","16":"product_tag-vgasplitter","17":"product_tag-videodistribution","18":"product_tag-videosplitter","19":"description-off","21":"first","22":"instock","23":"shipping-taxable","24":"purchasable","25":"product-type-simple"},"_links":{"self":[{"href":"https:\/\/setap.az\/index.php?rest_route=\/wp\/v2\/product\/19286","targetHints":{"allow":["GET"]}}],"collection":[{"href":"https:\/\/setap.az\/index.php?rest_route=\/wp\/v2\/product"}],"about":[{"href":"https:\/\/setap.az\/index.php?rest_route=\/wp\/v2\/types\/product"}],"replies":[{"embeddable":true,"href":"https:\/\/setap.az\/index.php?rest_route=%2Fwp%2Fv2%2Fcomments&post=19286"}],"wp:featuredmedia":[{"embeddable":true,"href":"https:\/\/setap.az\/index.php?rest_route=\/wp\/v2\/media\/19287"}],"wp:attachment":[{"href":"https:\/\/setap.az\/index.php?rest_route=%2Fwp%2Fv2%2Fmedia&parent=19286"}],"wp:term":[{"taxonomy":"product_cat","embeddable":true,"href":"https:\/\/setap.az\/index.php?rest_route=%2Fwp%2Fv2%2Fproduct_cat&post=19286"},{"taxonomy":"product_tag","embeddable":true,"href":"https:\/\/setap.az\/index.php?rest_route=%2Fwp%2Fv2%2Fproduct_tag&post=19286"}],"curies":[{"name":"wp","href":"https:\/\/api.w.org\/{rel}","templated":true}]}}