{"id":19291,"date":"2025-05-21T13:13:49","date_gmt":"2025-05-21T09:13:49","guid":{"rendered":"https:\/\/setap.az\/?post_type=product&#038;p=19291"},"modified":"2026-01-10T17:00:28","modified_gmt":"2026-01-10T13:00:28","slug":"hikvision-ds-2sf8c442mxs-dlw24f0p3","status":"publish","type":"product","link":"https:\/\/setap.az\/?product=hikvision-ds-2sf8c442mxs-dlw24f0p3","title":{"rendered":"Hikvision DS-2SF8C442MXS-DLW(24F0)(P3) 8MP IP Kamera"},"content":{"rendered":"<p>Hikvision DS-2SF8C442MXS-DLW(24F0)(P3) modeli spesifik olaraq Hikvision-un bir 8MP 4x 42x Super Starlight Zoom PTZ IP T\u0259hl\u00fck\u0259sizlik Kamera modelidir.<br \/>\n\u2714\u018fsas x\u00fcsusiyy\u0259tl\u0259r:<br \/>\n8MP (3840\u00d72160) y\u00fcks\u0259k q\u0259tnam\u0259 \u2014 \u00e7ox d\u0259qiq, ayd\u0131n g\u00f6r\u00fcnt\u00fc t\u0259min edir.<br \/>\n4x optik zoom + 42x super telefoto zoom \u2014 \u00e7ox uzaq m\u0259saf\u0259l\u0259rd\u0259 obyektl\u0259ri ayd\u0131n g\u00f6rm\u0259y\u0259 imkan verir.<br \/>\nSuper Starlight texnologiyas\u0131 \u2014 \u00e7ox az i\u015f\u0131qda bel\u0259 ayd\u0131n g\u00f6r\u00fcnt\u00fc t\u0259min edir, gec\u0259 g\u00f6r\u00fcnt\u00fcs\u00fc keyfiyy\u0259tlidir.<br \/>\nPTZ (Pan-Tilt-Zoom) \u2014 kamera uzaqdan panlama (soldan-sa\u011fa), tilt (yuxar\u0131-a\u015fa\u011f\u0131) v\u0259 zoom etm\u0259k imkan\u0131 verir.<br \/>\nIR gec\u0259 g\u00f6rm\u0259 \u2014 150 metr\u0259 q\u0259d\u0259r infraq\u0131rm\u0131z\u0131 gec\u0259 g\u00f6r\u00fcnt\u00fcs\u00fc.<br \/>\nHava \u015f\u0259raitin\u0259 davaml\u0131l\u0131q \u2014 IP66 s\u0259viyy\u0259sind\u0259 toz v\u0259 su ke\u00e7irm\u0259zlik, outdoor istifad\u0259y\u0259 uy\u011fundur.<br \/>\nSmart Tracking \u2014 avtomatik h\u0259r\u0259k\u0259t ed\u0259n obyektl\u0259rin izl\u0259nm\u0259si.<br \/>\n\u2714F\u0259rqli \u00f6z\u0259llikl\u0259ri:<br \/>\nSuper telefoto zoom (42x optik + 4x dijital) \u2014 \u00e7ox uzaq m\u0259saf\u0259l\u0259rd\u0259 detall\u0131 g\u00f6r\u00fcnt\u00fc almaq m\u00fcmk\u00fcn olur.<br \/>\nSuper Starlight sensoru \u2014 normal starlight kameralardan daha yax\u015f\u0131 az i\u015f\u0131ql\u0131 m\u00fchitd\u0259 performans.<br \/>\nA\u011f\u0131ll\u0131 izl\u0259m\u0259 funksiyalar\u0131 \u2014 obyekt izl\u0259m\u0259, pozuntu a\u015fkarlanmas\u0131 kimi qabaqc\u0131l analitikl\u0259r.<br \/>\nBu model, b\u00f6y\u00fck \u0259razil\u0259rin, kompleks obyektl\u0259rin t\u0259hl\u00fck\u0259sizliyi \u00fc\u00e7\u00fcn \u00e7ox uy\u011fundur, uzaq m\u0259saf\u0259l\u0259rd\u0259 y\u00fcks\u0259k d\u0259qiqlikl\u0259 m\u00fc\u015fahid\u0259 t\u0259min edir.<\/p>\n","protected":false},"excerpt":{"rendered":"<p>Hikvision DS-2SF8C442MXS-DLW(24F0)(P3) modeli, geni\u015f \u0259razil\u0259rin y\u00fcks\u0259k keyfiyy\u0259tli m\u00fc\u015fahid\u0259si \u00fc\u00e7\u00fcn n\u0259z\u0259rd\u0259 tutulmu\u015f 8 d\u00fcyml\u00fck 4 MP 42X DarkFighter \u015f\u0259b\u0259k\u0259 s\u00fcr\u0259tli dome kameras\u0131d\u0131r.<\/p>\n","protected":false},"featured_media":19292,"comment_status":"open","ping_status":"closed","template":"","meta":[],"product_cat":[4016,2803,5271,2841],"product_tag":[3382,3132,2942,3747,3380,3385,3381,3383,2937,3260,2939,2934,3378,3135,3142,3071,3384],"class_list":{"0":"post-19291","1":"product","2":"type-product","3":"status-publish","4":"has-post-thumbnail","6":"product_cat-hikvision","7":"product_cat-ip","8":"product_cat-thluksizlik-kamerasi","9":"product_cat-videonzart","10":"product_tag-camerainstallation","11":"product_tag-cctv","12":"product_tag-hikvisioncctv","13":"product_tag-hikvisionptz-hikvisioncamera","14":"product_tag-hikvisionsecurity","15":"product_tag-hikvisionsolutions","16":"product_tag-hikvisionsystem","17":"product_tag-hikvisiontechnology","18":"product_tag-homesecurity","19":"product_tag-ipcamera","20":"product_tag-securitycamera","21":"product_tag-smartsecurity","22":"product_tag-sumqayithikvision","23":"product_tag-surveillance","24":"product_tag-thluksizlik","25":"product_tag-thluksizlikkameralari","26":"product_tag-videosurveillance","27":"description-off","29":"first","30":"instock","31":"shipping-taxable","32":"purchasable","33":"product-type-simple"},"_links":{"self":[{"href":"https:\/\/setap.az\/index.php?rest_route=\/wp\/v2\/product\/19291","targetHints":{"allow":["GET"]}}],"collection":[{"href":"https:\/\/setap.az\/index.php?rest_route=\/wp\/v2\/product"}],"about":[{"href":"https:\/\/setap.az\/index.php?rest_route=\/wp\/v2\/types\/product"}],"replies":[{"embeddable":true,"href":"https:\/\/setap.az\/index.php?rest_route=%2Fwp%2Fv2%2Fcomments&post=19291"}],"wp:featuredmedia":[{"embeddable":true,"href":"https:\/\/setap.az\/index.php?rest_route=\/wp\/v2\/media\/19292"}],"wp:attachment":[{"href":"https:\/\/setap.az\/index.php?rest_route=%2Fwp%2Fv2%2Fmedia&parent=19291"}],"wp:term":[{"taxonomy":"product_cat","embeddable":true,"href":"https:\/\/setap.az\/index.php?rest_route=%2Fwp%2Fv2%2Fproduct_cat&post=19291"},{"taxonomy":"product_tag","embeddable":true,"href":"https:\/\/setap.az\/index.php?rest_route=%2Fwp%2Fv2%2Fproduct_tag&post=19291"}],"curies":[{"name":"wp","href":"https:\/\/api.w.org\/{rel}","templated":true}]}}