{"id":19293,"date":"2025-05-21T13:21:28","date_gmt":"2025-05-21T09:21:28","guid":{"rendered":"https:\/\/setap.az\/?post_type=product&#038;p=19293"},"modified":"2026-01-10T16:56:32","modified_gmt":"2026-01-10T12:56:32","slug":"hikvision-ds-2se7c432mw-aeb14f1p3","status":"publish","type":"product","link":"https:\/\/setap.az\/?product=hikvision-ds-2se7c432mw-aeb14f1p3","title":{"rendered":"Hikvision DS-2SE7C432MW-AEB(14F1)(P3) 4MP IP Kamera"},"content":{"rendered":"<p>Hikvision DS-2SE7C432MW-AEB(14F1)(P3) modeli, y\u00fcks\u0259k keyfiyy\u0259tli g\u00f6r\u00fcnt\u00fcl\u0259m\u0259 v\u0259 geni\u015f \u0259razil\u0259rin m\u00fc\u015fahid\u0259si \u00fc\u00e7\u00fcn n\u0259z\u0259rd\u0259 tutulmu\u015f 7 d\u00fcyml\u00fck 4 MP 32X r\u0259ngli IP dome t\u0259hl\u00fck\u0259sizlik kameras\u0131d\u0131r.<br \/>\n\u2714 Progressive Scan CMOS 1\/1.8\u2033<br \/>\n\u2714 Q\u0259tnam\u0259: 2560 \u00d7 1440<br \/>\n\u2714 Fokus m\u0259saf\u0259si v\u0259 bax\u0131\u015f buca\u011f\u0131: 5.9 \u2013 188.8 \/ 60.2\u00b0 \u2013 2.3\u00b0<br \/>\n\u2714 Pan h\u0259r\u0259k\u0259ti: 360\u00b0<br \/>\n\u2714 Tilt h\u0259r\u0259k\u0259ti: -15\u00b0 \u2013 90\u00b0<br \/>\n\u2714 Zum: 32\u00d7 optik, 16\u00d7 r\u0259q\u0259msal<br \/>\n\u2714 Gec\u0259 g\u00f6r\u00fcnt\u00fcs\u00fc: [PTZ kanal]: IR; [Bullet kanal]: LED<br \/>\n\u2714 Gec\u0259 g\u00f6r\u00fcnt\u00fc m\u0259saf\u0259si: [PTZ kanal]: 200 m; [Bullet kanal]: 30 m<br \/>\n\u2714 Video s\u0131x\u0131lma texnologiyas\u0131: H.265, H.264, MJPEG<br \/>\n\u2714 G\u00f6r\u00fcnt\u00fc t\u0259kmill\u0259\u015fdirm\u0259: WDR, BLC, HLC, 3D DNR, EIS, ROI<br \/>\n\u2714 MicroSD kart yuvas\u0131: 256 GB-a q\u0259d\u0259r<br \/>\n\u2714 Daxili dinamik: Var<br \/>\n\u2714 Siqnalizasiya: Var<br \/>\n\u2714 H\u0259r\u0259k\u0259t a\u015fkarlanmas\u0131: Var<br \/>\n\u2714 M\u00fcdaxil\u0259 zaman\u0131 yan\u0131b-s\u00f6n\u0259n i\u015f\u0131q v\u0259 s\u0259sli siqnal: Var<br \/>\n\u2714 \u00dcz tan\u0131ma: [PTZ kanal]: Var<br \/>\n\u2714 ColorVu texnologiyas\u0131: Var<br \/>\n\u2714 M\u00fchafiz\u0259 sinfi: IP66<br \/>\n\u2714 Z\u0259rb\u0259 m\u00fcqavim\u0259ti: IK10<br \/>\n\u2714 Enerji istehlak\u0131: 24V\/42W<br \/>\n\ud83d\udca5\u0130ld\u0131r\u0131mdan m\u00fchafiz\u0259: TVS 6000 V<\/p>\n","protected":false},"excerpt":{"rendered":"<p>Hikvision DS-2SE7C432MW-AEB(14F1)(P3) modeli, y\u00fcks\u0259k keyfiyy\u0259tli g\u00f6r\u00fcnt\u00fcl\u0259m\u0259 v\u0259 geni\u015f \u0259razil\u0259rin m\u00fc\u015fahid\u0259si \u00fc\u00e7\u00fcn n\u0259z\u0259rd\u0259 tutulmu\u015f 7 d\u00fcyml\u00fck 4 MP 32X r\u0259ngli IP dome t\u0259hl\u00fck\u0259sizlik kameras\u0131d\u0131r. \u2714 Progressive Scan CMOS 1\/1.8\u2033 \u2714 Q\u0259tnam\u0259: 2560 \u00d7 1440 \u2714 Fokus m\u0259saf\u0259si v\u0259 bax\u0131\u015f buca\u011f\u0131: 5.9 \u2013 188.8 \/ 60.2\u00b0 \u2013 2.3\u00b0 \u2714 Pan h\u0259r\u0259k\u0259ti: 360\u00b0 \u2714 Tilt h\u0259r\u0259k\u0259ti: -15\u00b0 \u2013&hellip;<\/p>\n","protected":false},"featured_media":19294,"comment_status":"open","ping_status":"closed","template":"","meta":[],"product_cat":[4016,2803,5271,2841],"product_tag":[3382,3132,2941,3379,3380,3385,3381,3383,2937,3260,2939,2934,3378,3135,3142,3071,3384],"class_list":{"0":"post-19293","1":"product","2":"type-product","3":"status-publish","4":"has-post-thumbnail","6":"product_cat-hikvision","7":"product_cat-ip","8":"product_cat-thluksizlik-kamerasi","9":"product_cat-videonzart","10":"product_tag-camerainstallation","11":"product_tag-cctv","12":"product_tag-hikvision","13":"product_tag-hikvisioncamera","14":"product_tag-hikvisionsecurity","15":"product_tag-hikvisionsolutions","16":"product_tag-hikvisionsystem","17":"product_tag-hikvisiontechnology","18":"product_tag-homesecurity","19":"product_tag-ipcamera","20":"product_tag-securitycamera","21":"product_tag-smartsecurity","22":"product_tag-sumqayithikvision","23":"product_tag-surveillance","24":"product_tag-thluksizlik","25":"product_tag-thluksizlikkameralari","26":"product_tag-videosurveillance","27":"description-off","29":"first","30":"instock","31":"shipping-taxable","32":"purchasable","33":"product-type-simple"},"_links":{"self":[{"href":"https:\/\/setap.az\/index.php?rest_route=\/wp\/v2\/product\/19293","targetHints":{"allow":["GET"]}}],"collection":[{"href":"https:\/\/setap.az\/index.php?rest_route=\/wp\/v2\/product"}],"about":[{"href":"https:\/\/setap.az\/index.php?rest_route=\/wp\/v2\/types\/product"}],"replies":[{"embeddable":true,"href":"https:\/\/setap.az\/index.php?rest_route=%2Fwp%2Fv2%2Fcomments&post=19293"}],"wp:featuredmedia":[{"embeddable":true,"href":"https:\/\/setap.az\/index.php?rest_route=\/wp\/v2\/media\/19294"}],"wp:attachment":[{"href":"https:\/\/setap.az\/index.php?rest_route=%2Fwp%2Fv2%2Fmedia&parent=19293"}],"wp:term":[{"taxonomy":"product_cat","embeddable":true,"href":"https:\/\/setap.az\/index.php?rest_route=%2Fwp%2Fv2%2Fproduct_cat&post=19293"},{"taxonomy":"product_tag","embeddable":true,"href":"https:\/\/setap.az\/index.php?rest_route=%2Fwp%2Fv2%2Fproduct_tag&post=19293"}],"curies":[{"name":"wp","href":"https:\/\/api.w.org\/{rel}","templated":true}]}}