{"id":19295,"date":"2025-05-21T14:42:30","date_gmt":"2025-05-21T10:42:30","guid":{"rendered":"https:\/\/setap.az\/?post_type=product&#038;p=19295"},"modified":"2026-01-10T16:48:01","modified_gmt":"2026-01-10T12:48:01","slug":"hikvision-ds-2se7c425mw-aeb14f1p3","status":"publish","type":"product","link":"https:\/\/setap.az\/?product=hikvision-ds-2se7c425mw-aeb14f1p3","title":{"rendered":"Hikvision DS-2SE7C425MW-AEB(14F1)(P3) 4Mp IP Kamera"},"content":{"rendered":"<p>Hikvision DS-2SE7C425MW-AEB(14F1)(P3) 4Mp IP T\u0259hl\u00fck\u0259sizlik Kameras\u0131<br \/>\n\u2714Y\u00fcks\u0259k keyfiyy\u0259tli g\u00f6r\u00fcnt\u00fc v\u0259 geni\u015f m\u00fc\u015fahid\u0259 imkanlar\u0131 t\u0259min ed\u0259n 4 MP \u00e7\u00f6z\u00fcn\u00fcrl\u00fckl\u00fc PTZ (Pan-Tilt-Zoom) \u015f\u0259b\u0259k\u0259 s\u00fcr\u0259tli dome kameras\u0131d\u0131r.<br \/>\n\u2714Bu kamera, geni\u015f \u0259razil\u0259rin detall\u0131 v\u0259 effektiv m\u00fc\u015fahid\u0259si \u00fc\u00e7\u00fcn n\u0259z\u0259rd\u0259 tutulmu\u015fdur.<br \/>\n\u2714G\u00f6r\u00fcnt\u00fc Sensoru: 1\/2.8&#8243; proqressiv skan CMOS<br \/>\n\u2714Maksimum \u00c7\u00f6z\u00fcn\u00fcrl\u00fck: 2560 \u00d7 1440 @ 30 fps<br \/>\n\u2714Optik Zoom: 25\u00d7<br \/>\n\u2714SD kart: 256GB<br \/>\n\u2714R\u0259q\u0259msal Zoom: 16\u00d7<br \/>\n\u2714G\u00f6r\u00fc\u015f Buca\u011f\u0131: \u00dcf\u00fcqi: 58.4\u00b0 \u2013 2.14\u00b0; \u015eaquli: 33.8\u00b0 \u2013 1.2\u00b0<br \/>\n\ud83d\udca5\u0130\u015f\u0131qland\u0131rma m\u0259saf\u0259si: 200 metr\u0259 q\u0259d\u0259r IR m\u0259saf\u0259si<br \/>\n\u2714Pan H\u0259r\u0259k\u0259ti: 360\u00b0 fasil\u0259siz<br \/>\n\u2714Tilt H\u0259r\u0259k\u0259ti: -15\u00b0 \u2013 90\u00b0<br \/>\n\u2714DarkFighter texnologiyas\u0131 il\u0259 a\u015fa\u011f\u0131 i\u015f\u0131q \u015f\u0259raitind\u0259 \u0259la performans, HLC, BLC, 3D DNR, Defog, Regional Exposure, Regional Focus, Rapid Focus<br \/>\n\u2714Qoruma S\u0259viyy\u0259si: IP66<br \/>\n\ud83d\udca5Bu x\u00fcsusiyy\u0259tl\u0259ri il\u0259 DS-2SE7C425MW-AEB(14F1)(P3) modeli, a\u015fa\u011f\u0131 i\u015f\u0131q \u015f\u0259raitind\u0259 bel\u0259 y\u00fcks\u0259k keyfiyy\u0259tli g\u00f6r\u00fcnt\u00fc t\u0259min edir v\u0259 geni\u015f \u0259razil\u0259rin detall\u0131 m\u00fc\u015fahid\u0259si \u00fc\u00e7\u00fcn ideal se\u00e7imdir.<\/p>\n","protected":false},"excerpt":{"rendered":"<p>Hikvision DS-2SE7C425MW-AEB(14F1)(P3) 4Mp IP T\u0259hl\u00fck\u0259sizlik Kameras\u0131 \u2714Y\u00fcks\u0259k keyfiyy\u0259tli g\u00f6r\u00fcnt\u00fc v\u0259 geni\u015f m\u00fc\u015fahid\u0259 imkanlar\u0131 t\u0259min ed\u0259n 4 MP \u00e7\u00f6z\u00fcn\u00fcrl\u00fckl\u00fc PTZ (Pan-Tilt-Zoom) \u015f\u0259b\u0259k\u0259 s\u00fcr\u0259tli dome kameras\u0131d\u0131r. \u2714Bu kamera, geni\u015f \u0259razil\u0259rin detall\u0131 v\u0259 effektiv m\u00fc\u015fahid\u0259si \u00fc\u00e7\u00fcn n\u0259z\u0259rd\u0259 tutulmu\u015fdur. \u2714G\u00f6r\u00fcnt\u00fc Sensoru: 1\/2.8&#8243; proqressiv skan CMOS \u2714Maksimum \u00c7\u00f6z\u00fcn\u00fcrl\u00fck: 2560 \u00d7 1440 @ 30 fps \u2714Optik Zoom: 25\u00d7 \u2714SD kart: 256GB&hellip;<\/p>\n","protected":false},"featured_media":19296,"comment_status":"open","ping_status":"closed","template":"","meta":[],"product_cat":[4016,2803,5271,2841],"product_tag":[3382,3132,3379,2942,3748,3380,3385,3381,3383,2937,3260,2939,2934,3378,3135,3142,3071,3384],"class_list":{"0":"post-19295","1":"product","2":"type-product","3":"status-publish","4":"has-post-thumbnail","6":"product_cat-hikvision","7":"product_cat-ip","8":"product_cat-thluksizlik-kamerasi","9":"product_cat-videonzart","10":"product_tag-camerainstallation","11":"product_tag-cctv","12":"product_tag-hikvisioncamera","13":"product_tag-hikvisioncctv","14":"product_tag-hikvisionptz","15":"product_tag-hikvisionsecurity","16":"product_tag-hikvisionsolutions","17":"product_tag-hikvisionsystem","18":"product_tag-hikvisiontechnology","19":"product_tag-homesecurity","20":"product_tag-ipcamera","21":"product_tag-securitycamera","22":"product_tag-smartsecurity","23":"product_tag-sumqayithikvision","24":"product_tag-surveillance","25":"product_tag-thluksizlik","26":"product_tag-thluksizlikkameralari","27":"product_tag-videosurveillance","28":"description-off","30":"first","31":"instock","32":"shipping-taxable","33":"purchasable","34":"product-type-simple"},"_links":{"self":[{"href":"https:\/\/setap.az\/index.php?rest_route=\/wp\/v2\/product\/19295","targetHints":{"allow":["GET"]}}],"collection":[{"href":"https:\/\/setap.az\/index.php?rest_route=\/wp\/v2\/product"}],"about":[{"href":"https:\/\/setap.az\/index.php?rest_route=\/wp\/v2\/types\/product"}],"replies":[{"embeddable":true,"href":"https:\/\/setap.az\/index.php?rest_route=%2Fwp%2Fv2%2Fcomments&post=19295"}],"wp:featuredmedia":[{"embeddable":true,"href":"https:\/\/setap.az\/index.php?rest_route=\/wp\/v2\/media\/19296"}],"wp:attachment":[{"href":"https:\/\/setap.az\/index.php?rest_route=%2Fwp%2Fv2%2Fmedia&parent=19295"}],"wp:term":[{"taxonomy":"product_cat","embeddable":true,"href":"https:\/\/setap.az\/index.php?rest_route=%2Fwp%2Fv2%2Fproduct_cat&post=19295"},{"taxonomy":"product_tag","embeddable":true,"href":"https:\/\/setap.az\/index.php?rest_route=%2Fwp%2Fv2%2Fproduct_tag&post=19295"}],"curies":[{"name":"wp","href":"https:\/\/api.w.org\/{rel}","templated":true}]}}