{"id":19297,"date":"2025-05-21T14:53:12","date_gmt":"2025-05-21T10:53:12","guid":{"rendered":"https:\/\/setap.az\/?post_type=product&#038;p=19297"},"modified":"2026-01-10T16:44:29","modified_gmt":"2026-01-10T12:44:29","slug":"hikvision-ds-2se7c124iw-ae32x-4s5","status":"publish","type":"product","link":"https:\/\/setap.az\/?product=hikvision-ds-2se7c124iw-ae32x-4s5","title":{"rendered":"Hikvision DS-2SE7C124IW-AE(32x\/4)(S5) 2MP IP kamera"},"content":{"rendered":"<p>Hikvision DS-2SE7C124IW-AE(32x\/4)(S5) 2MP IP kamera<br \/>\nY\u00fcks\u0259k keyfiyy\u0259tli g\u00f6r\u00fcnt\u00fc v\u0259 geni\u015f m\u00fc\u015fahid\u0259 imkanlar\u0131 t\u0259min ed\u0259n 2 MP \u00e7\u00f6z\u00fcn\u00fcrl\u00fckl\u00fc PTZ (Pan-Tilt-Zoom) \u015f\u0259b\u0259k\u0259 s\u00fcr\u0259tli dome t\u0259hl\u00fck\u0259sizlik kameras\u0131d\u0131r.<br \/>\n\u2714 Bu kamera, geni\u015f \u0259razil\u0259rin detall\u0131 v\u0259 effektiv m\u00fc\u015fahid\u0259si \u00fc\u00e7\u00fcn n\u0259z\u0259rd\u0259 tutulmu\u015fdur.<br \/>\n\u2714 G\u00f6r\u00fcnt\u00fc Sensoru: 1\/2.8&#8243; proqressiv skan CMOS<br \/>\n\u2714 Maksimum \u00c7\u00f6z\u00fcn\u00fcrl\u00fck: 2560 \u00d7 1440<br \/>\n\u2714 Optik Zoom: 32\u00d7<br \/>\n\u2714 R\u0259q\u0259msal Zoom: 16\u00d7<br \/>\n\u2714 G\u00f6r\u00fc\u015f buca\u011f\u0131: \u00dcf\u00fcqi: 58.4\u00b0 \u2013 2.14\u00b0; \u015eaquli: 33.8\u00b0 \u2013 1.2\u00b0<br \/>\n\u2714 \u0130\u015f\u0131qland\u0131rma m\u0259saf\u0259si: 200 metr\u0259 q\u0259d\u0259r IR m\u0259saf\u0259si<br \/>\n\u2714 Pan h\u0259r\u0259k\u0259ti: 360\u00b0 fasil\u0259siz<br \/>\n\u2714 Tilt H\u0259r\u0259k\u0259ti: -15\u00b0 \u2013 90\u00b0<br \/>\n\u2714 DarkFighter texnologiyas\u0131 il\u0259 a\u015fa\u011f\u0131 i\u015f\u0131q \u015f\u0259raitind\u0259 \u0259la performans, HLC, BLC, 3D DNR, Defog, Regional Exposure, Regional Focus, Rapid Focus<br \/>\n\u2714 Qoruma S\u0259viyy\u0259si: IP66<br \/>\n\ud83d\udca5 Bu x\u00fcsusiyy\u0259tl\u0259ri il\u0259 DS-2SE7C124IW-AE(32x\/4)(S5) modeli, a\u015fa\u011f\u0131 i\u015f\u0131q \u015f\u0259raitind\u0259 bel\u0259 y\u00fcks\u0259k keyfiyy\u0259tli g\u00f6r\u00fcnt\u00fc t\u0259min edir v\u0259 geni\u015f \u0259razil\u0259rin detall\u0131 m\u00fc\u015fahid\u0259si \u00fc\u00e7\u00fcn ideal se\u00e7imdir.<\/p>\n","protected":false},"excerpt":{"rendered":"<p>Hikvision DS-2SE7C124IW-AE(32x\/4)(S5) 2MP IP kamera Y\u00fcks\u0259k keyfiyy\u0259tli g\u00f6r\u00fcnt\u00fc v\u0259 geni\u015f m\u00fc\u015fahid\u0259 imkanlar\u0131 t\u0259min ed\u0259n 2 MP \u00e7\u00f6z\u00fcn\u00fcrl\u00fckl\u00fc PTZ (Pan-Tilt-Zoom) \u015f\u0259b\u0259k\u0259 s\u00fcr\u0259tli dome t\u0259hl\u00fck\u0259sizlik kameras\u0131d\u0131r. \u2714 Bu kamera, geni\u015f \u0259razil\u0259rin detall\u0131 v\u0259 effektiv m\u00fc\u015fahid\u0259si \u00fc\u00e7\u00fcn n\u0259z\u0259rd\u0259 tutulmu\u015fdur. \u2714 G\u00f6r\u00fcnt\u00fc Sensoru: 1\/2.8&#8243; proqressiv skan CMOS \u2714 Maksimum \u00c7\u00f6z\u00fcn\u00fcrl\u00fck: 2560 \u00d7 1440 \u2714 Optik Zoom: 32\u00d7 \u2714 R\u0259q\u0259msal&hellip;<\/p>\n","protected":false},"featured_media":19298,"comment_status":"open","ping_status":"closed","template":"","meta":[],"product_cat":[4016,2803,5271,2841],"product_tag":[3382,3132,3379,2942,3750,3748,3749,3385,3381,3383,2937,3260,2939,3378,3135,3142,3071,3384],"class_list":{"0":"post-19297","1":"product","2":"type-product","3":"status-publish","4":"has-post-thumbnail","6":"product_cat-hikvision","7":"product_cat-ip","8":"product_cat-thluksizlik-kamerasi","9":"product_cat-videonzart","10":"product_tag-camerainstallation","11":"product_tag-cctv","12":"product_tag-hikvisioncamera","13":"product_tag-hikvisioncctv","14":"product_tag-hikvisionmusahidkamerasi","15":"product_tag-hikvisionptz","16":"product_tag-hikvisionsecurity-smartsecurity","17":"product_tag-hikvisionsolutions","18":"product_tag-hikvisionsystem","19":"product_tag-hikvisiontechnology","20":"product_tag-homesecurity","21":"product_tag-ipcamera","22":"product_tag-securitycamera","23":"product_tag-sumqayithikvision","24":"product_tag-surveillance","25":"product_tag-thluksizlik","26":"product_tag-thluksizlikkameralari","27":"product_tag-videosurveillance","28":"description-off","30":"first","31":"instock","32":"shipping-taxable","33":"purchasable","34":"product-type-simple"},"_links":{"self":[{"href":"https:\/\/setap.az\/index.php?rest_route=\/wp\/v2\/product\/19297","targetHints":{"allow":["GET"]}}],"collection":[{"href":"https:\/\/setap.az\/index.php?rest_route=\/wp\/v2\/product"}],"about":[{"href":"https:\/\/setap.az\/index.php?rest_route=\/wp\/v2\/types\/product"}],"replies":[{"embeddable":true,"href":"https:\/\/setap.az\/index.php?rest_route=%2Fwp%2Fv2%2Fcomments&post=19297"}],"wp:featuredmedia":[{"embeddable":true,"href":"https:\/\/setap.az\/index.php?rest_route=\/wp\/v2\/media\/19298"}],"wp:attachment":[{"href":"https:\/\/setap.az\/index.php?rest_route=%2Fwp%2Fv2%2Fmedia&parent=19297"}],"wp:term":[{"taxonomy":"product_cat","embeddable":true,"href":"https:\/\/setap.az\/index.php?rest_route=%2Fwp%2Fv2%2Fproduct_cat&post=19297"},{"taxonomy":"product_tag","embeddable":true,"href":"https:\/\/setap.az\/index.php?rest_route=%2Fwp%2Fv2%2Fproduct_tag&post=19297"}],"curies":[{"name":"wp","href":"https:\/\/api.w.org\/{rel}","templated":true}]}}