{"id":19313,"date":"2025-05-22T13:58:46","date_gmt":"2025-05-22T09:58:46","guid":{"rendered":"https:\/\/setap.az\/?post_type=product&#038;p=19313"},"modified":"2026-01-10T14:11:21","modified_gmt":"2026-01-10T10:11:21","slug":"hikvision-ds-2ae4225ti-d","status":"publish","type":"product","link":"https:\/\/setap.az\/?product=hikvision-ds-2ae4225ti-d","title":{"rendered":"Hikvision DS-2AE4225TI-D 2MP Analoq kamera"},"content":{"rendered":"<p>Hikvision DS-2AE4225TI-D 2MP Analoq kamera<br \/>\n\u2714Y\u00fcks\u0259k Keyfiyy\u0259tli G\u00f6r\u00fcnt\u00fc: 2 MP (1920 \u00d7 1080) \u00e7\u00f6z\u00fcn\u00fcrl\u00fckd\u0259 ayd\u0131n v\u0259 detall\u0131 t\u0259svirl\u0259r t\u0259qdim edir.<br \/>\nG\u00fccl\u00fc Zoom Funksiyas\u0131: 25x optik zoom v\u0259 16x r\u0259q\u0259msal zoom il\u0259 geni\u015f \u0259razil\u0259ri yax\u0131ndan izl\u0259m\u0259k m\u00fcmk\u00fcnd\u00fcr.<br \/>\n\u2714Sensor: 1\/2.8&#8243; proqressiv skan CMOS<br \/>\n\u0130nfraq\u0131rm\u0131z\u0131 \u0130\u015f\u0131qland\u0131rma: 100 metr\u0259 q\u0259d\u0259r IR m\u0259saf\u0259si il\u0259 a\u015fa\u011f\u0131 i\u015f\u0131q \u015f\u0259raitind\u0259 bel\u0259 ayd\u0131n g\u00f6r\u00fcnt\u00fc t\u0259min edir.<br \/>\n\u2714Lens: 4.8 mm-d\u0259n 120 mm-\u0259 q\u0259d\u0259r, F1.6-F3.5<br \/>\n\u2714G\u00f6r\u00fc\u015f Buca\u011f\u0131: \u00dcf\u00fcqi: 57.6\u00b0-d\u0259n 2.5\u00b0-\u0259 q\u0259d\u0259r<br \/>\n3D A\u011f\u0131ll\u0131 M\u00f6vqe T\u0259yini: H\u0259r\u0259k\u0259tli obyektl\u0259ri izl\u0259m\u0259k v\u0259 \u0259vv\u0259lc\u0259d\u0259n t\u0259yin edilmi\u015f m\u00f6vqel\u0259r\u0259 avtomatik ke\u00e7id etm\u0259k imkan\u0131.<br \/>\n\u2714\u00c7evik video \u00e7\u0131x\u0131\u015f\u0131: TVI, AHD, CVI v\u0259 CVBS video \u00e7\u0131x\u0131\u015flar\u0131 il\u0259 m\u00fcxt\u0259lif sisteml\u0259rl\u0259 uy\u011funluq t\u0259min edir.<br \/>\nPan v\u0259 Tilt H\u0259r\u0259k\u0259ti: Pan: 360\u00b0 sonsuz, Tilt: -15\u00b0-d\u0259n 90\u00b0-\u0259 q\u0259d\u0259r (avtomatik \u00e7evrilm\u0259 il\u0259)<br \/>\nBu x\u00fcsusiyy\u0259tl\u0259ri il\u0259 DS-2AE4225TI-D modeli, geni\u015f \u0259razil\u0259rin m\u00fc\u015fahid\u0259si v\u0259 y\u00fcks\u0259k t\u0259hl\u00fck\u0259sizlik t\u0259l\u0259bl\u0259ri olan \u0259razil\u0259r \u00fc\u00e7\u00fcn ideal se\u00e7imdir. \u0130nki\u015faf etmi\u015f x\u00fcsusiyy\u0259tl\u0259ri il\u0259 effektiv t\u0259hl\u00fck\u0259sizlik t\u0259min edir.<\/p>\n","protected":false},"excerpt":{"rendered":"<p>Hikvision DS-2AE4225TI-D<br \/>\nY\u00fcks\u0259k keyfiyy\u0259tli g\u00f6r\u00fcnt\u00fc t\u0259min ed\u0259n v\u0259 geni\u015f x\u00fcsusiyy\u0259tl\u0259r\u0259 malik bir PTZ (Pan-Tilt-Zoom) kameras\u0131d\u0131r. Bu model, h\u0259m daxili, h\u0259m d\u0259 xarici m\u00fchitl\u0259rd\u0259 effektiv video m\u00fc\u015fahid\u0259 \u00fc\u00e7\u00fcn n\u0259z\u0259rd\u0259 tutulmu\u015fdur.<\/p>\n","protected":false},"featured_media":19314,"comment_status":"open","ping_status":"closed","template":"","meta":[],"product_cat":[2802,4016,2841],"product_tag":[3382,3132,2941,3379,2942,3380,3385,3381,3383,2937,3260,2939,2934,3378,3135,3142,3071,3384],"class_list":{"0":"post-19313","1":"product","2":"type-product","3":"status-publish","4":"has-post-thumbnail","6":"product_cat-analoq","7":"product_cat-hikvision","8":"product_cat-videonzart","9":"product_tag-camerainstallation","10":"product_tag-cctv","11":"product_tag-hikvision","12":"product_tag-hikvisioncamera","13":"product_tag-hikvisioncctv","14":"product_tag-hikvisionsecurity","15":"product_tag-hikvisionsolutions","16":"product_tag-hikvisionsystem","17":"product_tag-hikvisiontechnology","18":"product_tag-homesecurity","19":"product_tag-ipcamera","20":"product_tag-securitycamera","21":"product_tag-smartsecurity","22":"product_tag-sumqayithikvision","23":"product_tag-surveillance","24":"product_tag-thluksizlik","25":"product_tag-thluksizlikkameralari","26":"product_tag-videosurveillance","27":"description-off","29":"first","30":"instock","31":"shipping-taxable","32":"purchasable","33":"product-type-simple"},"_links":{"self":[{"href":"https:\/\/setap.az\/index.php?rest_route=\/wp\/v2\/product\/19313","targetHints":{"allow":["GET"]}}],"collection":[{"href":"https:\/\/setap.az\/index.php?rest_route=\/wp\/v2\/product"}],"about":[{"href":"https:\/\/setap.az\/index.php?rest_route=\/wp\/v2\/types\/product"}],"replies":[{"embeddable":true,"href":"https:\/\/setap.az\/index.php?rest_route=%2Fwp%2Fv2%2Fcomments&post=19313"}],"wp:featuredmedia":[{"embeddable":true,"href":"https:\/\/setap.az\/index.php?rest_route=\/wp\/v2\/media\/19314"}],"wp:attachment":[{"href":"https:\/\/setap.az\/index.php?rest_route=%2Fwp%2Fv2%2Fmedia&parent=19313"}],"wp:term":[{"taxonomy":"product_cat","embeddable":true,"href":"https:\/\/setap.az\/index.php?rest_route=%2Fwp%2Fv2%2Fproduct_cat&post=19313"},{"taxonomy":"product_tag","embeddable":true,"href":"https:\/\/setap.az\/index.php?rest_route=%2Fwp%2Fv2%2Fproduct_tag&post=19313"}],"curies":[{"name":"wp","href":"https:\/\/api.w.org\/{rel}","templated":true}]}}