{"id":19315,"date":"2025-05-22T14:06:10","date_gmt":"2025-05-22T10:06:10","guid":{"rendered":"https:\/\/setap.az\/?post_type=product&#038;p=19315"},"modified":"2026-01-07T16:27:52","modified_gmt":"2026-01-07T12:27:52","slug":"hikvision-ds-2cd2386g2-iu","status":"publish","type":"product","link":"https:\/\/setap.az\/?product=hikvision-ds-2cd2386g2-iu","title":{"rendered":"Hikvision DS-2CD2386G2-IU 8MP IP kamera"},"content":{"rendered":"<p>\ud83d\udd39Hikvision DS-2CD2386G2-IU\ud83d\udd39<br \/>\nY\u00fcks\u0259k Keyfiyy\u0259tli G\u00f6r\u00fcnt\u00fc: 8 MP (3840 \u00d7 2160) \u00e7\u00f6z\u00fcn\u00fcrl\u00fckd\u0259 ayd\u0131n v\u0259 detall\u0131 t\u0259svirl\u0259r<br \/>\nDarkFighter Texnologiyas\u0131: A\u015fa\u011f\u0131 i\u015f\u0131q \u015f\u0259raitind\u0259 bel\u0259 \u0259la performans<br \/>\nReal vaxt s\u0259s t\u0259hl\u00fck\u0259sizliyi \u00fc\u00e7\u00fcn daxili mikrofonla t\u0259chiz edilmi\u015fdir.<br \/>\nSensor: 1\/1.8&#8243; Progressive Scan CMOS<br \/>\nSabit lens variantlar\u0131: 2.8 mm \/ 4 mm \/ 6 mm (\u00fcf\u00fcqi bax\u0131\u015f buca\u011f\u0131 111\u00b0 \/ 87\u00b0 \/ 51\u00b0).<br \/>\nF1.6 diafraqma il\u0259 daha \u00e7ox i\u015f\u0131q toplama qabiliyy\u0259ti.<br \/>\n\u0130nsan v\u0259 avtomobil tan\u0131ma \u2014 yaln\u0131\u015f siqnallar\u0131n azalmas\u0131 \u00fc\u00e7\u00fcn deep learning analitikas\u0131.<br \/>\n\u201cFace Capture\u201d d\u0259st\u0259yi (\u00fcz tutma siqnallar\u0131).<br \/>\nDaxili mikrofon (-U) \u2014 s\u0259s qeydi v\u0259 real-time audio.<br \/>\nmicroSD slotu il\u0259 yerli yadda\u015f (ad\u0259t\u0259n ~256 GB).<br \/>\nH.265+, H.265, H.264+, H.264 video s\u0131x\u0131lma-texnologiyalar\u0131.<br \/>\nIP67 \u2014 su v\u0259 tozdan qorunma s\u0259viyy\u0259si (\u00e7\u00f6l m\u00fchiti \u00fc\u00e7\u00fcn ph\u00f9nl\u0259ndirilmi\u015f).<br \/>\n\u0130\u015fl\u0259m\u0259 temperaturu: -30 \u00b0C \u2026 +60 \u00b0C.<br \/>\nKorpus material\u0131 \u2014 metal + plastik elementl\u0259r.<br \/>\n\u0130\u015f\u0131qland\u0131rma M\u0259saf\u0259si: 30 m-\u0259 q\u0259d\u0259r<\/p>\n","protected":false},"excerpt":{"rendered":"<p>\ud83d\udd39Hikvision DS-2CD2386G2-IU\ud83d\udd39 Y\u00fcks\u0259k Keyfiyy\u0259tli G\u00f6r\u00fcnt\u00fc: 8 MP (3840 \u00d7 2160) \u00e7\u00f6z\u00fcn\u00fcrl\u00fckd\u0259 ayd\u0131n v\u0259 detall\u0131 t\u0259svirl\u0259r DarkFighter Texnologiyas\u0131: A\u015fa\u011f\u0131 i\u015f\u0131q \u015f\u0259raitind\u0259 bel\u0259 \u0259la performans Real vaxt s\u0259s t\u0259hl\u00fck\u0259sizliyi \u00fc\u00e7\u00fcn daxili mikrofonla t\u0259chiz edilmi\u015fdir. Sensor: 1\/1.8&#8243; Progressive Scan CMOS Sabit lens variantlar\u0131: 2.8 mm \/ 4 mm \/ 6 mm (\u00fcf\u00fcqi bax\u0131\u015f buca\u011f\u0131 111\u00b0 \/ 87\u00b0 \/&hellip;<\/p>\n","protected":false},"featured_media":19316,"comment_status":"open","ping_status":"closed","template":"","meta":[],"product_cat":[4016,2849],"product_tag":[3382,3132,2941,3379,2942,3380,3385,3381,3383,2937,3260,2939,2934,3378,3135,3142,3071,3384],"class_list":{"0":"post-19315","1":"product","2":"type-product","3":"status-publish","4":"has-post-thumbnail","6":"product_cat-hikvision","7":"product_cat-videokameralar","8":"product_tag-camerainstallation","9":"product_tag-cctv","10":"product_tag-hikvision","11":"product_tag-hikvisioncamera","12":"product_tag-hikvisioncctv","13":"product_tag-hikvisionsecurity","14":"product_tag-hikvisionsolutions","15":"product_tag-hikvisionsystem","16":"product_tag-hikvisiontechnology","17":"product_tag-homesecurity","18":"product_tag-ipcamera","19":"product_tag-securitycamera","20":"product_tag-smartsecurity","21":"product_tag-sumqayithikvision","22":"product_tag-surveillance","23":"product_tag-thluksizlik","24":"product_tag-thluksizlikkameralari","25":"product_tag-videosurveillance","26":"description-off","28":"first","29":"instock","30":"shipping-taxable","31":"purchasable","32":"product-type-simple"},"_links":{"self":[{"href":"https:\/\/setap.az\/index.php?rest_route=\/wp\/v2\/product\/19315","targetHints":{"allow":["GET"]}}],"collection":[{"href":"https:\/\/setap.az\/index.php?rest_route=\/wp\/v2\/product"}],"about":[{"href":"https:\/\/setap.az\/index.php?rest_route=\/wp\/v2\/types\/product"}],"replies":[{"embeddable":true,"href":"https:\/\/setap.az\/index.php?rest_route=%2Fwp%2Fv2%2Fcomments&post=19315"}],"wp:featuredmedia":[{"embeddable":true,"href":"https:\/\/setap.az\/index.php?rest_route=\/wp\/v2\/media\/19316"}],"wp:attachment":[{"href":"https:\/\/setap.az\/index.php?rest_route=%2Fwp%2Fv2%2Fmedia&parent=19315"}],"wp:term":[{"taxonomy":"product_cat","embeddable":true,"href":"https:\/\/setap.az\/index.php?rest_route=%2Fwp%2Fv2%2Fproduct_cat&post=19315"},{"taxonomy":"product_tag","embeddable":true,"href":"https:\/\/setap.az\/index.php?rest_route=%2Fwp%2Fv2%2Fproduct_tag&post=19315"}],"curies":[{"name":"wp","href":"https:\/\/api.w.org\/{rel}","templated":true}]}}