{"id":19320,"date":"2025-05-22T15:00:58","date_gmt":"2025-05-22T11:00:58","guid":{"rendered":"https:\/\/setap.az\/?post_type=product&#038;p=19320"},"modified":"2026-01-09T14:03:09","modified_gmt":"2026-01-09T10:03:09","slug":"ds-2cd2t87g2-lhikvision-musahid%c9%99-kamerasi","status":"publish","type":"product","link":"https:\/\/setap.az\/?product=ds-2cd2t87g2-lhikvision-musahid%c9%99-kamerasi","title":{"rendered":"Hikvision DS-2CD2T87G2-L 8 MP IP T\u0259hl\u00fck\u0259sizlik kameras\u0131"},"content":{"rendered":"<p>\ud83d\udd38DS-2CD2T87G2-L&#8221;Hikvision&#8221; 8MP IP T\u0259hl\u00fck\u0259sizlik kameras\u0131\ud83d\udd38<br \/>\n\u2714 8 MP (3840 \u00d7 2160) \u00e7\u00f6z\u00fcn\u00fcrl\u00fckd\u0259 ayd\u0131n v\u0259 detall\u0131 t\u0259svirl\u0259r<br \/>\n\u2714 F1.0 super diyafram v\u0259 y\u00fcks\u0259k performansl\u0131 sensorlar say\u0259sind\u0259 24\/7 r\u0259ngli g\u00f6r\u00fcnt\u00fcl\u0259r<br \/>\n\u2714 Tam qaranl\u0131q \u015f\u0259raitd\u0259 bel\u0259, daxili isti \u0259lav\u0259 i\u015f\u0131qland\u0131rma il\u0259 r\u0259ngli t\u0259svirl\u0259r<br \/>\n\u2714 60 metr\u0259 q\u0259d\u0259r a\u011f i\u015f\u0131qland\u0131rma il\u0259 z\u0259if i\u015f\u0131qland\u0131rma \u015f\u0259raitind\u0259 d\u0259 r\u0259ngli g\u00f6r\u00fcnt\u00fc<br \/>\n\u2714 Sensor: 1\/1.2&#8243; Progressive Scan CMOS<br \/>\n\u2714 Obyektiv: 2.8 mm, 4 mm v\u0259 6 mm sabit obyektiv se\u00e7iml\u0259ri<br \/>\n\u2714 2.8 mm: \u00dcf\u00fcqi: 102\u00b0, \u015eaquli: 52\u00b0, Diaqonal: 124\u00b0 4 mm: \u00dcf\u00fcqi: 88\u00b0, \u015eaquli: 49\u00b0, Diaqonal: 102\u00b0 6 mm: \u00dcf\u00fcqi: 54\u00b0, \u015eaquli: 30\u00b0, Diaqonal: 62\u00b0<br \/>\n\u2714 S\u0131x\u0131lma Formatlar\u0131: H.265+\/H.265\/H.264+\/H.264<br \/>\n\u2714 Yadda\u015f d\u0259st\u0259yi: 256 GB-a q\u0259d\u0259r<br \/>\n\u2714 M\u00fchafiz\u0259 s\u0259viyy\u0259si: IP67<\/p>\n","protected":false},"excerpt":{"rendered":"<p>\ud83d\udd38DS-2CD2T87G2-L&#8221;Hikvision&#8221; 8MP IP T\u0259hl\u00fck\u0259sizlik kameras\u0131\ud83d\udd38 \u2714 8 MP (3840 \u00d7 2160) \u00e7\u00f6z\u00fcn\u00fcrl\u00fckd\u0259 ayd\u0131n v\u0259 detall\u0131 t\u0259svirl\u0259r \u2714 F1.0 super diyafram v\u0259 y\u00fcks\u0259k performansl\u0131 sensorlar say\u0259sind\u0259 24\/7 r\u0259ngli g\u00f6r\u00fcnt\u00fcl\u0259r \u2714 Tam qaranl\u0131q \u015f\u0259raitd\u0259 bel\u0259, daxili isti \u0259lav\u0259 i\u015f\u0131qland\u0131rma il\u0259 r\u0259ngli t\u0259svirl\u0259r \u2714 60 metr\u0259 q\u0259d\u0259r a\u011f i\u015f\u0131qland\u0131rma il\u0259 z\u0259if i\u015f\u0131qland\u0131rma \u015f\u0259raitind\u0259 d\u0259 r\u0259ngli g\u00f6r\u00fcnt\u00fc \u2714 Sensor:&hellip;<\/p>\n","protected":false},"featured_media":19321,"comment_status":"open","ping_status":"closed","template":"","meta":[],"product_cat":[4016,2849],"product_tag":[3382,3132,2941,3379,2942,3380,3385,3381,3383,2937,3260,2939,2934,3378,3135,3142,3071,3384],"class_list":{"0":"post-19320","1":"product","2":"type-product","3":"status-publish","4":"has-post-thumbnail","6":"product_cat-hikvision","7":"product_cat-videokameralar","8":"product_tag-camerainstallation","9":"product_tag-cctv","10":"product_tag-hikvision","11":"product_tag-hikvisioncamera","12":"product_tag-hikvisioncctv","13":"product_tag-hikvisionsecurity","14":"product_tag-hikvisionsolutions","15":"product_tag-hikvisionsystem","16":"product_tag-hikvisiontechnology","17":"product_tag-homesecurity","18":"product_tag-ipcamera","19":"product_tag-securitycamera","20":"product_tag-smartsecurity","21":"product_tag-sumqayithikvision","22":"product_tag-surveillance","23":"product_tag-thluksizlik","24":"product_tag-thluksizlikkameralari","25":"product_tag-videosurveillance","26":"description-off","28":"first","29":"instock","30":"shipping-taxable","31":"purchasable","32":"product-type-simple"},"_links":{"self":[{"href":"https:\/\/setap.az\/index.php?rest_route=\/wp\/v2\/product\/19320","targetHints":{"allow":["GET"]}}],"collection":[{"href":"https:\/\/setap.az\/index.php?rest_route=\/wp\/v2\/product"}],"about":[{"href":"https:\/\/setap.az\/index.php?rest_route=\/wp\/v2\/types\/product"}],"replies":[{"embeddable":true,"href":"https:\/\/setap.az\/index.php?rest_route=%2Fwp%2Fv2%2Fcomments&post=19320"}],"wp:featuredmedia":[{"embeddable":true,"href":"https:\/\/setap.az\/index.php?rest_route=\/wp\/v2\/media\/19321"}],"wp:attachment":[{"href":"https:\/\/setap.az\/index.php?rest_route=%2Fwp%2Fv2%2Fmedia&parent=19320"}],"wp:term":[{"taxonomy":"product_cat","embeddable":true,"href":"https:\/\/setap.az\/index.php?rest_route=%2Fwp%2Fv2%2Fproduct_cat&post=19320"},{"taxonomy":"product_tag","embeddable":true,"href":"https:\/\/setap.az\/index.php?rest_route=%2Fwp%2Fv2%2Fproduct_tag&post=19320"}],"curies":[{"name":"wp","href":"https:\/\/api.w.org\/{rel}","templated":true}]}}