{"id":19322,"date":"2025-05-22T15:08:22","date_gmt":"2025-05-22T11:08:22","guid":{"rendered":"https:\/\/setap.az\/?post_type=product&#038;p=19322"},"modified":"2026-01-09T13:58:09","modified_gmt":"2026-01-09T09:58:09","slug":"hikvision-ds-2cd2t86g2-2i","status":"publish","type":"product","link":"https:\/\/setap.az\/?product=hikvision-ds-2cd2t86g2-2i","title":{"rendered":"Hikvision DS-2CD2T86G2-2I 8 MP IP kamera"},"content":{"rendered":"<p>Hikvision DS-2CD2T86G2-2I 8 MP IP kamera<br \/>\n8 meqapiksellik \u00e7\u00f6z\u00fcn\u00fcrl\u00fck v\u0259 inki\u015faf etmi\u015f x\u00fcsusiyy\u0259tl\u0259ri il\u0259 se\u00e7il\u0259n sabit bullet tipli \u015f\u0259b\u0259k\u0259 kameras\u0131d\u0131r.<br \/>\n\u2714Y\u00fcks\u0259k Keyfiyy\u0259tli G\u00f6r\u00fcnt\u00fc: 8 MP (3840 \u00d7 2160) \u00e7\u00f6z\u00fcn\u00fcrl\u00fckd\u0259 ayd\u0131n v\u0259 detall\u0131 t\u0259svirl\u0259r t\u0259qdim edir.<br \/>\n\u2714A\u015fa\u011f\u0131 \u0130\u015f\u0131q \u015e\u0259raitind\u0259 Y\u00fcks\u0259k Performans: DarkFighter texnologiyas\u0131 il\u0259 z\u0259if i\u015f\u0131qland\u0131rma \u015f\u0259raitind\u0259 \u0259la performans g\u00f6st\u0259rir.<br \/>\n\u2714AcuSense Texnologiyas\u0131: D\u0259rin \u00f6yr\u0259nm\u0259y\u0259 \u0259saslanan insan v\u0259 n\u0259qliyyat vasit\u0259l\u0259rinin t\u0259snifat\u0131na diqq\u0259t yetir\u0259r\u0259k yanl\u0131\u015f h\u0259y\u0259can siqnallar\u0131n\u0131 azald\u0131r.<br \/>\nGec\u0259 G\u00f6r\u00fc\u015f\u00fc: 60 metr\u0259 q\u0259d\u0259r IR i\u015f\u0131qland\u0131rma il\u0259 z\u0259if i\u015f\u0131qland\u0131rma \u015f\u0259raitind\u0259 d\u0259 y\u00fcks\u0259k keyfiyy\u0259tli g\u00f6r\u00fcnt\u00fc t\u0259min edir.<br \/>\n\u2714Sensor: 1\/1.8&#8243; Progressive Scan CMOS<br \/>\n\u2714Obyektiv: 2.8 mm, 4 mm v\u0259 6 mm sabit obyektiv se\u00e7iml\u0259ri<br \/>\n\u27142.8 mm: \u00dcf\u00fcqi: 111\u00b0, \u015eaquli: 59\u00b0, Diaqonal: 131\u00b0 4 mm: \u00dcf\u00fcqi: 87\u00b0, \u015eaquli: 47\u00b0, Diaqonal: 102\u00b0 6 mm: \u00dcf\u00fcqi: 51\u00b0, \u015eaquli: 28\u00b0, Diaqonal: 60\u00b0<br \/>\n\u2714Yadda\u015f D\u0259st\u0259yi: 256 GB-a q\u0259d\u0259r<br \/>\nBu x\u00fcsusiyy\u0259tl\u0259ri il\u0259 DS-2CD2T86G2-2I modeli, y\u00fcks\u0259k t\u0259hl\u00fck\u0259sizlik t\u0259l\u0259bl\u0259ri olan \u0259razil\u0259rin m\u00fc\u015fahid\u0259si \u00fc\u00e7\u00fcn ideal se\u00e7imdir v\u0259 inki\u015faf etmi\u015f x\u00fcsusiyy\u0259tl\u0259ri il\u0259 effektiv t\u0259hl\u00fck\u0259sizlik t\u0259min edir.<\/p>\n","protected":false},"excerpt":{"rendered":"<p>Hikvision DS-2CD2T86G2-2I 8 MP IP kamera 8 meqapiksellik \u00e7\u00f6z\u00fcn\u00fcrl\u00fck v\u0259 inki\u015faf etmi\u015f x\u00fcsusiyy\u0259tl\u0259ri il\u0259 se\u00e7il\u0259n sabit bullet tipli \u015f\u0259b\u0259k\u0259 kameras\u0131d\u0131r. \u2714Y\u00fcks\u0259k Keyfiyy\u0259tli G\u00f6r\u00fcnt\u00fc: 8 MP (3840 \u00d7 2160) \u00e7\u00f6z\u00fcn\u00fcrl\u00fckd\u0259 ayd\u0131n v\u0259 detall\u0131 t\u0259svirl\u0259r t\u0259qdim edir. \u2714A\u015fa\u011f\u0131 \u0130\u015f\u0131q \u015e\u0259raitind\u0259 Y\u00fcks\u0259k Performans: DarkFighter texnologiyas\u0131 il\u0259 z\u0259if i\u015f\u0131qland\u0131rma \u015f\u0259raitind\u0259 \u0259la performans g\u00f6st\u0259rir. \u2714AcuSense Texnologiyas\u0131: D\u0259rin \u00f6yr\u0259nm\u0259y\u0259 \u0259saslanan insan&hellip;<\/p>\n","protected":false},"featured_media":19323,"comment_status":"open","ping_status":"closed","template":"","meta":[],"product_cat":[4016,2849],"product_tag":[3382,3132,2941,3379,2942,3380,3385,3381,3383,2937,3260,2939,2934,3378,3135,3142,3071,3384],"class_list":{"0":"post-19322","1":"product","2":"type-product","3":"status-publish","4":"has-post-thumbnail","6":"product_cat-hikvision","7":"product_cat-videokameralar","8":"product_tag-camerainstallation","9":"product_tag-cctv","10":"product_tag-hikvision","11":"product_tag-hikvisioncamera","12":"product_tag-hikvisioncctv","13":"product_tag-hikvisionsecurity","14":"product_tag-hikvisionsolutions","15":"product_tag-hikvisionsystem","16":"product_tag-hikvisiontechnology","17":"product_tag-homesecurity","18":"product_tag-ipcamera","19":"product_tag-securitycamera","20":"product_tag-smartsecurity","21":"product_tag-sumqayithikvision","22":"product_tag-surveillance","23":"product_tag-thluksizlik","24":"product_tag-thluksizlikkameralari","25":"product_tag-videosurveillance","26":"description-off","28":"first","29":"instock","30":"shipping-taxable","31":"purchasable","32":"product-type-simple"},"_links":{"self":[{"href":"https:\/\/setap.az\/index.php?rest_route=\/wp\/v2\/product\/19322","targetHints":{"allow":["GET"]}}],"collection":[{"href":"https:\/\/setap.az\/index.php?rest_route=\/wp\/v2\/product"}],"about":[{"href":"https:\/\/setap.az\/index.php?rest_route=\/wp\/v2\/types\/product"}],"replies":[{"embeddable":true,"href":"https:\/\/setap.az\/index.php?rest_route=%2Fwp%2Fv2%2Fcomments&post=19322"}],"wp:featuredmedia":[{"embeddable":true,"href":"https:\/\/setap.az\/index.php?rest_route=\/wp\/v2\/media\/19323"}],"wp:attachment":[{"href":"https:\/\/setap.az\/index.php?rest_route=%2Fwp%2Fv2%2Fmedia&parent=19322"}],"wp:term":[{"taxonomy":"product_cat","embeddable":true,"href":"https:\/\/setap.az\/index.php?rest_route=%2Fwp%2Fv2%2Fproduct_cat&post=19322"},{"taxonomy":"product_tag","embeddable":true,"href":"https:\/\/setap.az\/index.php?rest_route=%2Fwp%2Fv2%2Fproduct_tag&post=19322"}],"curies":[{"name":"wp","href":"https:\/\/api.w.org\/{rel}","templated":true}]}}