{"id":19328,"date":"2025-05-22T15:42:48","date_gmt":"2025-05-22T11:42:48","guid":{"rendered":"https:\/\/setap.az\/?post_type=product&#038;p=19328"},"modified":"2026-01-07T16:19:59","modified_gmt":"2026-01-07T12:19:59","slug":"hikvision-ds-2cd2366g2-iu","status":"publish","type":"product","link":"https:\/\/setap.az\/?product=hikvision-ds-2cd2366g2-iu","title":{"rendered":"Hikvision DS-2CD2366G2-IU 6MP IP kamera"},"content":{"rendered":"<p>Hikvision DS-2CD2366G2-IU<br \/>\n6 meqapiksellik \u00e7\u00f6z\u00fcn\u00fcrl\u00fck v\u0259 inki\u015faf etmi\u015f x\u00fcsusiyy\u0259tl\u0259ri il\u0259 se\u00e7il\u0259n ayd\u0131n v\u0259 detall\u0131 t\u0259svirl\u0259r t\u0259qdim ed\u0259n sabit turret tipli \u015f\u0259b\u0259k\u0259 kameras\u0131d\u0131r<br \/>\nSensor: 1\/2.4&#8243; Progressive Scan CMOS<br \/>\nDarkFighter texnologiyas\u0131 say\u0259sind\u0259 z\u0259if i\u015f\u0131qland\u0131rma \u015f\u0259raitind\u0259 bel\u0259 y\u00fcks\u0259k keyfiyy\u0259tli g\u00f6r\u00fcnt\u00fcl\u0259r t\u0259min edir.<br \/>\nAcuSense texnologiyas\u0131 il\u0259 insan v\u0259 n\u0259qliyyat vasit\u0259l\u0259rinin t\u0259sbitin\u0259 fokuslanaraq yanl\u0131\u015f h\u0259y\u0259can siqnallar\u0131n\u0131 azald\u0131r.<br \/>\nReal vaxtda s\u0259sli t\u0259hl\u00fck\u0259sizlik \u00fc\u00e7\u00fcn daxili mikrofonla t\u0259chiz olunub.<br \/>\nIP67 standart\u0131na uy\u011fun olaraq suya v\u0259 toza qar\u015f\u0131 davaml\u0131d\u0131r, bu da onu h\u0259m daxili, h\u0259m d\u0259 xarici m\u00fchitl\u0259rd\u0259 istifad\u0259y\u0259 yararl\u0131 edir.<br \/>\nObyektiv: 2.8 mm sabit obyektiv<br \/>\nG\u00f6r\u00fc\u015f Buca\u011f\u0131: \u00dcf\u00fcqi: 105.1\u00b0, \u015eaquli: 53.4\u00b0, Diaqonal: 128.6\u00b0<br \/>\n\u0130\u015f\u0131qland\u0131rma M\u0259saf\u0259si: 30 m-\u0259 q\u0259d\u0259r IR i\u015f\u0131qland\u0131rma<br \/>\nVideo \u00c7\u00f6z\u00fcn\u00fcrl\u00fckl\u0259ri: 3200 \u00d7 1800<br \/>\nYadda\u015f D\u0259st\u0259yi: 512 GB-a q\u0259d\u0259r microSD\/microSDHC\/microSDXC kart d\u0259st\u0259yi<br \/>\n\u0130\u015fl\u0259m\u0259 Temperaturu: -30\u00b0C ~ +60\u00b0C<\/p>\n","protected":false},"excerpt":{"rendered":"<p>Hikvision DS-2CD2366G2-IU 6 meqapiksellik \u00e7\u00f6z\u00fcn\u00fcrl\u00fck v\u0259 inki\u015faf etmi\u015f x\u00fcsusiyy\u0259tl\u0259ri il\u0259 se\u00e7il\u0259n ayd\u0131n v\u0259 detall\u0131 t\u0259svirl\u0259r t\u0259qdim ed\u0259n sabit turret tipli \u015f\u0259b\u0259k\u0259 kameras\u0131d\u0131r Sensor: 1\/2.4&#8243; Progressive Scan CMOS DarkFighter texnologiyas\u0131 say\u0259sind\u0259 z\u0259if i\u015f\u0131qland\u0131rma \u015f\u0259raitind\u0259 bel\u0259 y\u00fcks\u0259k keyfiyy\u0259tli g\u00f6r\u00fcnt\u00fcl\u0259r t\u0259min edir. AcuSense texnologiyas\u0131 il\u0259 insan v\u0259 n\u0259qliyyat vasit\u0259l\u0259rinin t\u0259sbitin\u0259 fokuslanaraq yanl\u0131\u015f h\u0259y\u0259can siqnallar\u0131n\u0131 azald\u0131r. Real vaxtda s\u0259sli&hellip;<\/p>\n","protected":false},"featured_media":19329,"comment_status":"open","ping_status":"closed","template":"","meta":[],"product_cat":[4016,2849],"product_tag":[3382,3132,2941,3379,2942,3380,3385,3381,3383,2937,3260,2939,2934,3378,3135,3142,3071,3384],"class_list":{"0":"post-19328","1":"product","2":"type-product","3":"status-publish","4":"has-post-thumbnail","6":"product_cat-hikvision","7":"product_cat-videokameralar","8":"product_tag-camerainstallation","9":"product_tag-cctv","10":"product_tag-hikvision","11":"product_tag-hikvisioncamera","12":"product_tag-hikvisioncctv","13":"product_tag-hikvisionsecurity","14":"product_tag-hikvisionsolutions","15":"product_tag-hikvisionsystem","16":"product_tag-hikvisiontechnology","17":"product_tag-homesecurity","18":"product_tag-ipcamera","19":"product_tag-securitycamera","20":"product_tag-smartsecurity","21":"product_tag-sumqayithikvision","22":"product_tag-surveillance","23":"product_tag-thluksizlik","24":"product_tag-thluksizlikkameralari","25":"product_tag-videosurveillance","26":"description-off","28":"first","29":"instock","30":"shipping-taxable","31":"purchasable","32":"product-type-simple"},"_links":{"self":[{"href":"https:\/\/setap.az\/index.php?rest_route=\/wp\/v2\/product\/19328","targetHints":{"allow":["GET"]}}],"collection":[{"href":"https:\/\/setap.az\/index.php?rest_route=\/wp\/v2\/product"}],"about":[{"href":"https:\/\/setap.az\/index.php?rest_route=\/wp\/v2\/types\/product"}],"replies":[{"embeddable":true,"href":"https:\/\/setap.az\/index.php?rest_route=%2Fwp%2Fv2%2Fcomments&post=19328"}],"wp:featuredmedia":[{"embeddable":true,"href":"https:\/\/setap.az\/index.php?rest_route=\/wp\/v2\/media\/19329"}],"wp:attachment":[{"href":"https:\/\/setap.az\/index.php?rest_route=%2Fwp%2Fv2%2Fmedia&parent=19328"}],"wp:term":[{"taxonomy":"product_cat","embeddable":true,"href":"https:\/\/setap.az\/index.php?rest_route=%2Fwp%2Fv2%2Fproduct_cat&post=19328"},{"taxonomy":"product_tag","embeddable":true,"href":"https:\/\/setap.az\/index.php?rest_route=%2Fwp%2Fv2%2Fproduct_tag&post=19328"}],"curies":[{"name":"wp","href":"https:\/\/api.w.org\/{rel}","templated":true}]}}