{"id":19330,"date":"2025-05-22T16:10:39","date_gmt":"2025-05-22T12:10:39","guid":{"rendered":"https:\/\/setap.az\/?post_type=product&#038;p=19330"},"modified":"2026-01-09T12:59:03","modified_gmt":"2026-01-09T08:59:03","slug":"hikvision-ds-2cd2667g2ht-lizs","status":"publish","type":"product","link":"https:\/\/setap.az\/?product=hikvision-ds-2cd2667g2ht-lizs","title":{"rendered":"Hikvision DS-2CD2667G2HT-LIZS 6 MP IP kamera"},"content":{"rendered":"<p>Hikvision DS-2CD2667G2HT-LIZS 6 MP IP kamera<br \/>\nY\u00fcks\u0259k keyfiyy\u0259tli g\u00f6r\u00fcnt\u00fc v\u0259 inki\u015faf etmi\u015f x\u00fcsusiyy\u0259tl\u0259ri il\u0259 se\u00e7il\u0259n 6 meqapiksellik \u00e7\u00f6z\u00fcn\u00fcrl\u00fckd\u0259 (3200 \u00d7 1800 piksel) ayd\u0131n v\u0259 detall\u0131 t\u0259svirl\u0259r t\u0259qdim ed\u0259n motorlu varifokal bullet tipli \u015f\u0259b\u0259k\u0259 kameras\u0131d\u0131r.<br \/>\nUzaq m\u0259saf\u0259l\u0259rd\u0259 bel\u0259 effektiv i\u015f\u0131qland\u0131rma t\u0259min ed\u0259n inki\u015faf etmi\u015f texnologiya il\u0259 t\u0259chiz olunub.<br \/>\nSensor: 1\/1.8&#8243; Progressive Scan CMOS<br \/>\n2.8-12 mm aral\u0131\u011f\u0131nda motorlu varifokal obyektiv il\u0259 asan qura\u015fd\u0131rma v\u0259 m\u00fc\u015fahid\u0259 imkan\u0131 verir.<br \/>\nG\u00f6r\u00fc\u015f Buca\u011f\u0131: \u00dcf\u00fcqi: 112.3\u00b0 &#8211; 41.2\u00b0, \u015eaquli: 58.1\u00b0 &#8211; 23.1\u00b0, Diaqonal: 137.4\u00b0 &#8211; 47.3\u00b0<br \/>\n\u0130nsan v\u0259 n\u0259qliyyat vasit\u0259l\u0259rinin t\u0259sbitin\u0259 fokuslanaraq yanl\u0131\u015f h\u0259y\u0259can siqnallar\u0131n\u0131 azald\u0131r.<br \/>\nIP67 v\u0259 IK10 standartlar\u0131na uy\u011fun olaraq suya, toza v\u0259 vandalizm\u0259 qar\u015f\u0131 davaml\u0131d\u0131r, bu da onu h\u0259m daxili, h\u0259m d\u0259 xarici m\u00fchitl\u0259rd\u0259 istifad\u0259y\u0259 yararl\u0131 edir.<br \/>\nIR v\u0259 A\u011f \u0130\u015f\u0131q: 60 m-\u0259 q\u0259d\u0259r<br \/>\nYadda\u015f D\u0259st\u0259yi: 512 GB-a q\u0259d\u0259r microSD\/microSDHC\/microSDXC kart d\u0259st\u0259yi<br \/>\nM\u00fchafiz\u0259 S\u0259viyy\u0259si: IP67, IK10<br \/>\n\u0130\u015fl\u0259m\u0259 Temperaturu: -30\u00b0C ~ +60\u00b0C<br \/>\nBu x\u00fcsusiyy\u0259tl\u0259ri il\u0259 DS-2CD2667G2HT-LIZS modeli, y\u00fcks\u0259k t\u0259hl\u00fck\u0259sizlik t\u0259l\u0259bl\u0259ri olan \u0259razil\u0259rin m\u00fc\u015fahid\u0259si \u00fc\u00e7\u00fcn ideal se\u00e7imdir v\u0259 inki\u015faf etmi\u015f x\u00fcsusiyy\u0259tl\u0259ri il\u0259 effektiv t\u0259hl\u00fck\u0259sizlik t\u0259min edir.<\/p>\n","protected":false},"excerpt":{"rendered":"<p>Hikvision DS-2CD2667G2HT-LIZS 6 MP IP kamera Y\u00fcks\u0259k keyfiyy\u0259tli g\u00f6r\u00fcnt\u00fc v\u0259 inki\u015faf etmi\u015f x\u00fcsusiyy\u0259tl\u0259ri il\u0259 se\u00e7il\u0259n 6 meqapiksellik \u00e7\u00f6z\u00fcn\u00fcrl\u00fckd\u0259 (3200 \u00d7 1800 piksel) ayd\u0131n v\u0259 detall\u0131 t\u0259svirl\u0259r t\u0259qdim ed\u0259n motorlu varifokal bullet tipli \u015f\u0259b\u0259k\u0259 kameras\u0131d\u0131r. Uzaq m\u0259saf\u0259l\u0259rd\u0259 bel\u0259 effektiv i\u015f\u0131qland\u0131rma t\u0259min ed\u0259n inki\u015faf etmi\u015f texnologiya il\u0259 t\u0259chiz olunub. Sensor: 1\/1.8&#8243; Progressive Scan CMOS 2.8-12 mm aral\u0131\u011f\u0131nda&hellip;<\/p>\n","protected":false},"featured_media":19331,"comment_status":"open","ping_status":"closed","template":"","meta":[],"product_cat":[4016,2849],"product_tag":[3382,3132,2941,3379,2942,3750,3380,3385,3381,3383,2937,3260,2939,2934,3378,3135,3142,3071,3384],"class_list":{"0":"post-19330","1":"product","2":"type-product","3":"status-publish","4":"has-post-thumbnail","6":"product_cat-hikvision","7":"product_cat-videokameralar","8":"product_tag-camerainstallation","9":"product_tag-cctv","10":"product_tag-hikvision","11":"product_tag-hikvisioncamera","12":"product_tag-hikvisioncctv","13":"product_tag-hikvisionmusahidkamerasi","14":"product_tag-hikvisionsecurity","15":"product_tag-hikvisionsolutions","16":"product_tag-hikvisionsystem","17":"product_tag-hikvisiontechnology","18":"product_tag-homesecurity","19":"product_tag-ipcamera","20":"product_tag-securitycamera","21":"product_tag-smartsecurity","22":"product_tag-sumqayithikvision","23":"product_tag-surveillance","24":"product_tag-thluksizlik","25":"product_tag-thluksizlikkameralari","26":"product_tag-videosurveillance","27":"description-off","29":"first","30":"instock","31":"shipping-taxable","32":"purchasable","33":"product-type-simple"},"_links":{"self":[{"href":"https:\/\/setap.az\/index.php?rest_route=\/wp\/v2\/product\/19330","targetHints":{"allow":["GET"]}}],"collection":[{"href":"https:\/\/setap.az\/index.php?rest_route=\/wp\/v2\/product"}],"about":[{"href":"https:\/\/setap.az\/index.php?rest_route=\/wp\/v2\/types\/product"}],"replies":[{"embeddable":true,"href":"https:\/\/setap.az\/index.php?rest_route=%2Fwp%2Fv2%2Fcomments&post=19330"}],"wp:featuredmedia":[{"embeddable":true,"href":"https:\/\/setap.az\/index.php?rest_route=\/wp\/v2\/media\/19331"}],"wp:attachment":[{"href":"https:\/\/setap.az\/index.php?rest_route=%2Fwp%2Fv2%2Fmedia&parent=19330"}],"wp:term":[{"taxonomy":"product_cat","embeddable":true,"href":"https:\/\/setap.az\/index.php?rest_route=%2Fwp%2Fv2%2Fproduct_cat&post=19330"},{"taxonomy":"product_tag","embeddable":true,"href":"https:\/\/setap.az\/index.php?rest_route=%2Fwp%2Fv2%2Fproduct_tag&post=19330"}],"curies":[{"name":"wp","href":"https:\/\/api.w.org\/{rel}","templated":true}]}}