{"id":19334,"date":"2025-05-22T16:19:27","date_gmt":"2025-05-22T12:19:27","guid":{"rendered":"https:\/\/setap.az\/?post_type=product&#038;p=19334"},"modified":"2026-01-09T11:51:45","modified_gmt":"2026-01-09T07:51:45","slug":"hikvision-ds-2cd2t63g2-4i","status":"publish","type":"product","link":"https:\/\/setap.az\/?product=hikvision-ds-2cd2t63g2-4i","title":{"rendered":"Hikvision DS-2CD2T63G2-4I  6MP IP kamera"},"content":{"rendered":"<p>Hikvision DS-2CD2T63G2-4I 6MP IP kamera<br \/>\n\u2714 6 meqapiksellik \u00e7\u00f6z\u00fcn\u00fcrl\u00fck v\u0259 inki\u015faf etmi\u015f x\u00fcsusiyy\u0259tl\u0259ri il\u0259 se\u00e7il\u0259n bir AcuSense sabit bullet tipli \u015f\u0259b\u0259k\u0259 kameras\u0131d\u0131r.<br \/>\n\u2714 Bu kamera, h\u0259m daxili, h\u0259m d\u0259 xarici m\u00fchitl\u0259rd\u0259 y\u00fcks\u0259k keyfiyy\u0259tli g\u00f6r\u00fcnt\u00fc v\u0259 a\u011f\u0131ll\u0131 analitika t\u0259min etm\u0259k \u00fc\u00e7\u00fcn n\u0259z\u0259rd\u0259 tutulmu\u015fdur.<br \/>\n\u2714 Y\u00fcks\u0259k keyfiyy\u0259tli g\u00f6r\u00fcnt\u00fc: 3200 \u00d7 1800 piksel \u00e7\u00f6z\u00fcn\u00fcrl\u00fckd\u0259 ayd\u0131n v\u0259 detall\u0131 t\u0259svirl\u0259r t\u0259qdim edir.<br \/>\n\u2714 AcuSense texnologiyas\u0131: D\u0259rin \u00f6yr\u0259nm\u0259 alqoritml\u0259ri il\u0259 insan v\u0259 n\u0259qliyyat vasit\u0259l\u0259rini tan\u0131yaraq yanl\u0131\u015f h\u0259y\u0259can siqnallar\u0131n\u0131 azald\u0131r v\u0259 t\u0259hl\u00fck\u0259sizlik t\u0259dbirl\u0259rini optimalla\u015fd\u0131r\u0131r.<br \/>\nGec\u0259 g\u00f6r\u00fcnt\u00fcs\u00fc: IR LED-l\u0259r vasit\u0259sil\u0259 80 metr\u0259 q\u0259d\u0259r m\u0259saf\u0259d\u0259 gec\u0259 g\u00f6r\u00fcnt\u00fcs\u00fc t\u0259min edir.<br \/>\n\u2714 M\u00fchafiz\u0259 s\u0259viyy\u0259si: IP67 standart\u0131na uy\u011fun olaraq suya v\u0259 toza qar\u015f\u0131 davaml\u0131d\u0131r, bu da onu h\u0259m daxili, h\u0259m d\u0259 xarici m\u00fchitl\u0259rd\u0259 istifad\u0259y\u0259 yararl\u0131 edir.<br \/>\n\u2714 Daxili yadda\u015f d\u0259st\u0259yi: 256 GB-a q\u0259d\u0259r microSD yadda\u015f kart\u0131n\u0131 d\u0259st\u0259kl\u0259yir, bu da lokal qeyd imkan\u0131 yarad\u0131r.<br \/>\n\u2714 Obyektiv: 2.8 mm sabit obyektiv il\u0259 107\u00b0 \u00fcf\u00fcqi bax\u0131\u015f buca\u011f\u0131 t\u0259min edir.<\/p>\n","protected":false},"excerpt":{"rendered":"<p>Hikvision DS-2CD2T63G2-4I 6MP IP kamera \u2714 6 meqapiksellik \u00e7\u00f6z\u00fcn\u00fcrl\u00fck v\u0259 inki\u015faf etmi\u015f x\u00fcsusiyy\u0259tl\u0259ri il\u0259 se\u00e7il\u0259n bir AcuSense sabit bullet tipli \u015f\u0259b\u0259k\u0259 kameras\u0131d\u0131r. \u2714 Bu kamera, h\u0259m daxili, h\u0259m d\u0259 xarici m\u00fchitl\u0259rd\u0259 y\u00fcks\u0259k keyfiyy\u0259tli g\u00f6r\u00fcnt\u00fc v\u0259 a\u011f\u0131ll\u0131 analitika t\u0259min etm\u0259k \u00fc\u00e7\u00fcn n\u0259z\u0259rd\u0259 tutulmu\u015fdur. \u2714 Y\u00fcks\u0259k keyfiyy\u0259tli g\u00f6r\u00fcnt\u00fc: 3200 \u00d7 1800 piksel \u00e7\u00f6z\u00fcn\u00fcrl\u00fckd\u0259 ayd\u0131n v\u0259 detall\u0131 t\u0259svirl\u0259r&hellip;<\/p>\n","protected":false},"featured_media":19335,"comment_status":"open","ping_status":"closed","template":"","meta":[],"product_cat":[4016,2849],"product_tag":[3382,3132,2941,3379,3751,3380,3385,3381,3383,2937,3260,2939,2934,3378,3135,3142,3071,3384],"class_list":{"0":"post-19334","1":"product","2":"type-product","3":"status-publish","4":"has-post-thumbnail","6":"product_cat-hikvision","7":"product_cat-videokameralar","8":"product_tag-camerainstallation","9":"product_tag-cctv","10":"product_tag-hikvision","11":"product_tag-hikvisioncamera","12":"product_tag-hikvisioncctvhikvisionmusahidkamerasi","13":"product_tag-hikvisionsecurity","14":"product_tag-hikvisionsolutions","15":"product_tag-hikvisionsystem","16":"product_tag-hikvisiontechnology","17":"product_tag-homesecurity","18":"product_tag-ipcamera","19":"product_tag-securitycamera","20":"product_tag-smartsecurity","21":"product_tag-sumqayithikvision","22":"product_tag-surveillance","23":"product_tag-thluksizlik","24":"product_tag-thluksizlikkameralari","25":"product_tag-videosurveillance","26":"description-off","28":"first","29":"instock","30":"shipping-taxable","31":"purchasable","32":"product-type-simple"},"_links":{"self":[{"href":"https:\/\/setap.az\/index.php?rest_route=\/wp\/v2\/product\/19334","targetHints":{"allow":["GET"]}}],"collection":[{"href":"https:\/\/setap.az\/index.php?rest_route=\/wp\/v2\/product"}],"about":[{"href":"https:\/\/setap.az\/index.php?rest_route=\/wp\/v2\/types\/product"}],"replies":[{"embeddable":true,"href":"https:\/\/setap.az\/index.php?rest_route=%2Fwp%2Fv2%2Fcomments&post=19334"}],"wp:featuredmedia":[{"embeddable":true,"href":"https:\/\/setap.az\/index.php?rest_route=\/wp\/v2\/media\/19335"}],"wp:attachment":[{"href":"https:\/\/setap.az\/index.php?rest_route=%2Fwp%2Fv2%2Fmedia&parent=19334"}],"wp:term":[{"taxonomy":"product_cat","embeddable":true,"href":"https:\/\/setap.az\/index.php?rest_route=%2Fwp%2Fv2%2Fproduct_cat&post=19334"},{"taxonomy":"product_tag","embeddable":true,"href":"https:\/\/setap.az\/index.php?rest_route=%2Fwp%2Fv2%2Fproduct_tag&post=19334"}],"curies":[{"name":"wp","href":"https:\/\/api.w.org\/{rel}","templated":true}]}}