{"id":19336,"date":"2025-05-22T16:23:30","date_gmt":"2025-05-22T12:23:30","guid":{"rendered":"https:\/\/setap.az\/?post_type=product&#038;p=19336"},"modified":"2026-01-07T16:18:24","modified_gmt":"2026-01-07T12:18:24","slug":"hikvision-ds-2cd2347g2-lu","status":"publish","type":"product","link":"https:\/\/setap.az\/?product=hikvision-ds-2cd2347g2-lu","title":{"rendered":"Hikvision DS-2CD2347G2-LU 4MP IP kamera"},"content":{"rendered":"<p>\ud83d\udca5Hikvision DS-2CD2347G2-LU kameras\u0131\ud83d\udca5<br \/>\n\u2714 Y\u00fcks\u0259k keyfiyy\u0259tli g\u00f6r\u00fcnt\u00fc, a\u011f\u0131ll\u0131 analitika v\u0259 davaml\u0131 dizayn\u0131 il\u0259 diqq\u0259t \u00e7\u0259k\u0259n bir m\u00fc\u015fahid\u0259 kameras\u0131d\u0131r.<br \/>\n\u2714 Bu kamera h\u0259m daxili, h\u0259m d\u0259 xarici m\u00fc\u015fahid\u0259 \u00fc\u00e7\u00fcn m\u00fck\u0259mm\u0259l se\u00e7imdir.<br \/>\n\u2714 R\u0259ngli g\u00f6r\u00fcnt\u00fc 24\/7: Kamera gec\u0259 v\u0259 g\u00fcnd\u00fcz y\u00fcks\u0259k keyfiyy\u0259tli r\u0259ngli g\u00f6r\u00fcnt\u00fc t\u0259qdim edir.<br \/>\n\u2714 LED i\u015f\u0131qland\u0131rma: Gec\u0259 g\u00f6r\u00fcnt\u00fcs\u00fc \u00fc\u00e7\u00fcn 30 metr\u0259 q\u0259d\u0259r m\u0259saf\u0259ni \u0259hat\u0259 ed\u0259n LED i\u015f\u0131qland\u0131rmaya malikdir.<br \/>\n\u2714 Daxili mikrofon: Real vaxtda s\u0259sli \u0259laq\u0259 \u00fc\u00e7\u00fcn daxili mikrofon t\u0259min edir.<br \/>\n\u2714 130 dB WDR texnologiyas\u0131: G\u00fccl\u00fc arxa i\u015f\u0131q \u015f\u0259raitind\u0259 bel\u0259 g\u00f6r\u00fcnt\u00fc keyfiyy\u0259tini qoruyur.<br \/>\n\u2714 AcuSense texnologiyas\u0131: \u0130nsan v\u0259 n\u0259qliyyat vasit\u0259l\u0259rini dig\u0259r obyektl\u0259rd\u0259n ay\u0131raraq yanl\u0131\u015f h\u0259y\u0259can siqnallar\u0131n\u0131 minimuma endirir.<br \/>\n\u2714 H.265+ s\u0131x\u0131lma texnologiyas\u0131: \u015e\u0259b\u0259k\u0259 y\u00fck\u00fcn\u00fc v\u0259 yadda\u015f istifad\u0259sini optimalla\u015fd\u0131r\u0131r.<br \/>\n\u2714 Y\u00fcks\u0259k \u00e7\u00f6z\u00fcn\u00fcrl\u00fck: 4 MP (2688 x 1520 piksel) t\u0259svir \u00f6l\u00e7\u00fcs\u00fc v\u0259 25 kadr\/s s\u00fcr\u0259tl\u0259 g\u00f6r\u00fcnt\u00fcl\u0259m\u0259 imkan\u0131.<br \/>\n\u2714 2.8 mm obyektiv: 109\u00b0 \u00fcf\u00fcqi bax\u0131\u015f buca\u011f\u0131 t\u0259min edir.<br \/>\n\u2714 IP67 m\u00fchafiz\u0259 s\u0259viyy\u0259si: Toz v\u0259 suya qar\u015f\u0131 davaml\u0131, s\u0259rt m\u00fchitl\u0259r \u00fc\u00e7\u00fcn uy\u011fundur.<br \/>\n\u2714 Yadda\u015f d\u0259st\u0259yi: 256 GB-a q\u0259d\u0259r microSD yadda\u015f kart\u0131 d\u0259st\u0259kl\u0259yir.<br \/>\n\u2714 Geni\u015f bax\u0131\u015f buca\u011f\u0131 say\u0259sind\u0259 b\u00f6y\u00fck \u0259razil\u0259rin m\u00fc\u015fahid\u0259si \u00fc\u00e7\u00fcn ideald\u0131r.<br \/>\n\u2714 Y\u00fcks\u0259k i\u015f\u0131q \u015f\u0259raitind\u0259 v\u0259 tam qaranl\u0131qda bel\u0259 ayd\u0131n g\u00f6r\u00fcnt\u00fc t\u0259min edir.<\/p>\n","protected":false},"excerpt":{"rendered":"<p>\ud83d\udca5Hikvision DS-2CD2347G2-LU kameras\u0131\ud83d\udca5 \u2714 Y\u00fcks\u0259k keyfiyy\u0259tli g\u00f6r\u00fcnt\u00fc, a\u011f\u0131ll\u0131 analitika v\u0259 davaml\u0131 dizayn\u0131 il\u0259 diqq\u0259t \u00e7\u0259k\u0259n bir m\u00fc\u015fahid\u0259 kameras\u0131d\u0131r. \u2714 Bu kamera h\u0259m daxili, h\u0259m d\u0259 xarici m\u00fc\u015fahid\u0259 \u00fc\u00e7\u00fcn m\u00fck\u0259mm\u0259l se\u00e7imdir. \u2714 R\u0259ngli g\u00f6r\u00fcnt\u00fc 24\/7: Kamera gec\u0259 v\u0259 g\u00fcnd\u00fcz y\u00fcks\u0259k keyfiyy\u0259tli r\u0259ngli g\u00f6r\u00fcnt\u00fc t\u0259qdim edir. \u2714 LED i\u015f\u0131qland\u0131rma: Gec\u0259 g\u00f6r\u00fcnt\u00fcs\u00fc \u00fc\u00e7\u00fcn 30 metr\u0259 q\u0259d\u0259r m\u0259saf\u0259ni \u0259hat\u0259&hellip;<\/p>\n","protected":false},"featured_media":19337,"comment_status":"open","ping_status":"closed","template":"","meta":[],"product_cat":[4016,2849],"product_tag":[3382,3132,2941,3379,3751,3380,3385,3381,3383,2937,3260,2939,2934,3378,3135,3142,3071,3384],"class_list":{"0":"post-19336","1":"product","2":"type-product","3":"status-publish","4":"has-post-thumbnail","6":"product_cat-hikvision","7":"product_cat-videokameralar","8":"product_tag-camerainstallation","9":"product_tag-cctv","10":"product_tag-hikvision","11":"product_tag-hikvisioncamera","12":"product_tag-hikvisioncctvhikvisionmusahidkamerasi","13":"product_tag-hikvisionsecurity","14":"product_tag-hikvisionsolutions","15":"product_tag-hikvisionsystem","16":"product_tag-hikvisiontechnology","17":"product_tag-homesecurity","18":"product_tag-ipcamera","19":"product_tag-securitycamera","20":"product_tag-smartsecurity","21":"product_tag-sumqayithikvision","22":"product_tag-surveillance","23":"product_tag-thluksizlik","24":"product_tag-thluksizlikkameralari","25":"product_tag-videosurveillance","26":"description-off","28":"first","29":"instock","30":"shipping-taxable","31":"purchasable","32":"product-type-simple"},"_links":{"self":[{"href":"https:\/\/setap.az\/index.php?rest_route=\/wp\/v2\/product\/19336","targetHints":{"allow":["GET"]}}],"collection":[{"href":"https:\/\/setap.az\/index.php?rest_route=\/wp\/v2\/product"}],"about":[{"href":"https:\/\/setap.az\/index.php?rest_route=\/wp\/v2\/types\/product"}],"replies":[{"embeddable":true,"href":"https:\/\/setap.az\/index.php?rest_route=%2Fwp%2Fv2%2Fcomments&post=19336"}],"wp:featuredmedia":[{"embeddable":true,"href":"https:\/\/setap.az\/index.php?rest_route=\/wp\/v2\/media\/19337"}],"wp:attachment":[{"href":"https:\/\/setap.az\/index.php?rest_route=%2Fwp%2Fv2%2Fmedia&parent=19336"}],"wp:term":[{"taxonomy":"product_cat","embeddable":true,"href":"https:\/\/setap.az\/index.php?rest_route=%2Fwp%2Fv2%2Fproduct_cat&post=19336"},{"taxonomy":"product_tag","embeddable":true,"href":"https:\/\/setap.az\/index.php?rest_route=%2Fwp%2Fv2%2Fproduct_tag&post=19336"}],"curies":[{"name":"wp","href":"https:\/\/api.w.org\/{rel}","templated":true}]}}