{"id":19348,"date":"2025-05-23T10:06:23","date_gmt":"2025-05-23T06:06:23","guid":{"rendered":"https:\/\/setap.az\/?post_type=product&#038;p=19348"},"modified":"2026-01-07T16:04:01","modified_gmt":"2026-01-07T12:04:01","slug":"hikvision-ds-2cd2345g0p-i","status":"publish","type":"product","link":"https:\/\/setap.az\/?product=hikvision-ds-2cd2345g0p-i","title":{"rendered":"Hikvision DS-2CD2345G0P-I 4MP IP kamera"},"content":{"rendered":"<p>Hikvision DS-2CD2345G0P-I<br \/>\n\u2714 4 meqapiksel (MP) \u00e7\u00f6z\u00fcn\u00fcrl\u00fckd\u0259 y\u00fcks\u0259k keyfiyy\u0259tli g\u00f6r\u00fcnt\u00fc t\u0259min ed\u0259n v\u0259 180\u00b0 super geni\u015f bax\u0131\u015f buca\u011f\u0131na malik sabit turret tipli IP m\u00fc\u015fahid\u0259 kameras\u0131d\u0131r.<br \/>\n\u2714 Y\u00fcks\u0259k keyfiyy\u0259tli g\u00f6r\u00fcnt\u00fc: 2688 x 1520 piksel \u00e7\u00f6z\u00fcn\u00fcrl\u00fckd\u0259 ayd\u0131n v\u0259 detall\u0131 t\u0259svirl\u0259r t\u0259qdim edir.<br \/>\n\u2714 Super geni\u015f bax\u0131\u015f buca\u011f\u0131: 1.68 mm sabit lens il\u0259 180\u00b0 \u00fcf\u00fcqi v\u0259 101\u00b0 \u015faquli bax\u0131\u015f buca\u011f\u0131 t\u0259min edir, bu da geni\u015f \u0259razil\u0259rin m\u00fc\u015fahid\u0259si \u00fc\u00e7\u00fcn ideald\u0131r.<br \/>\n\u2714SD kart yuvas\u0131: 256GB<br \/>\n\u2714 Effektiv s\u0131x\u0131lma texnologiyas\u0131: H.265+ s\u0131x\u0131lma texnologiyas\u0131 il\u0259 bant geni\u015fliyini v\u0259 yadda\u015f istifad\u0259sini optimalla\u015fd\u0131r\u0131r.<br \/>\n\u2714 Geni\u015f Dinamik Diapazon (WDR): 120 dB WDR texnologiyas\u0131 say\u0259sind\u0259 g\u00fccl\u00fc arxa i\u015f\u0131q \u015f\u0259raitind\u0259 bel\u0259 ayd\u0131n t\u0259svirl\u0259r \u0259ld\u0259 edir.<br \/>\n\u2714 Gec\u0259 g\u00f6r\u00fcnt\u00fcs\u00fc: IR LED-l\u0259r vasit\u0259sil\u0259 10 metr\u0259 q\u0259d\u0259r m\u0259saf\u0259d\u0259 gec\u0259 g\u00f6r\u00fcnt\u00fcs\u00fc t\u0259min edir.<br \/>\n\u2714 M\u00fchafiz\u0259 s\u0259viyy\u0259si: Daxili istifad\u0259 \u00fc\u00e7\u00fcn n\u0259z\u0259rd\u0259 tutulmu\u015fdur v\u0259 3 oxlu montaj dizayn\u0131 il\u0259 qura\u015fd\u0131rma rahatl\u0131\u011f\u0131 t\u0259min edir.<br \/>\n\u2714 Bu kamera, geni\u015f \u0259razil\u0259rin, m\u0259s\u0259l\u0259n, parkinq sah\u0259l\u0259ri, ictimai meydanlar v\u0259 geni\u015f d\u0259hlizl\u0259rin m\u00fc\u015fahid\u0259si \u00fc\u00e7\u00fcn ideal se\u00e7imdir v\u0259 inki\u015faf etmi\u015f x\u00fcsusiyy\u0259tl\u0259ri il\u0259 effektiv t\u0259hl\u00fck\u0259sizlik t\u0259min edir.<\/p>\n","protected":false},"excerpt":{"rendered":"<p>Hikvision DS-2CD2345G0P-I \u2714 4 meqapiksel (MP) \u00e7\u00f6z\u00fcn\u00fcrl\u00fckd\u0259 y\u00fcks\u0259k keyfiyy\u0259tli g\u00f6r\u00fcnt\u00fc t\u0259min ed\u0259n v\u0259 180\u00b0 super geni\u015f bax\u0131\u015f buca\u011f\u0131na malik sabit turret tipli IP m\u00fc\u015fahid\u0259 kameras\u0131d\u0131r. \u2714 Y\u00fcks\u0259k keyfiyy\u0259tli g\u00f6r\u00fcnt\u00fc: 2688 x 1520 piksel \u00e7\u00f6z\u00fcn\u00fcrl\u00fckd\u0259 ayd\u0131n v\u0259 detall\u0131 t\u0259svirl\u0259r t\u0259qdim edir. \u2714 Super geni\u015f bax\u0131\u015f buca\u011f\u0131: 1.68 mm sabit lens il\u0259 180\u00b0 \u00fcf\u00fcqi v\u0259 101\u00b0 \u015faquli&hellip;<\/p>\n","protected":false},"featured_media":19349,"comment_status":"open","ping_status":"closed","template":"","meta":[],"product_cat":[4016,2849],"product_tag":[3382,3132,2941,3379,2942,3380,3385,3381,3383,2937,3260,2939,2934,3718,3378,3135,3142,3071,3384],"class_list":{"0":"post-19348","1":"product","2":"type-product","3":"status-publish","4":"has-post-thumbnail","6":"product_cat-hikvision","7":"product_cat-videokameralar","8":"product_tag-camerainstallation","9":"product_tag-cctv","10":"product_tag-hikvision","11":"product_tag-hikvisioncamera","12":"product_tag-hikvisioncctv","13":"product_tag-hikvisionsecurity","14":"product_tag-hikvisionsolutions","15":"product_tag-hikvisionsystem","16":"product_tag-hikvisiontechnology","17":"product_tag-homesecurity","18":"product_tag-ipcamera","19":"product_tag-securitycamera","20":"product_tag-smartsecurity","21":"product_tag-sumqayithikvisionmusahidkamerasi","22":"product_tag-sumqayithikvision","23":"product_tag-surveillance","24":"product_tag-thluksizlik","25":"product_tag-thluksizlikkameralari","26":"product_tag-videosurveillance","27":"description-off","29":"first","30":"instock","31":"shipping-taxable","32":"purchasable","33":"product-type-simple"},"_links":{"self":[{"href":"https:\/\/setap.az\/index.php?rest_route=\/wp\/v2\/product\/19348","targetHints":{"allow":["GET"]}}],"collection":[{"href":"https:\/\/setap.az\/index.php?rest_route=\/wp\/v2\/product"}],"about":[{"href":"https:\/\/setap.az\/index.php?rest_route=\/wp\/v2\/types\/product"}],"replies":[{"embeddable":true,"href":"https:\/\/setap.az\/index.php?rest_route=%2Fwp%2Fv2%2Fcomments&post=19348"}],"wp:featuredmedia":[{"embeddable":true,"href":"https:\/\/setap.az\/index.php?rest_route=\/wp\/v2\/media\/19349"}],"wp:attachment":[{"href":"https:\/\/setap.az\/index.php?rest_route=%2Fwp%2Fv2%2Fmedia&parent=19348"}],"wp:term":[{"taxonomy":"product_cat","embeddable":true,"href":"https:\/\/setap.az\/index.php?rest_route=%2Fwp%2Fv2%2Fproduct_cat&post=19348"},{"taxonomy":"product_tag","embeddable":true,"href":"https:\/\/setap.az\/index.php?rest_route=%2Fwp%2Fv2%2Fproduct_tag&post=19348"}],"curies":[{"name":"wp","href":"https:\/\/api.w.org\/{rel}","templated":true}]}}