{"id":19360,"date":"2025-05-23T10:53:35","date_gmt":"2025-05-23T06:53:35","guid":{"rendered":"https:\/\/setap.az\/?post_type=product&#038;p=19360"},"modified":"2026-01-09T11:29:41","modified_gmt":"2026-01-09T07:29:41","slug":"hikvision-ds-2cd2047g2-lu-sl","status":"publish","type":"product","link":"https:\/\/setap.az\/?product=hikvision-ds-2cd2047g2-lu-sl","title":{"rendered":"Hikvision DS-2CD2047G2-LU\/SL 2MP IP kamera"},"content":{"rendered":"<p>&#8220;Hikvision&#8221; M\u00fc\u015fahid\u0259 kameras\u0131 DS-2CD2047G2-LU\/SL<br \/>\n\u2714 2 meqapiksel (MP) \u00e7\u00f6z\u00fcn\u00fcrl\u00fckd\u0259 y\u00fcks\u0259k keyfiyy\u0259tli r\u0259ngli g\u00f6r\u00fcnt\u00fc t\u0259min ed\u0259n v\u0259 ColorVu texnologiyas\u0131 il\u0259 t\u0259chiz edilmi\u015f sabit obyektivli mini bullet tipli IP m\u00fc\u015fahid\u0259 kameras\u0131.<br \/>\n\u2714 Gec\u0259 g\u00f6r\u00fc\u015f m\u0259saf\u0259si: 40m<br \/>\n\u2714 Y\u00fcks\u0259k performansl\u0131 sensorlar say\u0259sind\u0259 z\u0259if i\u015f\u0131q \u015f\u0259raitind\u0259 bel\u0259 24\/7 canl\u0131 v\u0259 r\u0259ngli g\u00f6r\u00fcnt\u00fcl\u0259r t\u0259min edir.<br \/>\n\u2714 D\u0259rin \u00f6yr\u0259nm\u0259 alqoritml\u0259ri il\u0259 insan v\u0259 n\u0259qliyyat vasit\u0259l\u0259rini tan\u0131yaraq yanl\u0131\u015f h\u0259y\u0259can siqnallar\u0131n\u0131 azald\u0131r v\u0259 t\u0259hl\u00fck\u0259sizlik t\u0259dbirl\u0259rini optimalla\u015fd\u0131r\u0131r.<br \/>\n\u2714 Fokus m\u0259saf\u0259si: 2.8mm<br \/>\n\u2714 Daxili s\u0259sli x\u0259b\u0259rdarl\u0131q v\u0259 strob i\u015f\u0131\u011f\u0131 il\u0259 potensial t\u0259cav\u00fczkarlar\u0131 x\u0259b\u0259rdar edir.<br \/>\n\u2714 Daxili mikrofon v\u0259 dinamik vasit\u0259sil\u0259 real vaxtda iki t\u0259r\u0259fli s\u0259sli \u00fcnsiyy\u0259t imkan\u0131 verir.<br \/>\n\u2714 IP67 standart\u0131na uy\u011fun olaraq suya v\u0259 toza qar\u015f\u0131 davaml\u0131d\u0131r, bu da onu h\u0259m daxili, h\u0259m d\u0259 xarici m\u00fchitl\u0259rd\u0259 istifad\u0259y\u0259 yararl\u0131 edir.<br \/>\n\u2714 SD kart yuvas\u0131: 512GB &#8211; d\u0259k<br \/>\n\u2714 Bu kamera, y\u00fcks\u0259k t\u0259hl\u00fck\u0259sizlik t\u0259l\u0259bl\u0259ri olan \u0259razil\u0259rin m\u00fc\u015fahid\u0259si \u00fc\u00e7\u00fcn ideal se\u00e7imdir v\u0259 inki\u015faf etmi\u015f x\u00fcsusiyy\u0259tl\u0259ri il\u0259 effektiv t\u0259hl\u00fck\u0259sizlik t\u0259min edir.<\/p>\n","protected":false},"excerpt":{"rendered":"<p>&#8220;Hikvision&#8221; M\u00fc\u015fahid\u0259 kameras\u0131 DS-2CD2047G2-LU\/SL \u2714 2 meqapiksel (MP) \u00e7\u00f6z\u00fcn\u00fcrl\u00fckd\u0259 y\u00fcks\u0259k keyfiyy\u0259tli r\u0259ngli g\u00f6r\u00fcnt\u00fc t\u0259min ed\u0259n v\u0259 ColorVu texnologiyas\u0131 il\u0259 t\u0259chiz edilmi\u015f sabit obyektivli mini bullet tipli IP m\u00fc\u015fahid\u0259 kameras\u0131. \u2714 Gec\u0259 g\u00f6r\u00fc\u015f m\u0259saf\u0259si: 40m \u2714 Y\u00fcks\u0259k performansl\u0131 sensorlar say\u0259sind\u0259 z\u0259if i\u015f\u0131q \u015f\u0259raitind\u0259 bel\u0259 24\/7 canl\u0131 v\u0259 r\u0259ngli g\u00f6r\u00fcnt\u00fcl\u0259r t\u0259min edir. \u2714 D\u0259rin \u00f6yr\u0259nm\u0259 alqoritml\u0259ri il\u0259&hellip;<\/p>\n","protected":false},"featured_media":19361,"comment_status":"open","ping_status":"closed","template":"","meta":[],"product_cat":[4016,2849],"product_tag":[3382,3132,2941,3379,2942,3380,3385,3381,3383,2937,3260,2939,2934,3718,3378,3135,3142,3071,3384],"class_list":{"0":"post-19360","1":"product","2":"type-product","3":"status-publish","4":"has-post-thumbnail","6":"product_cat-hikvision","7":"product_cat-videokameralar","8":"product_tag-camerainstallation","9":"product_tag-cctv","10":"product_tag-hikvision","11":"product_tag-hikvisioncamera","12":"product_tag-hikvisioncctv","13":"product_tag-hikvisionsecurity","14":"product_tag-hikvisionsolutions","15":"product_tag-hikvisionsystem","16":"product_tag-hikvisiontechnology","17":"product_tag-homesecurity","18":"product_tag-ipcamera","19":"product_tag-securitycamera","20":"product_tag-smartsecurity","21":"product_tag-sumqayithikvisionmusahidkamerasi","22":"product_tag-sumqayithikvision","23":"product_tag-surveillance","24":"product_tag-thluksizlik","25":"product_tag-thluksizlikkameralari","26":"product_tag-videosurveillance","27":"description-off","29":"first","30":"instock","31":"shipping-taxable","32":"purchasable","33":"product-type-simple"},"_links":{"self":[{"href":"https:\/\/setap.az\/index.php?rest_route=\/wp\/v2\/product\/19360","targetHints":{"allow":["GET"]}}],"collection":[{"href":"https:\/\/setap.az\/index.php?rest_route=\/wp\/v2\/product"}],"about":[{"href":"https:\/\/setap.az\/index.php?rest_route=\/wp\/v2\/types\/product"}],"replies":[{"embeddable":true,"href":"https:\/\/setap.az\/index.php?rest_route=%2Fwp%2Fv2%2Fcomments&post=19360"}],"wp:featuredmedia":[{"embeddable":true,"href":"https:\/\/setap.az\/index.php?rest_route=\/wp\/v2\/media\/19361"}],"wp:attachment":[{"href":"https:\/\/setap.az\/index.php?rest_route=%2Fwp%2Fv2%2Fmedia&parent=19360"}],"wp:term":[{"taxonomy":"product_cat","embeddable":true,"href":"https:\/\/setap.az\/index.php?rest_route=%2Fwp%2Fv2%2Fproduct_cat&post=19360"},{"taxonomy":"product_tag","embeddable":true,"href":"https:\/\/setap.az\/index.php?rest_route=%2Fwp%2Fv2%2Fproduct_tag&post=19360"}],"curies":[{"name":"wp","href":"https:\/\/api.w.org\/{rel}","templated":true}]}}