{"id":19370,"date":"2025-05-23T11:46:40","date_gmt":"2025-05-23T07:46:40","guid":{"rendered":"https:\/\/setap.az\/?post_type=product&#038;p=19370"},"modified":"2026-01-07T15:49:48","modified_gmt":"2026-01-07T11:49:48","slug":"hikvision-ds-2cd1343g2-i-2-8mm","status":"publish","type":"product","link":"https:\/\/setap.az\/?product=hikvision-ds-2cd1343g2-i-2-8mm","title":{"rendered":"HIKVISION DS-2CD1343G2-I 2.8mm 4MP IP kamera"},"content":{"rendered":"<p>HIKVISION DS-2CD1343G2-I 2.8mm 4MP IP kamera<br \/>\n\u2714 Matris tipi v\u0259 \u00f6l\u00e7\u00fcs\u00fc: 1\/3\u2033 Progressive Scan CMOS<br \/>\n\u2714 Korpus tipi: G\u00fcnb\u0259z formal\u0131 (kupol)<br \/>\n\u2714 M\u00fc\u015fahid\u0259 t\u0259svirinin \u00e7\u00f6z\u00fcn\u00fcrl\u00fc\u011f\u00fc: 2560 \u00d7 1440<br \/>\n\u2714 G\u00f6r\u00fcnt\u00fc keyfiyy\u0259ti: 4 MP<br \/>\n\u2714 Fokus m\u0259saf\u0259si v\u0259 bax\u0131\u015f buca\u011f\u0131: 2.8 mm \/ 99.0\u00b0<br \/>\n\u2714 Gec\u0259 g\u00f6rm\u0259: \u0130R (infraq\u0131rm\u0131z\u0131)<br \/>\n\u2714 Gec\u0259 g\u00f6rm\u0259 m\u0259saf\u0259si: 30 m<br \/>\n\u2714 Video s\u0131x\u0131lma texnologiyas\u0131: H.265+\/H.265\/H.264+\/H.264<br \/>\n\u2714 G\u00f6r\u00fcnt\u00fc t\u0259kmill\u0259\u015fdirm\u0259 texnologiyalar\u0131: BLC (arxa i\u015f\u0131q kompensasiyas\u0131), HLC (parlaq i\u015f\u0131q kompensasiyas\u0131), 3D DNR (r\u0259q\u0259msal s\u0259s-k\u00fcy azald\u0131lmas\u0131)<br \/>\n\u2714 \u015e\u0259b\u0259k\u0259 interfeysi: 1 RJ45 10 M\/100 M<br \/>\n\u2714 MicroSD kart yuvas\u0131: 256 GB-a q\u0259d\u0259r d\u0259st\u0259k<br \/>\n\u2714 Daxili mikrofon: Var<br \/>\n\u2714 IP qoruma d\u0259r\u0259c\u0259si: IP67 (toz v\u0259 su ke\u00e7irm\u0259z)<br \/>\n\u2714 H\u0259r\u0259k\u0259t a\u015fkarlanmas\u0131: Var<br \/>\n\u2714 Enerji istehlak\u0131: 12V \/ 5W<br \/>\n\u2714 \u00d6l\u00e7\u00fcl\u0259r: 110 mm \u00d7 85.3 mm<br \/>\n\u2714 \u0130\u015f temperaturu: -30\u00b0C-d\u0259n 60\u00b0C-y\u0259 q\u0259d\u0259r<\/p>\n","protected":false},"excerpt":{"rendered":"<p>HIKVISION DS-2CD1343G2-I 2.8mm 4MP IP kamera \u2714 Matris tipi v\u0259 \u00f6l\u00e7\u00fcs\u00fc: 1\/3\u2033 Progressive Scan CMOS \u2714 Korpus tipi: G\u00fcnb\u0259z formal\u0131 (kupol) \u2714 M\u00fc\u015fahid\u0259 t\u0259svirinin \u00e7\u00f6z\u00fcn\u00fcrl\u00fc\u011f\u00fc: 2560 \u00d7 1440 \u2714 G\u00f6r\u00fcnt\u00fc keyfiyy\u0259ti: 4 MP \u2714 Fokus m\u0259saf\u0259si v\u0259 bax\u0131\u015f buca\u011f\u0131: 2.8 mm \/ 99.0\u00b0 \u2714 Gec\u0259 g\u00f6rm\u0259: \u0130R (infraq\u0131rm\u0131z\u0131) \u2714 Gec\u0259 g\u00f6rm\u0259 m\u0259saf\u0259si: 30 m \u2714&hellip;<\/p>\n","protected":false},"featured_media":19371,"comment_status":"open","ping_status":"closed","template":"","meta":[],"product_cat":[4016,2849],"product_tag":[3382,3132,2941,3379,2942,3380,3385,3381,3383,2937,3260,2939,2934,3718,3378,3135,3142,3071,3384],"class_list":{"0":"post-19370","1":"product","2":"type-product","3":"status-publish","4":"has-post-thumbnail","6":"product_cat-hikvision","7":"product_cat-videokameralar","8":"product_tag-camerainstallation","9":"product_tag-cctv","10":"product_tag-hikvision","11":"product_tag-hikvisioncamera","12":"product_tag-hikvisioncctv","13":"product_tag-hikvisionsecurity","14":"product_tag-hikvisionsolutions","15":"product_tag-hikvisionsystem","16":"product_tag-hikvisiontechnology","17":"product_tag-homesecurity","18":"product_tag-ipcamera","19":"product_tag-securitycamera","20":"product_tag-smartsecurity","21":"product_tag-sumqayithikvisionmusahidkamerasi","22":"product_tag-sumqayithikvision","23":"product_tag-surveillance","24":"product_tag-thluksizlik","25":"product_tag-thluksizlikkameralari","26":"product_tag-videosurveillance","27":"description-off","29":"first","30":"instock","31":"shipping-taxable","32":"purchasable","33":"product-type-simple"},"_links":{"self":[{"href":"https:\/\/setap.az\/index.php?rest_route=\/wp\/v2\/product\/19370","targetHints":{"allow":["GET"]}}],"collection":[{"href":"https:\/\/setap.az\/index.php?rest_route=\/wp\/v2\/product"}],"about":[{"href":"https:\/\/setap.az\/index.php?rest_route=\/wp\/v2\/types\/product"}],"replies":[{"embeddable":true,"href":"https:\/\/setap.az\/index.php?rest_route=%2Fwp%2Fv2%2Fcomments&post=19370"}],"wp:featuredmedia":[{"embeddable":true,"href":"https:\/\/setap.az\/index.php?rest_route=\/wp\/v2\/media\/19371"}],"wp:attachment":[{"href":"https:\/\/setap.az\/index.php?rest_route=%2Fwp%2Fv2%2Fmedia&parent=19370"}],"wp:term":[{"taxonomy":"product_cat","embeddable":true,"href":"https:\/\/setap.az\/index.php?rest_route=%2Fwp%2Fv2%2Fproduct_cat&post=19370"},{"taxonomy":"product_tag","embeddable":true,"href":"https:\/\/setap.az\/index.php?rest_route=%2Fwp%2Fv2%2Fproduct_tag&post=19370"}],"curies":[{"name":"wp","href":"https:\/\/api.w.org\/{rel}","templated":true}]}}