{"id":19372,"date":"2025-05-23T11:50:35","date_gmt":"2025-05-23T07:50:35","guid":{"rendered":"https:\/\/setap.az\/?post_type=product&#038;p=19372"},"modified":"2026-01-08T16:57:05","modified_gmt":"2026-01-08T12:57:05","slug":"ds-2cd2t46g2-4i-hikvision","status":"publish","type":"product","link":"https:\/\/setap.az\/?product=ds-2cd2t46g2-4i-hikvision","title":{"rendered":"DS-2CD2T46G2-4I  Hikvision 4MP IP kamera"},"content":{"rendered":"<p>DS-2CD2T46G2-4I  Hikvision 4MP IP kamera<br \/>\n\u2714 Sensor: 1\/2.7\u2033 Progressive Scan CMOS.<br \/>\n\u2714 \u00c7\u00f6z\u00fcn\u00fcrl\u00fck: 4 MP (2560 \u00d7 1440 piksel).<br \/>\n\u2714 Frame Rate: Maksimum 30 kadr\/saniy\u0259.<br \/>\n\u2714 Fokus m\u0259saf\u0259si: Sabit obyektiv 4 mm (dig\u0259r se\u00e7iml\u0259r d\u0259 m\u00f6vcuddur).<br \/>\n\u2714 Bax\u0131\u015f buca\u011f\u0131: 89\u00b0 (\u00fcf\u00fcqi), 46\u00b0 (\u015faquli).<br \/>\n\u2714 Gec\u0259 G\u00f6r\u00fcnt\u00fcs\u00fc:<br \/>\n\u2714 IR (Infrared) m\u0259saf\u0259si: 80 metr\u0259 q\u0259d\u0259r effektiv i\u015f\u0131qland\u0131rma.<br \/>\n\u2714 IR texnologiyas\u0131: EXIR 2.0 texnologiyas\u0131 il\u0259 gec\u0259 daha ayd\u0131n g\u00f6r\u00fcnt\u00fc.<br \/>\n\u2714 A\u011f\u0131ll\u0131 A\u015fkarlama Funksiyalar\u0131:<br \/>\n\u2714 \u0130nsan v\u0259 avtomobilin f\u0259rql\u0259ndirilm\u0259si (Human\/Vehicle Detection).<br \/>\n\u2714 H\u0259r\u0259k\u0259t a\u015fkarlanmas\u0131 v\u0259 b\u00f6lg\u0259 m\u00fcdaxil\u0259si x\u0259b\u0259rdarl\u0131qlar\u0131.<br \/>\n\u2714 Video s\u0131x\u0131lma: H.265+\/H.264+\/H.265\/H.264.<br \/>\n\u2714 Dinamik Aral\u0131q: WDR 120 dB (i\u015f\u0131q balans\u0131n\u0131n qorunmas\u0131).<br \/>\n\u2714 Dig\u0259r x\u00fcsusiyy\u0259tl\u0259r: 3D DNR (s\u0259s-k\u00fcy azald\u0131lmas\u0131), BLC (arxa i\u015f\u0131q kompensasiyas\u0131).<br \/>\n\u2714 Korpus: Silindrik metal korpus.<br \/>\n\u2714 IP67: Suya v\u0259 toza qar\u015f\u0131 y\u00fcks\u0259k davaml\u0131l\u0131q.<br \/>\n\u2714 IK10: Mexaniki z\u0259rb\u0259l\u0259r\u0259 qar\u015f\u0131 qorunma.<br \/>\n\u2714 S\u0259sl\u0259 Ba\u011fl\u0131 X\u00fcsusiyy\u0259tl\u0259r:<br \/>\n\u2714 Daxili mikrofonla s\u0259s yazma imkan\u0131.<br \/>\n\u2714 MicroSD d\u0259st\u0259yi: 256 GB-a q\u0259d\u0259r daxili yadda\u015f kart\u0131.<br \/>\n\u2714 \u015e\u0259b\u0259k\u0259 interfeysi: 1 \u00d7 RJ45 10\/100 Mbps Ethernet portu.<br \/>\n\u2714 Enerji t\u0259chizat\u0131: 12V DC v\u0259 ya PoE (802.3af).<br \/>\n\u2714 Enerji s\u0259rfiyyat\u0131: Maksimum 10 W.<\/p>\n","protected":false},"excerpt":{"rendered":"<p>DS-2CD2T46G2-4I Hikvision 4MP IP kamera \u2714 Sensor: 1\/2.7\u2033 Progressive Scan CMOS. \u2714 \u00c7\u00f6z\u00fcn\u00fcrl\u00fck: 4 MP (2560 \u00d7 1440 piksel). \u2714 Frame Rate: Maksimum 30 kadr\/saniy\u0259. \u2714 Fokus m\u0259saf\u0259si: Sabit obyektiv 4 mm (dig\u0259r se\u00e7iml\u0259r d\u0259 m\u00f6vcuddur). \u2714 Bax\u0131\u015f buca\u011f\u0131: 89\u00b0 (\u00fcf\u00fcqi), 46\u00b0 (\u015faquli). \u2714 Gec\u0259 G\u00f6r\u00fcnt\u00fcs\u00fc: \u2714 IR (Infrared) m\u0259saf\u0259si: 80 metr\u0259 q\u0259d\u0259r effektiv i\u015f\u0131qland\u0131rma.&hellip;<\/p>\n","protected":false},"featured_media":19373,"comment_status":"open","ping_status":"closed","template":"","meta":[],"product_cat":[4016,2849],"product_tag":[3382,3132,2941,3379,2942,3380,3385,3381,3383,2937,3260,2939,2934,3718,3378,3135,3142,3071,3384],"class_list":{"0":"post-19372","1":"product","2":"type-product","3":"status-publish","4":"has-post-thumbnail","6":"product_cat-hikvision","7":"product_cat-videokameralar","8":"product_tag-camerainstallation","9":"product_tag-cctv","10":"product_tag-hikvision","11":"product_tag-hikvisioncamera","12":"product_tag-hikvisioncctv","13":"product_tag-hikvisionsecurity","14":"product_tag-hikvisionsolutions","15":"product_tag-hikvisionsystem","16":"product_tag-hikvisiontechnology","17":"product_tag-homesecurity","18":"product_tag-ipcamera","19":"product_tag-securitycamera","20":"product_tag-smartsecurity","21":"product_tag-sumqayithikvisionmusahidkamerasi","22":"product_tag-sumqayithikvision","23":"product_tag-surveillance","24":"product_tag-thluksizlik","25":"product_tag-thluksizlikkameralari","26":"product_tag-videosurveillance","27":"description-off","29":"first","30":"instock","31":"shipping-taxable","32":"purchasable","33":"product-type-simple"},"_links":{"self":[{"href":"https:\/\/setap.az\/index.php?rest_route=\/wp\/v2\/product\/19372","targetHints":{"allow":["GET"]}}],"collection":[{"href":"https:\/\/setap.az\/index.php?rest_route=\/wp\/v2\/product"}],"about":[{"href":"https:\/\/setap.az\/index.php?rest_route=\/wp\/v2\/types\/product"}],"replies":[{"embeddable":true,"href":"https:\/\/setap.az\/index.php?rest_route=%2Fwp%2Fv2%2Fcomments&post=19372"}],"wp:featuredmedia":[{"embeddable":true,"href":"https:\/\/setap.az\/index.php?rest_route=\/wp\/v2\/media\/19373"}],"wp:attachment":[{"href":"https:\/\/setap.az\/index.php?rest_route=%2Fwp%2Fv2%2Fmedia&parent=19372"}],"wp:term":[{"taxonomy":"product_cat","embeddable":true,"href":"https:\/\/setap.az\/index.php?rest_route=%2Fwp%2Fv2%2Fproduct_cat&post=19372"},{"taxonomy":"product_tag","embeddable":true,"href":"https:\/\/setap.az\/index.php?rest_route=%2Fwp%2Fv2%2Fproduct_tag&post=19372"}],"curies":[{"name":"wp","href":"https:\/\/api.w.org\/{rel}","templated":true}]}}