{"id":19380,"date":"2025-05-23T12:19:00","date_gmt":"2025-05-23T08:19:00","guid":{"rendered":"https:\/\/setap.az\/?post_type=product&#038;p=19380"},"modified":"2026-01-08T16:36:58","modified_gmt":"2026-01-08T12:36:58","slug":"hikvision-ds-2cd2t46g2-isu-sl","status":"publish","type":"product","link":"https:\/\/setap.az\/?product=hikvision-ds-2cd2t46g2-isu-sl","title":{"rendered":"Hikvision DS-2CD2T46G2-ISU\/SL 4 MP IP kamera"},"content":{"rendered":"<p> Hikvision DS-2CD2T46G2-ISU\/SL 4 MP IP kamera<br \/>\n\u2714 4 meqapiksel (MP) \u00e7\u00f6z\u00fcn\u00fcrl\u00fckd\u0259 y\u00fcks\u0259k keyfiyy\u0259tli g\u00f6r\u00fcnt\u00fc t\u0259min ed\u0259n sabit obyektivli silindrik (bullet) IP m\u00fc\u015fahid\u0259 kameras\u0131d\u0131r.<br \/>\n\u2714 AcuSense texnologiyas\u0131: D\u0259rin \u00f6yr\u0259nm\u0259 alqoritml\u0259ri say\u0259sind\u0259 insan v\u0259 n\u0259qliyyat vasit\u0259l\u0259rini tan\u0131yaraq yanl\u0131\u015f h\u0259y\u0259can siqnallar\u0131n\u0131 azald\u0131r.<br \/>\n\u2714 Gec\u0259 g\u00f6r\u00fcnt\u00fcs\u00fc: DarkFighter texnologiyas\u0131 il\u0259 z\u0259if i\u015f\u0131q \u015f\u0259raitind\u0259 bel\u0259 \u0259la performans g\u00f6st\u0259rir v\u0259 60 metr\u0259 q\u0259d\u0259r infraq\u0131rm\u0131z\u0131 (IR) i\u015f\u0131qland\u0131rma il\u0259 qaranl\u0131qda da m\u00fc\u015fahid\u0259 imkan\u0131 verir.<br \/>\n\u2714 Aktiv m\u00fcdaxil\u0259: Daxili s\u0259sli x\u0259b\u0259rdarl\u0131q v\u0259 strob i\u015f\u0131\u011f\u0131 il\u0259 potensial t\u0259cav\u00fczkarlar\u0131 x\u0259b\u0259rdar edir.<br \/>\n\u2714 \u0130ki t\u0259r\u0259fli s\u0259s: Daxili mikrofon v\u0259 dinamik vasit\u0259sil\u0259 real vaxtda iki t\u0259r\u0259fli s\u0259sli \u00fcnsiyy\u0259t imkan\u0131 verir.<br \/>\n\u2714 Geni\u015f dinamik diapazon (WDR): 120 dB \u2714WDR texnologiyas\u0131 say\u0259sind\u0259 g\u00fccl\u00fc arxa i\u015f\u0131q \u015f\u0259raitind\u0259 bel\u0259 ayd\u0131n t\u0259svirl\u0259r \u0259ld\u0259 edir.<br \/>\n\u2714 M\u00fchafiz\u0259 s\u0259viyy\u0259si: IP66 standart\u0131na uy\u011fun olaraq suya v\u0259 toza qar\u015f\u0131 davaml\u0131d\u0131r, bu da onu h\u0259m daxili, h\u0259m d\u0259 xarici m\u00fchitl\u0259rd\u0259 istifad\u0259y\u0259 yararl\u0131 edir.<br \/>\n\u2714 Bu kamera, y\u00fcks\u0259k t\u0259hl\u00fck\u0259sizlik t\u0259l\u0259bl\u0259ri olan \u0259razil\u0259rin m\u00fc\u015fahid\u0259si \u00fc\u00e7\u00fcn ideal se\u00e7imdir v\u0259 inki\u015faf etmi\u015f x\u00fcsusiyy\u0259tl\u0259ri il\u0259 effektiv t\u0259hl\u00fck\u0259sizlik t\u0259min edir.<\/p>\n","protected":false},"excerpt":{"rendered":"<p>Hikvision DS-2CD2T46G2-ISU\/SL 4 MP IP kamera \u2714 4 meqapiksel (MP) \u00e7\u00f6z\u00fcn\u00fcrl\u00fckd\u0259 y\u00fcks\u0259k keyfiyy\u0259tli g\u00f6r\u00fcnt\u00fc t\u0259min ed\u0259n sabit obyektivli silindrik (bullet) IP m\u00fc\u015fahid\u0259 kameras\u0131d\u0131r. \u2714 AcuSense texnologiyas\u0131: D\u0259rin \u00f6yr\u0259nm\u0259 alqoritml\u0259ri say\u0259sind\u0259 insan v\u0259 n\u0259qliyyat vasit\u0259l\u0259rini tan\u0131yaraq yanl\u0131\u015f h\u0259y\u0259can siqnallar\u0131n\u0131 azald\u0131r. \u2714 Gec\u0259 g\u00f6r\u00fcnt\u00fcs\u00fc: DarkFighter texnologiyas\u0131 il\u0259 z\u0259if i\u015f\u0131q \u015f\u0259raitind\u0259 bel\u0259 \u0259la performans g\u00f6st\u0259rir v\u0259 60 metr\u0259&hellip;<\/p>\n","protected":false},"featured_media":19381,"comment_status":"open","ping_status":"closed","template":"","meta":[],"product_cat":[4016,2849],"product_tag":[3382,3132,2941,3379,2942,3380,3385,3381,3383,2937,3260,2939,2934,3718,3378,3135,3142,3071,3384],"class_list":{"0":"post-19380","1":"product","2":"type-product","3":"status-publish","4":"has-post-thumbnail","6":"product_cat-hikvision","7":"product_cat-videokameralar","8":"product_tag-camerainstallation","9":"product_tag-cctv","10":"product_tag-hikvision","11":"product_tag-hikvisioncamera","12":"product_tag-hikvisioncctv","13":"product_tag-hikvisionsecurity","14":"product_tag-hikvisionsolutions","15":"product_tag-hikvisionsystem","16":"product_tag-hikvisiontechnology","17":"product_tag-homesecurity","18":"product_tag-ipcamera","19":"product_tag-securitycamera","20":"product_tag-smartsecurity","21":"product_tag-sumqayithikvisionmusahidkamerasi","22":"product_tag-sumqayithikvision","23":"product_tag-surveillance","24":"product_tag-thluksizlik","25":"product_tag-thluksizlikkameralari","26":"product_tag-videosurveillance","27":"description-off","29":"first","30":"instock","31":"shipping-taxable","32":"purchasable","33":"product-type-simple"},"_links":{"self":[{"href":"https:\/\/setap.az\/index.php?rest_route=\/wp\/v2\/product\/19380","targetHints":{"allow":["GET"]}}],"collection":[{"href":"https:\/\/setap.az\/index.php?rest_route=\/wp\/v2\/product"}],"about":[{"href":"https:\/\/setap.az\/index.php?rest_route=\/wp\/v2\/types\/product"}],"replies":[{"embeddable":true,"href":"https:\/\/setap.az\/index.php?rest_route=%2Fwp%2Fv2%2Fcomments&post=19380"}],"wp:featuredmedia":[{"embeddable":true,"href":"https:\/\/setap.az\/index.php?rest_route=\/wp\/v2\/media\/19381"}],"wp:attachment":[{"href":"https:\/\/setap.az\/index.php?rest_route=%2Fwp%2Fv2%2Fmedia&parent=19380"}],"wp:term":[{"taxonomy":"product_cat","embeddable":true,"href":"https:\/\/setap.az\/index.php?rest_route=%2Fwp%2Fv2%2Fproduct_cat&post=19380"},{"taxonomy":"product_tag","embeddable":true,"href":"https:\/\/setap.az\/index.php?rest_route=%2Fwp%2Fv2%2Fproduct_tag&post=19380"}],"curies":[{"name":"wp","href":"https:\/\/api.w.org\/{rel}","templated":true}]}}