{"id":19384,"date":"2025-05-23T12:28:50","date_gmt":"2025-05-23T08:28:50","guid":{"rendered":"https:\/\/setap.az\/?post_type=product&#038;p=19384"},"modified":"2026-01-08T16:17:01","modified_gmt":"2026-01-08T12:17:01","slug":"hikvision-ds-2cd2t46g2-2i","status":"publish","type":"product","link":"https:\/\/setap.az\/?product=hikvision-ds-2cd2t46g2-2i","title":{"rendered":"Hikvision DS-2CD2T46G2-2I 4MP IP kamera"},"content":{"rendered":"<p> Hikvision DS-2CD2T46G2-2I 4 MP IP kamera<br \/>\n\u2714 Y\u00fcks\u0259k Keyfiyy\u0259tli G\u00f6r\u00fcnt\u00fc: 4 MP \u00e7\u00f6z\u00fcn\u00fcrl\u00fck (2688 \u00d7 1520) il\u0259 ayd\u0131n v\u0259 detall\u0131 g\u00f6r\u00fcnt\u00fcl\u0259r t\u0259min edir.<br \/>\n\u2714 Geni\u015f Dinamik Aral\u0131q (WDR): G\u00fccl\u00fc arxa i\u015f\u0131qland\u0131rma \u015f\u0259raitind\u0259 bel\u0259 ayd\u0131n g\u00f6r\u00fcnt\u00fcl\u0259r \u0259ld\u0259 etm\u0259y\u0259 imkan ver\u0259n WDR texnologiyas\u0131na malikdir.<br \/>\n\u2714 \u0130nfraq\u0131rm\u0131z\u0131 (IR) \u0130\u015f\u0131qland\u0131rma: Gec\u0259 g\u00f6rm\u0259 qabiliyy\u0259ti il\u0259 60 metr\u0259 q\u0259d\u0259r m\u0259saf\u0259d\u0259 ayd\u0131n g\u00f6r\u00fcnt\u00fcl\u0259r t\u0259min edir.<br \/>\n\u2714 Suya v\u0259 Toza Qar\u015f\u0131 Davaml\u0131l\u0131q: IP67 qoruma d\u0259r\u0259c\u0259si il\u0259 suya v\u0259 toza qar\u015f\u0131 y\u00fcks\u0259k m\u00fcqavim\u0259t g\u00f6st\u0259rir, h\u0259m daxili, h\u0259m d\u0259 a\u00e7\u0131q hava \u015f\u0259raitind\u0259 istifad\u0259 \u00fc\u00e7\u00fcn uy\u011fundur.<br \/>\n\u2714 Obyektiv: 2.8 mm, 4 mm v\u0259 6 mm sabit obyektiv variantlar\u0131 m\u00f6vcuddur.<br \/>\n\u2714 Bax\u0131\u015f bucaqlar\u0131 obyektiv\u0259 g\u00f6r\u0259 d\u0259yi\u015fir:<br \/>\n2.8 mm: \u00fcf\u00fcqi 103\u00b0, \u015faquli 55\u00b0, diaqonal 122\u00b0<br \/>\n4 mm: \u00fcf\u00fcqi 84\u00b0, \u015faquli 45\u00b0, diaqonal 100\u00b0<br \/>\n6 mm: \u00fcf\u00fcqi 52\u00b0, \u015faquli 28\u00b0, diaqonal 61\u00b0<br \/>\n\u2714 Minimum \u0130\u015f\u0131qland\u0131rma:<br \/>\nR\u0259ngli rejimd\u0259: 0.003 Lux @ (F1.4, AGC ON)<br \/>\nQara-a\u011f rejimd\u0259: 0 Lux (IR i\u015f\u0131qlar\u0131 il\u0259)<br \/>\n\u2714 256 GB-a q\u0259d\u0259r microSD kart d\u0259st\u0259yi<\/p>\n","protected":false},"excerpt":{"rendered":"<p>Hikvision DS-2CD2T46G2-2I 4 MP IP kamera \u2714 Y\u00fcks\u0259k Keyfiyy\u0259tli G\u00f6r\u00fcnt\u00fc: 4 MP \u00e7\u00f6z\u00fcn\u00fcrl\u00fck (2688 \u00d7 1520) il\u0259 ayd\u0131n v\u0259 detall\u0131 g\u00f6r\u00fcnt\u00fcl\u0259r t\u0259min edir. \u2714 Geni\u015f Dinamik Aral\u0131q (WDR): G\u00fccl\u00fc arxa i\u015f\u0131qland\u0131rma \u015f\u0259raitind\u0259 bel\u0259 ayd\u0131n g\u00f6r\u00fcnt\u00fcl\u0259r \u0259ld\u0259 etm\u0259y\u0259 imkan ver\u0259n WDR texnologiyas\u0131na malikdir. \u2714 \u0130nfraq\u0131rm\u0131z\u0131 (IR) \u0130\u015f\u0131qland\u0131rma: Gec\u0259 g\u00f6rm\u0259 qabiliyy\u0259ti il\u0259 60 metr\u0259 q\u0259d\u0259r m\u0259saf\u0259d\u0259 ayd\u0131n&hellip;<\/p>\n","protected":false},"featured_media":19385,"comment_status":"open","ping_status":"closed","template":"","meta":[],"product_cat":[4016,2849],"product_tag":[3382,3132,2941,3379,2942,3380,3385,3381,3383,2937,3260,2939,2934,3718,3378,3135,3142,3071,3384],"class_list":{"0":"post-19384","1":"product","2":"type-product","3":"status-publish","4":"has-post-thumbnail","6":"product_cat-hikvision","7":"product_cat-videokameralar","8":"product_tag-camerainstallation","9":"product_tag-cctv","10":"product_tag-hikvision","11":"product_tag-hikvisioncamera","12":"product_tag-hikvisioncctv","13":"product_tag-hikvisionsecurity","14":"product_tag-hikvisionsolutions","15":"product_tag-hikvisionsystem","16":"product_tag-hikvisiontechnology","17":"product_tag-homesecurity","18":"product_tag-ipcamera","19":"product_tag-securitycamera","20":"product_tag-smartsecurity","21":"product_tag-sumqayithikvisionmusahidkamerasi","22":"product_tag-sumqayithikvision","23":"product_tag-surveillance","24":"product_tag-thluksizlik","25":"product_tag-thluksizlikkameralari","26":"product_tag-videosurveillance","27":"description-off","29":"first","30":"instock","31":"shipping-taxable","32":"purchasable","33":"product-type-simple"},"_links":{"self":[{"href":"https:\/\/setap.az\/index.php?rest_route=\/wp\/v2\/product\/19384","targetHints":{"allow":["GET"]}}],"collection":[{"href":"https:\/\/setap.az\/index.php?rest_route=\/wp\/v2\/product"}],"about":[{"href":"https:\/\/setap.az\/index.php?rest_route=\/wp\/v2\/types\/product"}],"replies":[{"embeddable":true,"href":"https:\/\/setap.az\/index.php?rest_route=%2Fwp%2Fv2%2Fcomments&post=19384"}],"wp:featuredmedia":[{"embeddable":true,"href":"https:\/\/setap.az\/index.php?rest_route=\/wp\/v2\/media\/19385"}],"wp:attachment":[{"href":"https:\/\/setap.az\/index.php?rest_route=%2Fwp%2Fv2%2Fmedia&parent=19384"}],"wp:term":[{"taxonomy":"product_cat","embeddable":true,"href":"https:\/\/setap.az\/index.php?rest_route=%2Fwp%2Fv2%2Fproduct_cat&post=19384"},{"taxonomy":"product_tag","embeddable":true,"href":"https:\/\/setap.az\/index.php?rest_route=%2Fwp%2Fv2%2Fproduct_tag&post=19384"}],"curies":[{"name":"wp","href":"https:\/\/api.w.org\/{rel}","templated":true}]}}