{"id":19392,"date":"2025-05-23T12:53:52","date_gmt":"2025-05-23T08:53:52","guid":{"rendered":"https:\/\/setap.az\/?post_type=product&#038;p=19392"},"modified":"2026-01-23T15:58:50","modified_gmt":"2026-01-23T11:58:50","slug":"imou-ipc-t26ep","status":"publish","type":"product","link":"https:\/\/setap.az\/?product=imou-ipc-t26ep","title":{"rendered":"\u0130mou IPC-T26EP 2 MP IP Kamera"},"content":{"rendered":"<p>\u0130mou IPC-T26EP 2 MP IP Kamera<br \/>\n\u2714Matris: 1\/2.7&#8243; 2 Mp CMOS<br \/>\n\u2714Effektiv piksell\u0259r: 1920 x 1080<br \/>\n\u2714IR m\u0259saf\u0259si: 30 m (98 ft)<br \/>\n\u2714Fokus m\u0259saf\u0259si: 2.8 mm<br \/>\n\u2714Bax\u0131\u015f bucaq\u0131: 114\u00b0<br \/>\n\u2714Video kadrlar\u0131n say\u0131: Saniy\u0259d\u0259 25 \/ 30 kadra q\u0259d\u0259r<br \/>\n\u2714Daxili mikrofon v\u0259 dinamik: Var<br \/>\n\u2714Siren: 110 dB<br \/>\n\u2714\u0130nsanlar\u0131n a\u015fkarlanmas\u0131: Var<br \/>\n\u2714Mobil t\u0259tbiq: Imou App: iOS, Android<br \/>\n\u2714Arxivl\u0259\u015fm\u0259: 256 Gb q\u0259d\u0259r Mikro SD kart<br \/>\n\u2714Qorunma d\u0259r\u0259c\u0259si: Atmosfer t\u0259sirl\u0259rind\u0259n qorunma IP67<br \/>\n\u2714\u0130stifad\u0259 temperaturu: -30\u00b0C~+60\u00b0C, nisbi r\u00fctub\u0259t 95%-d\u0259n a\u015fa\u011f\u0131<\/p>\n","protected":false},"excerpt":{"rendered":"<p>\u0130mou IPC-T26EP 2 MP IP Kamera \u2714Matris: 1\/2.7&#8243; 2 Mp CMOS \u2714Effektiv piksell\u0259r: 1920 x 1080 \u2714IR m\u0259saf\u0259si: 30 m (98 ft) \u2714Fokus m\u0259saf\u0259si: 2.8 mm \u2714Bax\u0131\u015f bucaq\u0131: 114\u00b0 \u2714Video kadrlar\u0131n say\u0131: Saniy\u0259d\u0259 25 \/ 30 kadra q\u0259d\u0259r \u2714Daxili mikrofon v\u0259 dinamik: Var \u2714Siren: 110 dB \u2714\u0130nsanlar\u0131n a\u015fkarlanmas\u0131: Var \u2714Mobil t\u0259tbiq: Imou App: iOS, Android&hellip;<\/p>\n","protected":false},"featured_media":19393,"comment_status":"open","ping_status":"closed","template":"","meta":[],"product_cat":[4089,2803],"product_tag":[3068,3753,3074,3754,3069,3755,3072,3756,3071],"class_list":{"0":"post-19392","1":"product","2":"type-product","3":"status-publish","4":"has-post-thumbnail","6":"product_cat-imou","7":"product_cat-ip","8":"product_tag-imou","9":"product_tag-imouterimi","10":"product_tag-imouthlwksizlik","11":"product_tag-imouthlwksizlikterimi","12":"product_tag-sumqayitimou","13":"product_tag-sumqayitimouterimi","14":"product_tag-sumqayitthluksizlik","15":"product_tag-sumqayitthluksizlikterimi","16":"product_tag-thluksizlikkameralari","17":"description-off","19":"first","20":"instock","21":"shipping-taxable","22":"purchasable","23":"product-type-simple"},"_links":{"self":[{"href":"https:\/\/setap.az\/index.php?rest_route=\/wp\/v2\/product\/19392","targetHints":{"allow":["GET"]}}],"collection":[{"href":"https:\/\/setap.az\/index.php?rest_route=\/wp\/v2\/product"}],"about":[{"href":"https:\/\/setap.az\/index.php?rest_route=\/wp\/v2\/types\/product"}],"replies":[{"embeddable":true,"href":"https:\/\/setap.az\/index.php?rest_route=%2Fwp%2Fv2%2Fcomments&post=19392"}],"wp:featuredmedia":[{"embeddable":true,"href":"https:\/\/setap.az\/index.php?rest_route=\/wp\/v2\/media\/19393"}],"wp:attachment":[{"href":"https:\/\/setap.az\/index.php?rest_route=%2Fwp%2Fv2%2Fmedia&parent=19392"}],"wp:term":[{"taxonomy":"product_cat","embeddable":true,"href":"https:\/\/setap.az\/index.php?rest_route=%2Fwp%2Fv2%2Fproduct_cat&post=19392"},{"taxonomy":"product_tag","embeddable":true,"href":"https:\/\/setap.az\/index.php?rest_route=%2Fwp%2Fv2%2Fproduct_tag&post=19392"}],"curies":[{"name":"wp","href":"https:\/\/api.w.org\/{rel}","templated":true}]}}