{"id":19399,"date":"2025-05-23T13:09:58","date_gmt":"2025-05-23T09:09:58","guid":{"rendered":"https:\/\/setap.az\/?post_type=product&#038;p=19399"},"modified":"2025-06-27T11:38:30","modified_gmt":"2025-06-27T07:38:30","slug":"imou-ipc-k42ap","status":"publish","type":"product","link":"https:\/\/setap.az\/?product=imou-ipc-k42ap","title":{"rendered":"\u0130mou  IPC-K42AP"},"content":{"rendered":"<p>&#8220;\u0130MOU&#8221; m\u00fc\u015fahid\u0259 kameras\u0131<br \/>\n\u2714 Model: IPC-K42AP<br \/>\n\u2714 Matris: 1\/3&#8243; 4 Mp CMOS<br \/>\n\u2714 Effektiv piksell\u0259r: 2560 x 1440<br \/>\n\u2714 IR m\u0259saf\u0259si: 10 m (33 ft)<br \/>\n\u2714 Fokus m\u0259saf\u0259si: 2.8 mm<br \/>\n\u2714 Bax\u0131\u015f bucaq\u0131: 97\u00b0<br \/>\n\u2714 Video kadrlar\u0131n say\u0131: Saniy\u0259d\u0259 25 \/ 30 kadra q\u0259d\u0259r<br \/>\n\u2714 \u0130kit\u0259r\u0259fli audio: Var<br \/>\n\u2714 H\u0259r\u0259k\u0259tin a\u015fkarlanmas\u0131: Var<br \/>\n\u2714 Anomal h\u0259yacan siqnal\u0131: Var<br \/>\n\u2714 Mobil t\u0259tbiq: Imou App: iOS, Android<br \/>\n\u2714 Arxivl\u0259\u015fm\u0259: 256 Gb q\u0259d\u0259r Mikro SD kart<br \/>\n\u2714 Audio: Daxili mikrofon v\u0259 dinamik<br \/>\n\u2714 S\u0131f\u0131rlama d\u00fcym\u0259si: Var<br \/>\n\u2714 \u0130stifad\u0259 temperaturu: -10\u00b0C~+45\u00b0C, nisbi r\u00fctub\u0259t 95%-d\u0259n a\u015fa\u011f\u0131.<\/p>\n","protected":false},"excerpt":{"rendered":"<p>&#8220;\u0130MOU&#8221; m\u00fc\u015fahid\u0259 kameras\u0131 \u2714 Model: IPC-K42AP \u2714 Matris: 1\/3&#8243; 4 Mp CMOS \u2714 Effektiv piksell\u0259r: 2560 x 1440 \u2714 IR m\u0259saf\u0259si: 10 m (33 ft) \u2714 Fokus m\u0259saf\u0259si: 2.8 mm \u2714 Bax\u0131\u015f bucaq\u0131: 97\u00b0 \u2714 Video kadrlar\u0131n say\u0131: Saniy\u0259d\u0259 25 \/ 30 kadra q\u0259d\u0259r \u2714 \u0130kit\u0259r\u0259fli audio: Var \u2714 H\u0259r\u0259k\u0259tin a\u015fkarlanmas\u0131: Var \u2714 Anomal h\u0259yacan&hellip;<\/p>\n","protected":false},"featured_media":19400,"comment_status":"open","ping_status":"closed","template":"","meta":[],"product_cat":[4089,2849,2862],"product_tag":[3068,3753,3074,3754,3069,3755,3072,3756,3071],"class_list":{"0":"post-19399","1":"product","2":"type-product","3":"status-publish","4":"has-post-thumbnail","6":"product_cat-imou","7":"product_cat-videokameralar","8":"product_cat-wifi-kameralar","9":"product_tag-imou","10":"product_tag-imouterimi","11":"product_tag-imouthlwksizlik","12":"product_tag-imouthlwksizlikterimi","13":"product_tag-sumqayitimou","14":"product_tag-sumqayitimouterimi","15":"product_tag-sumqayitthluksizlik","16":"product_tag-sumqayitthluksizlikterimi","17":"product_tag-thluksizlikkameralari","18":"description-off","20":"first","21":"instock","22":"shipping-taxable","23":"purchasable","24":"product-type-simple"},"_links":{"self":[{"href":"https:\/\/setap.az\/index.php?rest_route=\/wp\/v2\/product\/19399","targetHints":{"allow":["GET"]}}],"collection":[{"href":"https:\/\/setap.az\/index.php?rest_route=\/wp\/v2\/product"}],"about":[{"href":"https:\/\/setap.az\/index.php?rest_route=\/wp\/v2\/types\/product"}],"replies":[{"embeddable":true,"href":"https:\/\/setap.az\/index.php?rest_route=%2Fwp%2Fv2%2Fcomments&post=19399"}],"wp:featuredmedia":[{"embeddable":true,"href":"https:\/\/setap.az\/index.php?rest_route=\/wp\/v2\/media\/19400"}],"wp:attachment":[{"href":"https:\/\/setap.az\/index.php?rest_route=%2Fwp%2Fv2%2Fmedia&parent=19399"}],"wp:term":[{"taxonomy":"product_cat","embeddable":true,"href":"https:\/\/setap.az\/index.php?rest_route=%2Fwp%2Fv2%2Fproduct_cat&post=19399"},{"taxonomy":"product_tag","embeddable":true,"href":"https:\/\/setap.az\/index.php?rest_route=%2Fwp%2Fv2%2Fproduct_tag&post=19399"}],"curies":[{"name":"wp","href":"https:\/\/api.w.org\/{rel}","templated":true}]}}