{"id":19401,"date":"2025-05-23T13:12:44","date_gmt":"2025-05-23T09:12:44","guid":{"rendered":"https:\/\/setap.az\/?post_type=product&#038;p=19401"},"modified":"2025-06-27T16:37:09","modified_gmt":"2025-06-27T12:37:09","slug":"imou-ipc-a46lp","status":"publish","type":"product","link":"https:\/\/setap.az\/?product=imou-ipc-a46lp","title":{"rendered":"\u0130mou IPC-A46LP"},"content":{"rendered":"<p> \u0130MOU m\u00fc\u015fahid\u0259 kameras\u0131<br \/>\n\u2714 Model: IPC-A46LP<br \/>\n\u2714 Matris: 1\/2.7&#8243; 4 Mp CMOS<br \/>\n\u2714 Effektiv piksell\u0259r: 2560 x 1440<br \/>\n\u2714 IR m\u0259saf\u0259si: 10 m (33 ft)<br \/>\n\u2714 Fokus m\u0259saf\u0259si: 3.6 mm<br \/>\n\u2714 Bax\u0131\u015f bucaq\u0131: \u00dcf\u00fcqi: 92 \u00b0; \u015eaquli: 48 \u00b0;<br \/>\n\u2714 Diaqonal: 109 \u00b0<br \/>\n\u2714 Panorama: 355\u00b0<br \/>\n\u2714 \u018fyilm\u0259: 0 ~ 90\u00b0<br \/>\n\u2714 Video kadrlar\u0131n say\u0131: Saniy\u0259d\u0259 25 \/ 30 kadra q\u0259d\u0259r<br \/>\n\u2714 Audio: Ikit\u0259r\u0259fli s\u00f6hb\u0259t<br \/>\n\u2714 H\u0259r\u0259k\u0259tin a\u015fkarlanmas\u0131: Var<br \/>\n\u2714 \u0130MOU t\u0259tbiq iOS, Android<br \/>\n\u2714 Arxivl\u0259\u015fm\u0259: 256 Gb q\u0259d\u0259r Mikro SD kart<br \/>\n\u2714 S\u0131f\u0131rlama d\u00fcym\u0259si: Var<br \/>\n\u2714 Daxili mikrofon v\u0259 dinamik: Var<br \/>\n\u2714 \u0130stifad\u0259 temperaturu: -10\u00b0C~+45\u00b0C, nisbi r\u00fctub\u0259t 95%-d\u0259n a\u015fa\u011f\u0131.<\/p>\n","protected":false},"excerpt":{"rendered":"<p>\u0130MOU m\u00fc\u015fahid\u0259 kameras\u0131 \u2714 Model: IPC-A46LP \u2714 Matris: 1\/2.7&#8243; 4 Mp CMOS \u2714 Effektiv piksell\u0259r: 2560 x 1440 \u2714 IR m\u0259saf\u0259si: 10 m (33 ft) \u2714 Fokus m\u0259saf\u0259si: 3.6 mm \u2714 Bax\u0131\u015f bucaq\u0131: \u00dcf\u00fcqi: 92 \u00b0; \u015eaquli: 48 \u00b0; \u2714 Diaqonal: 109 \u00b0 \u2714 Panorama: 355\u00b0 \u2714 \u018fyilm\u0259: 0 ~ 90\u00b0 \u2714 Video kadrlar\u0131n say\u0131:&hellip;<\/p>\n","protected":false},"featured_media":19402,"comment_status":"open","ping_status":"closed","template":"","meta":[],"product_cat":[4089,2862],"product_tag":[3068,3753,3074,3754,3069,3755,3072,3756,3071],"class_list":{"0":"post-19401","1":"product","2":"type-product","3":"status-publish","4":"has-post-thumbnail","6":"product_cat-imou","7":"product_cat-wifi-kameralar","8":"product_tag-imou","9":"product_tag-imouterimi","10":"product_tag-imouthlwksizlik","11":"product_tag-imouthlwksizlikterimi","12":"product_tag-sumqayitimou","13":"product_tag-sumqayitimouterimi","14":"product_tag-sumqayitthluksizlik","15":"product_tag-sumqayitthluksizlikterimi","16":"product_tag-thluksizlikkameralari","17":"description-off","19":"first","20":"instock","21":"shipping-taxable","22":"purchasable","23":"product-type-simple"},"_links":{"self":[{"href":"https:\/\/setap.az\/index.php?rest_route=\/wp\/v2\/product\/19401","targetHints":{"allow":["GET"]}}],"collection":[{"href":"https:\/\/setap.az\/index.php?rest_route=\/wp\/v2\/product"}],"about":[{"href":"https:\/\/setap.az\/index.php?rest_route=\/wp\/v2\/types\/product"}],"replies":[{"embeddable":true,"href":"https:\/\/setap.az\/index.php?rest_route=%2Fwp%2Fv2%2Fcomments&post=19401"}],"wp:featuredmedia":[{"embeddable":true,"href":"https:\/\/setap.az\/index.php?rest_route=\/wp\/v2\/media\/19402"}],"wp:attachment":[{"href":"https:\/\/setap.az\/index.php?rest_route=%2Fwp%2Fv2%2Fmedia&parent=19401"}],"wp:term":[{"taxonomy":"product_cat","embeddable":true,"href":"https:\/\/setap.az\/index.php?rest_route=%2Fwp%2Fv2%2Fproduct_cat&post=19401"},{"taxonomy":"product_tag","embeddable":true,"href":"https:\/\/setap.az\/index.php?rest_route=%2Fwp%2Fv2%2Fproduct_tag&post=19401"}],"curies":[{"name":"wp","href":"https:\/\/api.w.org\/{rel}","templated":true}]}}