{"id":19407,"date":"2025-05-23T15:33:45","date_gmt":"2025-05-23T11:33:45","guid":{"rendered":"https:\/\/setap.az\/?post_type=product&#038;p=19407"},"modified":"2025-06-27T11:36:34","modified_gmt":"2025-06-27T07:36:34","slug":"turret-se-4mp-c-ipc-t42ep-c-0280b-imou","status":"publish","type":"product","link":"https:\/\/setap.az\/?product=turret-se-4mp-c-ipc-t42ep-c-0280b-imou","title":{"rendered":"Turret SE 4MP-C (IPC-T42EP-C-0280B-imou)"},"content":{"rendered":"<p>&#8220;\u0130MOU&#8221; m\u00fc\u015fahid\u0259 kameras\u0131<br \/>\nModel: Turret SE 4MP-C (IPC-T42EP-C-0280B-imou)<br \/>\n\u2714 Matris: 1\/2.8&#8243; 4 Mp CMOS<br \/>\n\u2714 Effektiv piksell\u0259r: 2560 x 1440<br \/>\n\u2714 IR m\u0259saf\u0259si: 30 m (98 ft)<br \/>\n\u2714 Fokus m\u0259saf\u0259si: 2.8 mm<br \/>\n\u2714 Bax\u0131\u015f bucaq\u0131: \u00dcf\u00fcqi:90\u00b0; \u015eaquli:50\u00b0;<br \/>\nDiaqonal:107\u00b0<br \/>\n\u2714 Video kadrlar\u0131n say\u0131: 25 \/ 30 kadr\/s q\u0259d\u0259r<br \/>\n\u2714 R\u0259q\u0259msal zum: 8x<br \/>\n\u2714 Audio: Daxili mikrofon<br \/>\n\u2714 \u0130nsanlar\u0131n a\u015fkarlanmas\u0131: Var<br \/>\n\u2714 Arxivl\u0259\u015fm\u0259: 256 Gb q\u0259d\u0259r Mikro SD kart<br \/>\n\u2714 S\u0131f\u0131rlama d\u00fcym\u0259si: Var<br \/>\n\u2714 \u0130stifad\u0259 temperaturu: -20\u00b0C~+50\u00b0C, nisbi r\u00fctub\u0259t 95%-d\u0259n a\u015fa\u011f\u0131.<\/p>\n","protected":false},"excerpt":{"rendered":"<p>&#8220;\u0130MOU&#8221; m\u00fc\u015fahid\u0259 kameras\u0131 Model: Turret SE 4MP-C (IPC-T42EP-C-0280B-imou) \u2714 Matris: 1\/2.8&#8243; 4 Mp CMOS \u2714 Effektiv piksell\u0259r: 2560 x 1440 \u2714 IR m\u0259saf\u0259si: 30 m (98 ft) \u2714 Fokus m\u0259saf\u0259si: 2.8 mm \u2714 Bax\u0131\u015f bucaq\u0131: \u00dcf\u00fcqi:90\u00b0; \u015eaquli:50\u00b0; Diaqonal:107\u00b0 \u2714 Video kadrlar\u0131n say\u0131: 25 \/ 30 kadr\/s q\u0259d\u0259r \u2714 R\u0259q\u0259msal zum: 8x \u2714 Audio: Daxili mikrofon&hellip;<\/p>\n","protected":false},"featured_media":19408,"comment_status":"open","ping_status":"closed","template":"","meta":[],"product_cat":[4089,2849],"product_tag":[3068,3753,3074,3754,3069,3755,3072,3756,3071],"class_list":{"0":"post-19407","1":"product","2":"type-product","3":"status-publish","4":"has-post-thumbnail","6":"product_cat-imou","7":"product_cat-videokameralar","8":"product_tag-imou","9":"product_tag-imouterimi","10":"product_tag-imouthlwksizlik","11":"product_tag-imouthlwksizlikterimi","12":"product_tag-sumqayitimou","13":"product_tag-sumqayitimouterimi","14":"product_tag-sumqayitthluksizlik","15":"product_tag-sumqayitthluksizlikterimi","16":"product_tag-thluksizlikkameralari","17":"description-off","19":"first","20":"instock","21":"shipping-taxable","22":"purchasable","23":"product-type-simple"},"_links":{"self":[{"href":"https:\/\/setap.az\/index.php?rest_route=\/wp\/v2\/product\/19407","targetHints":{"allow":["GET"]}}],"collection":[{"href":"https:\/\/setap.az\/index.php?rest_route=\/wp\/v2\/product"}],"about":[{"href":"https:\/\/setap.az\/index.php?rest_route=\/wp\/v2\/types\/product"}],"replies":[{"embeddable":true,"href":"https:\/\/setap.az\/index.php?rest_route=%2Fwp%2Fv2%2Fcomments&post=19407"}],"wp:featuredmedia":[{"embeddable":true,"href":"https:\/\/setap.az\/index.php?rest_route=\/wp\/v2\/media\/19408"}],"wp:attachment":[{"href":"https:\/\/setap.az\/index.php?rest_route=%2Fwp%2Fv2%2Fmedia&parent=19407"}],"wp:term":[{"taxonomy":"product_cat","embeddable":true,"href":"https:\/\/setap.az\/index.php?rest_route=%2Fwp%2Fv2%2Fproduct_cat&post=19407"},{"taxonomy":"product_tag","embeddable":true,"href":"https:\/\/setap.az\/index.php?rest_route=%2Fwp%2Fv2%2Fproduct_tag&post=19407"}],"curies":[{"name":"wp","href":"https:\/\/api.w.org\/{rel}","templated":true}]}}