{"id":19409,"date":"2025-05-23T15:36:29","date_gmt":"2025-05-23T11:36:29","guid":{"rendered":"https:\/\/setap.az\/?post_type=product&#038;p=19409"},"modified":"2025-06-27T16:36:39","modified_gmt":"2025-06-27T12:36:39","slug":"imou-ipc-a26lp","status":"publish","type":"product","link":"https:\/\/setap.az\/?product=imou-ipc-a26lp","title":{"rendered":"\u0130mou IPC-A26LP"},"content":{"rendered":"<p> Model: IPC-A26LP<br \/>\n\u2714Matris: 1\/2, 8&#8243; 2 Mp CMOS<br \/>\n\u2714Effektiv piksell\u0259r: 1920 x 1080<br \/>\n\u2714IR m\u0259saf\u0259si: 10 m<br \/>\n\u2714Fokus m\u0259saf\u0259si: 3.6 mm , Bax\u0131\u015f bucaq\u0131 89\u00b0<br \/>\n\u2714Panorama \/ \u018fyilm\u0259 diapazonu \u2714Panorama: 355\u00b0; \u018fyilm\u0259: 0 ~ 90\u00b0<br \/>\n\u2714Video s\u0131x\u0131lma: H.265 \/ H.264<br \/>\n\u2714Video kadrlar\u0131n say\u0131: Saniy\u0259d\u0259 25 \/ 30 kadra q\u0259d\u0259r<br \/>\n\u2714Audio: kit\u0259r\u0259fli s\u00f6hb\u0259t<br \/>\n\u2714H\u0259r\u0259k\u0259tin a\u015fkarlanmas\u0131: Var<br \/>\n\u2714Anomal h\u0259yacan siqnal\u0131: Var<br \/>\n\u2714Wi-Fi: IEEE802.11 b \/ g \/ n, a\u00e7\u0131q m\u0259kan 50 m<br \/>\n\u2714Mobil t\u0259tbiq: Imou App: iOS, Android<br \/>\n\u2714Arxivl\u0259\u015fm\u0259: 256 Gb q\u0259d\u0259r Mikro SD kart<br \/>\n\u2714Daxili mikrofon v\u0259 dinamik: Var<br \/>\n\u2714S\u0131f\u0131rlama d\u00fcym\u0259si: Var<br \/>\n\u2714\u0130stifad\u0259 temperaturu: -10\u00b0C~+45\u00b0C, nisbi r\u00fctub\u0259t 95%-d\u0259n a\u015fa\u011f\u0131<\/p>\n","protected":false},"excerpt":{"rendered":"<p>Model: IPC-A26LP \u2714Matris: 1\/2, 8&#8243; 2 Mp CMOS \u2714Effektiv piksell\u0259r: 1920 x 1080 \u2714IR m\u0259saf\u0259si: 10 m \u2714Fokus m\u0259saf\u0259si: 3.6 mm , Bax\u0131\u015f bucaq\u0131 89\u00b0 \u2714Panorama \/ \u018fyilm\u0259 diapazonu \u2714Panorama: 355\u00b0; \u018fyilm\u0259: 0 ~ 90\u00b0 \u2714Video s\u0131x\u0131lma: H.265 \/ H.264 \u2714Video kadrlar\u0131n say\u0131: Saniy\u0259d\u0259 25 \/ 30 kadra q\u0259d\u0259r \u2714Audio: kit\u0259r\u0259fli s\u00f6hb\u0259t \u2714H\u0259r\u0259k\u0259tin a\u015fkarlanmas\u0131: Var&hellip;<\/p>\n","protected":false},"featured_media":19410,"comment_status":"open","ping_status":"closed","template":"","meta":[],"product_cat":[4089,2862],"product_tag":[3068,3753,3074,3754,3069,3755,3072,3756,3071],"class_list":{"0":"post-19409","1":"product","2":"type-product","3":"status-publish","4":"has-post-thumbnail","6":"product_cat-imou","7":"product_cat-wifi-kameralar","8":"product_tag-imou","9":"product_tag-imouterimi","10":"product_tag-imouthlwksizlik","11":"product_tag-imouthlwksizlikterimi","12":"product_tag-sumqayitimou","13":"product_tag-sumqayitimouterimi","14":"product_tag-sumqayitthluksizlik","15":"product_tag-sumqayitthluksizlikterimi","16":"product_tag-thluksizlikkameralari","17":"description-off","19":"first","20":"instock","21":"shipping-taxable","22":"purchasable","23":"product-type-simple"},"_links":{"self":[{"href":"https:\/\/setap.az\/index.php?rest_route=\/wp\/v2\/product\/19409","targetHints":{"allow":["GET"]}}],"collection":[{"href":"https:\/\/setap.az\/index.php?rest_route=\/wp\/v2\/product"}],"about":[{"href":"https:\/\/setap.az\/index.php?rest_route=\/wp\/v2\/types\/product"}],"replies":[{"embeddable":true,"href":"https:\/\/setap.az\/index.php?rest_route=%2Fwp%2Fv2%2Fcomments&post=19409"}],"wp:featuredmedia":[{"embeddable":true,"href":"https:\/\/setap.az\/index.php?rest_route=\/wp\/v2\/media\/19410"}],"wp:attachment":[{"href":"https:\/\/setap.az\/index.php?rest_route=%2Fwp%2Fv2%2Fmedia&parent=19409"}],"wp:term":[{"taxonomy":"product_cat","embeddable":true,"href":"https:\/\/setap.az\/index.php?rest_route=%2Fwp%2Fv2%2Fproduct_cat&post=19409"},{"taxonomy":"product_tag","embeddable":true,"href":"https:\/\/setap.az\/index.php?rest_route=%2Fwp%2Fv2%2Fproduct_tag&post=19409"}],"curies":[{"name":"wp","href":"https:\/\/api.w.org\/{rel}","templated":true}]}}