{"id":19424,"date":"2025-05-24T16:50:49","date_gmt":"2025-05-24T12:50:49","guid":{"rendered":"https:\/\/setap.az\/?post_type=product&#038;p=19424"},"modified":"2026-01-10T11:22:08","modified_gmt":"2026-01-10T07:22:08","slug":"hikvision-ds-2ce18d0t-lfs","status":"publish","type":"product","link":"https:\/\/setap.az\/?product=hikvision-ds-2ce18d0t-lfs","title":{"rendered":"Hikvision DS-2CE18D0T-LFS 2MP Analoq kamera"},"content":{"rendered":"<p>Hikvision DS-2CE18D0T-LFS, 2MP \u00e7\u00f6z\u00fcn\u00fcrl\u00fckl\u00fc, sabit linzal\u0131 v\u0259 audio d\u0259st\u0259kl\u0259y\u0259n bullet tipli t\u0259hl\u00fck\u0259sizlik kameras\u0131d\u0131r. Bu model, g\u00fcnd\u00fcz v\u0259 gec\u0259 \u015f\u0259raitind\u0259 y\u00fcks\u0259k keyfiyy\u0259tli g\u00f6r\u00fcnt\u00fc v\u0259 s\u0259sli m\u00fc\u015fahid\u0259 imkan\u0131 t\u0259qdim edir.<\/p>\n<p>\ud83d\udcf8 \u018fsas X\u00fcsusiyy\u0259tl\u0259r:<br \/>\n\u00c7\u00f6z\u00fcn\u00fcrl\u00fck: 2MP (1920 \u00d7 1080)<br \/>\nLinza: 2.8 mm, 3.6 mm v\u0259 6 mm sabit linza se\u00e7iml\u0259ri<br \/>\nG\u00f6r\u00fc\u015f buca\u011f\u0131:<br \/>\n2.8 mm: \u00dcf\u00fcqi 101\u00b0, \u015eaquli 56\u00b0, Diagonal 118\u00b0<br \/>\n3.6 mm: \u00dcf\u00fcqi 78\u00b0, \u015eaquli 42\u00b0, Diagonal 92\u00b0<br \/>\n6 mm: \u00dcf\u00fcqi 49.2\u00b0, \u015eaquli 28.3\u00b0, Diagonal 56.1\u00b0<br \/>\nGec\u0259 G\u00f6r\u00fc\u015f\u00fc: IR v\u0259 a\u011f i\u015f\u0131q il\u0259 60 metr\u0259 q\u0259d\u0259r<br \/>\nS\u0259s: Daxili mikrofon il\u0259 5 metr\u0259 q\u0259d\u0259r s\u0259sli m\u00fc\u015fahid\u0259<br \/>\nVideo \u00e7\u0131x\u0131\u015f\u0131: TVI\/AHD\/CVI\/CVBS d\u0259st\u0259yi<br \/>\nQoruma s\u0259viyy\u0259si: IP67 (suya v\u0259 toza davaml\u0131)<br \/>\n\u018fm\u0259liyyat temperaturu: -40\u00b0C-d\u0259n +60\u00b0C-y\u0259 q\u0259d\u0259r<br \/>\nEnerji t\u0259chizat\u0131: 12 VDC \u00b125%, maksimum 9.8 W<br \/>\nMaterial: \u00d6n \u00f6rt\u00fck: Metal, \u018fsas g\u00f6vd\u0259: Plastik<br \/>\n\u00d6l\u00e7\u00fcl\u0259r: 192.6 mm \u00d7 178.3 mm \u00d7 71 mm<\/p>\n","protected":false},"excerpt":{"rendered":"<p>Hikvision DS-2CE18D0T-LFS, 2MP \u00e7\u00f6z\u00fcn\u00fcrl\u00fckl\u00fc, sabit linzal\u0131 v\u0259 audio d\u0259st\u0259kl\u0259y\u0259n bullet tipli t\u0259hl\u00fck\u0259sizlik kameras\u0131d\u0131r. Bu model, g\u00fcnd\u00fcz v\u0259 gec\u0259 \u015f\u0259raitind\u0259 y\u00fcks\u0259k keyfiyy\u0259tli g\u00f6r\u00fcnt\u00fc v\u0259 s\u0259sli m\u00fc\u015fahid\u0259 imkan\u0131 t\u0259qdim edir. \ud83d\udcf8 \u018fsas X\u00fcsusiyy\u0259tl\u0259r: \u00c7\u00f6z\u00fcn\u00fcrl\u00fck: 2MP (1920 \u00d7 1080) Linza: 2.8 mm, 3.6 mm v\u0259 6 mm sabit linza se\u00e7iml\u0259ri G\u00f6r\u00fc\u015f buca\u011f\u0131: 2.8 mm: \u00dcf\u00fcqi 101\u00b0, \u015eaquli 56\u00b0,&hellip;<\/p>\n","protected":false},"featured_media":19425,"comment_status":"open","ping_status":"closed","template":"","meta":[],"product_cat":[4016,2849],"product_tag":[3371,3795,3800,3796,3388,3793,3797,3799,2941,3801,3377,3794,3782,3051,3798],"class_list":{"0":"post-19424","1":"product","2":"type-product","3":"status-publish","4":"has-post-thumbnail","6":"product_cat-hikvision","7":"product_cat-videokameralar","8":"product_tag-2mpkamera","9":"product_tag-60mgecgorusu","10":"product_tag-aciqhavakamerasi","11":"product_tag-audiomonitoring","12":"product_tag-bulletkamera","13":"product_tag-ds2ce18d0tlfs","14":"product_tag-fullhdthluksizlik","15":"product_tag-gundliknzart","16":"product_tag-hikvision","17":"product_tag-hikvisionazerbaijan","18":"product_tag-ip67","19":"product_tag-irgecgorm","20":"product_tag-sslikamera","21":"product_tag-thluksizlikkamerasi","22":"product_tag-tviahdcvicvbs","23":"description-off","25":"first","26":"instock","27":"shipping-taxable","28":"purchasable","29":"product-type-simple"},"_links":{"self":[{"href":"https:\/\/setap.az\/index.php?rest_route=\/wp\/v2\/product\/19424","targetHints":{"allow":["GET"]}}],"collection":[{"href":"https:\/\/setap.az\/index.php?rest_route=\/wp\/v2\/product"}],"about":[{"href":"https:\/\/setap.az\/index.php?rest_route=\/wp\/v2\/types\/product"}],"replies":[{"embeddable":true,"href":"https:\/\/setap.az\/index.php?rest_route=%2Fwp%2Fv2%2Fcomments&post=19424"}],"wp:featuredmedia":[{"embeddable":true,"href":"https:\/\/setap.az\/index.php?rest_route=\/wp\/v2\/media\/19425"}],"wp:attachment":[{"href":"https:\/\/setap.az\/index.php?rest_route=%2Fwp%2Fv2%2Fmedia&parent=19424"}],"wp:term":[{"taxonomy":"product_cat","embeddable":true,"href":"https:\/\/setap.az\/index.php?rest_route=%2Fwp%2Fv2%2Fproduct_cat&post=19424"},{"taxonomy":"product_tag","embeddable":true,"href":"https:\/\/setap.az\/index.php?rest_route=%2Fwp%2Fv2%2Fproduct_tag&post=19424"}],"curies":[{"name":"wp","href":"https:\/\/api.w.org\/{rel}","templated":true}]}}