{"id":19426,"date":"2025-05-26T16:14:29","date_gmt":"2025-05-26T12:14:29","guid":{"rendered":"https:\/\/setap.az\/?post_type=product&#038;p=19426"},"modified":"2025-06-27T12:12:09","modified_gmt":"2025-06-27T08:12:09","slug":"uniarch-uho-b2d-m3f3d-wifi-kamera","status":"publish","type":"product","link":"https:\/\/setap.az\/?product=uniarch-uho-b2d-m3f3d-wifi-kamera","title":{"rendered":"Uniarch UHO-B2D-M3F3D WiFi Kamera"},"content":{"rendered":"<p>Uniarch UHO-B2D-M3F3D, a\u00e7\u0131q havada istifad\u0259 \u00fc\u00e7\u00fcn n\u0259z\u0259rd\u0259 tutulmu\u015f 3MP \u00e7\u00f6z\u00fcn\u00fcrl\u00fckl\u00fc Wi-Fi bullet tipli IP t\u0259hl\u00fck\u0259sizlik kameras\u0131d\u0131r. Bu model, y\u00fcks\u0259k g\u00f6r\u00fcnt\u00fc keyfiyy\u0259ti, a\u011f\u0131ll\u0131 i\u015f\u0131qland\u0131rma v\u0259 iki t\u0259r\u0259fli s\u0259s funksiyalar\u0131 il\u0259 ev v\u0259 ofis m\u00fchitl\u0259rind\u0259 effektiv n\u0259zar\u0259t t\u0259min edir.<br \/>\n\u2714\u018fsas X\u00fcsusiyy\u0259tl\u0259r:<br \/>\n\u00c7\u00f6z\u00fcn\u00fcrl\u00fck: 3MP (2304\u00d71296) @25fps<br \/>\nSensor: 1\/3&#8243; CMOS, F1.6 diyafram<br \/>\nLinza: 2.8mm sabit linza<br \/>\nG\u00f6r\u00fc\u015f buca\u011f\u0131: \u00dcf\u00fcqi: 97.5\u00b0, \u015eaquli: 52.9\u00b0, Diagonal: 108\u00b0<br \/>\nMinimum i\u015f\u0131qland\u0131rma: 0.003 lux (F1.6, AGC ON); 0 lux (IR aktiv olduqda)<br \/>\nGec\u0259 G\u00f6r\u00fc\u015f\u00fc: Smart IR texnologiyas\u0131 il\u0259 20 metr\u0259 q\u0259d\u0259r<br \/>\nA\u011f \u0130\u015f\u0131q: 10 metr\u0259 q\u0259d\u0259r<br \/>\n\u0130ki T\u0259r\u0259fli S\u0259s: Daxili mikrofon v\u0259 dinamik il\u0259 s\u0259sli \u0259laq\u0259 imkan\u0131<br \/>\nVideo S\u0131x\u0131lma: Ultra 265, H.265, H.264, MJPEG<br \/>\nYadda\u015f: 128GB-a q\u0259d\u0259r microSD kart d\u0259st\u0259yi<br \/>\nWi-Fi Ba\u011flant\u0131s\u0131: IEEE802.11b\/g\/n (2.4GHz)<br \/>\nQoruma S\u0259viyy\u0259si: IP67 (suya v\u0259 toza davaml\u0131)<\/p>\n","protected":false},"excerpt":{"rendered":"<p>Uniarch UHO-B2D-M3F3D, a\u00e7\u0131q havada istifad\u0259 \u00fc\u00e7\u00fcn n\u0259z\u0259rd\u0259 tutulmu\u015f 3MP \u00e7\u00f6z\u00fcn\u00fcrl\u00fckl\u00fc Wi-Fi bullet tipli IP t\u0259hl\u00fck\u0259sizlik kameras\u0131d\u0131r. Bu model, y\u00fcks\u0259k g\u00f6r\u00fcnt\u00fc keyfiyy\u0259ti, a\u011f\u0131ll\u0131 i\u015f\u0131qland\u0131rma v\u0259 iki t\u0259r\u0259fli s\u0259s funksiyalar\u0131 il\u0259 ev v\u0259 ofis m\u00fchitl\u0259rind\u0259 effektiv n\u0259zar\u0259t t\u0259min edir. \u2714\u018fsas X\u00fcsusiyy\u0259tl\u0259r: \u00c7\u00f6z\u00fcn\u00fcrl\u00fck: 3MP (2304\u00d71296) @25fps Sensor: 1\/3&#8243; CMOS, F1.6 diyafram Linza: 2.8mm sabit linza G\u00f6r\u00fc\u015f buca\u011f\u0131: \u00dcf\u00fcqi:&hellip;<\/p>\n","protected":false},"featured_media":19427,"comment_status":"open","ping_status":"closed","template":"","meta":[],"product_cat":[4087,2849,2862],"product_tag":[3297,3803,3388,3804,3298,3264,3377,3049,3772,3726,3791,3051,3802,3757,3805,2929],"class_list":{"0":"post-19426","1":"product","2":"type-product","3":"status-publish","4":"has-post-thumbnail","6":"product_cat-unv","7":"product_cat-videokameralar","8":"product_cat-wifi-kameralar","9":"product_tag-3mpkamera","10":"product_tag-agisiq","11":"product_tag-bulletkamera","12":"product_tag-evnzart","13":"product_tag-gecgorm","14":"product_tag-ikitrfliss","15":"product_tag-ip67","16":"product_tag-ipkamera","17":"product_tag-ofisthluksizliyi","18":"product_tag-rngligecgoruntusu","19":"product_tag-smartir","20":"product_tag-thluksizlikkamerasi","21":"product_tag-uhob2dm3f3d","22":"product_tag-uniarch","23":"product_tag-uniarchazerbaijan","24":"product_tag-wifikamera","25":"description-off","27":"first","28":"instock","29":"shipping-taxable","30":"purchasable","31":"product-type-simple"},"_links":{"self":[{"href":"https:\/\/setap.az\/index.php?rest_route=\/wp\/v2\/product\/19426","targetHints":{"allow":["GET"]}}],"collection":[{"href":"https:\/\/setap.az\/index.php?rest_route=\/wp\/v2\/product"}],"about":[{"href":"https:\/\/setap.az\/index.php?rest_route=\/wp\/v2\/types\/product"}],"replies":[{"embeddable":true,"href":"https:\/\/setap.az\/index.php?rest_route=%2Fwp%2Fv2%2Fcomments&post=19426"}],"wp:featuredmedia":[{"embeddable":true,"href":"https:\/\/setap.az\/index.php?rest_route=\/wp\/v2\/media\/19427"}],"wp:attachment":[{"href":"https:\/\/setap.az\/index.php?rest_route=%2Fwp%2Fv2%2Fmedia&parent=19426"}],"wp:term":[{"taxonomy":"product_cat","embeddable":true,"href":"https:\/\/setap.az\/index.php?rest_route=%2Fwp%2Fv2%2Fproduct_cat&post=19426"},{"taxonomy":"product_tag","embeddable":true,"href":"https:\/\/setap.az\/index.php?rest_route=%2Fwp%2Fv2%2Fproduct_tag&post=19426"}],"curies":[{"name":"wp","href":"https:\/\/api.w.org\/{rel}","templated":true}]}}