{"id":19428,"date":"2025-05-27T10:24:08","date_gmt":"2025-05-27T06:24:08","guid":{"rendered":"https:\/\/setap.az\/?post_type=product&#038;p=19428"},"modified":"2026-01-23T14:13:31","modified_gmt":"2026-01-23T10:13:31","slug":"imou-ipc-t22ep-0360b","status":"publish","type":"product","link":"https:\/\/setap.az\/?product=imou-ipc-t22ep-0360b","title":{"rendered":"\u0130mou  IPC-T22EP-0360B 2MP IP Kamera"},"content":{"rendered":"<p>IPC-T22EP-0360B 2MP IP Kamera<br \/>\n\u2714Sensor: 1\/2.8&#8243; 2 MP Proqressiv skan CMOS<br \/>\n\u2714Effektiv piksell\u0259r: 1920 x 1080<br \/>\n\u2714Gec\u0259 g\u00f6rm\u0259 m\u0259saf\u0259si: 30 m (98 fut)<br \/>\n\u2714Fokus m\u0259saf\u0259si: 3.6 mm<br \/>\n\u2714Bax\u0131\u015f buca\u011f\u0131: \u00dcf\u00fcqi: 78\u00b0; \u015eaquli: 40\u00b0; Diaqonal: 97\u00b0<br \/>\n\u2714Video s\u0131x\u0131lma: H.265 \/ H.264<br \/>\n\u2714Kadr s\u00fcr\u0259ti: Maksimum 25\/30 kadr\/saniy\u0259<br \/>\n\u2714R\u0259q\u0259msal yax\u0131nla\u015fd\u0131rma: 16x<br \/>\n\u2714Audio: Daxili mikrofon<br \/>\n\u2714H\u0259r\u0259k\u0259t a\u015fkarlanmas\u0131: Var<br \/>\n\u2714\u0130nsan a\u015fkarlanmas\u0131: Var<br \/>\n\u2714Mobil t\u0259tbiq: iOS, Android \u00fc\u00e7\u00fcn Imou t\u0259tbiqi<br \/>\n\u2714Saxlama: Micro SD kart yuvas\u0131 (256 GB-a q\u0259d\u0259r)<br \/>\n\u2714S\u0131f\u0131rlama d\u00fcym\u0259si: Var<br \/>\n\u2714\u0130\u015f temperaturu: -20\u00b0C ~ +50\u00b0C<br \/>\n\u2714Nisbi r\u00fctub\u0259t: Maksimum 95%<\/p>\n","protected":false},"excerpt":{"rendered":"<p>IPC-T22EP-0360B 2MP IP Kamera \u2714Sensor: 1\/2.8&#8243; 2 MP Proqressiv skan CMOS \u2714Effektiv piksell\u0259r: 1920 x 1080 \u2714Gec\u0259 g\u00f6rm\u0259 m\u0259saf\u0259si: 30 m (98 fut) \u2714Fokus m\u0259saf\u0259si: 3.6 mm \u2714Bax\u0131\u015f buca\u011f\u0131: \u00dcf\u00fcqi: 78\u00b0; \u015eaquli: 40\u00b0; Diaqonal: 97\u00b0 \u2714Video s\u0131x\u0131lma: H.265 \/ H.264 \u2714Kadr s\u00fcr\u0259ti: Maksimum 25\/30 kadr\/saniy\u0259 \u2714R\u0259q\u0259msal yax\u0131nla\u015fd\u0131rma: 16x \u2714Audio: Daxili mikrofon \u2714H\u0259r\u0259k\u0259t a\u015fkarlanmas\u0131: Var \u2714\u0130nsan&hellip;<\/p>\n","protected":false},"featured_media":19429,"comment_status":"open","ping_status":"closed","template":"","meta":[],"product_cat":[4089,2803,5271,2841],"product_tag":[3068,3753,3074,3754,3069,3755,3072,3756,3071],"class_list":{"0":"post-19428","1":"product","2":"type-product","3":"status-publish","4":"has-post-thumbnail","6":"product_cat-imou","7":"product_cat-ip","8":"product_cat-thluksizlik-kamerasi","9":"product_cat-videonzart","10":"product_tag-imou","11":"product_tag-imouterimi","12":"product_tag-imouthlwksizlik","13":"product_tag-imouthlwksizlikterimi","14":"product_tag-sumqayitimou","15":"product_tag-sumqayitimouterimi","16":"product_tag-sumqayitthluksizlik","17":"product_tag-sumqayitthluksizlikterimi","18":"product_tag-thluksizlikkameralari","19":"description-off","21":"first","22":"instock","23":"shipping-taxable","24":"purchasable","25":"product-type-simple"},"_links":{"self":[{"href":"https:\/\/setap.az\/index.php?rest_route=\/wp\/v2\/product\/19428","targetHints":{"allow":["GET"]}}],"collection":[{"href":"https:\/\/setap.az\/index.php?rest_route=\/wp\/v2\/product"}],"about":[{"href":"https:\/\/setap.az\/index.php?rest_route=\/wp\/v2\/types\/product"}],"replies":[{"embeddable":true,"href":"https:\/\/setap.az\/index.php?rest_route=%2Fwp%2Fv2%2Fcomments&post=19428"}],"wp:featuredmedia":[{"embeddable":true,"href":"https:\/\/setap.az\/index.php?rest_route=\/wp\/v2\/media\/19429"}],"wp:attachment":[{"href":"https:\/\/setap.az\/index.php?rest_route=%2Fwp%2Fv2%2Fmedia&parent=19428"}],"wp:term":[{"taxonomy":"product_cat","embeddable":true,"href":"https:\/\/setap.az\/index.php?rest_route=%2Fwp%2Fv2%2Fproduct_cat&post=19428"},{"taxonomy":"product_tag","embeddable":true,"href":"https:\/\/setap.az\/index.php?rest_route=%2Fwp%2Fv2%2Fproduct_tag&post=19428"}],"curies":[{"name":"wp","href":"https:\/\/api.w.org\/{rel}","templated":true}]}}