{"id":19433,"date":"2025-05-27T10:37:06","date_gmt":"2025-05-27T06:37:06","guid":{"rendered":"https:\/\/setap.az\/?post_type=product&#038;p=19433"},"modified":"2026-01-23T14:06:55","modified_gmt":"2026-01-23T10:06:55","slug":"imou-pc-f22ap-0360b","status":"publish","type":"product","link":"https:\/\/setap.az\/?product=imou-pc-f22ap-0360b","title":{"rendered":"&#8220;\u0130MOU&#8221; PC-F22AP- 0360B 2MP IP Kamera"},"content":{"rendered":"<p>\ud83d\udd39&#8221;\u0130MOU&#8221; PC-F22AP-0360B 2MP IP kamera<br \/>\n&#8211; Sensor: 1\/2.8&#8243; CMOS (Proqressiv skanlama).<br \/>\n&#8211; Effektiv Piksel: 1920 x 1080 (2 MP).<br \/>\n&#8211; Gec\u0259 G\u00f6rm\u0259: 30 metr (98 fut).<br \/>\n&#8211; Fokus m\u0259saf\u0259si: 3.6 mm.<br \/>\n&#8211; Bax\u0131\u015f bucaqlar\u0131: \u00dcf\u00fcqi: 89\u00b0.\u015eaquli: 46\u00b0.Diaqonal: 108\u00b0.<br \/>\n&#8211; Video s\u0131x\u0131lmas\u0131: H.265 \/ H.264.<br \/>\n&#8211; Kadr s\u00fcr\u0259ti: 25 \/ 30 FPS-\u0259 q\u0259d\u0259r.<br \/>\n&#8211; R\u0259q\u0259msal Zoom: 16x.<br \/>\n&#8211; S\u0259s: Daxili mikrofon.<br \/>\n&#8211; H\u0259r\u0259k\u0259t a\u015fkarlanmas\u0131: Var.<br \/>\n&#8211; \u0130nsan a\u015fkarlanmas\u0131: Var.<br \/>\n&#8211; Mobil T\u0259tbiql\u0259r: Imou App (iOS v\u0259 Android \u00fc\u00e7\u00fcn).<br \/>\n&#8211; Uy\u011funluq: ONVIF standartlar\u0131na uy\u011fun.<br \/>\n&#8211; Qoruma d\u0259r\u0259c\u0259si: IP67 (toz v\u0259 suya qar\u015f\u0131 tam qoruma).<br \/>\n&#8211; \u0130\u015f temperaturu: -30\u00b0C ~ +60\u00b0C.<br \/>\n&#8211; Nisbi r\u00fctub\u0259t: 95%-d\u0259n az<br \/>\n\ud83d\udd39X\u00fcsusiyy\u0259tl\u0259r v\u0259 \u00dcst\u00fcnl\u00fckl\u0259r<br \/>\n\u2714Geni\u015f bax\u0131\u015f bucaqlar\u0131: 108\u00b0 diaqonal bax\u0131\u015f buca\u011f\u0131 il\u0259 daha geni\u015f \u0259razini n\u0259zar\u0259t alt\u0131nda saxlamaq.<br \/>\n\u2714H.265 texnologiyas\u0131: Video s\u0131x\u0131lmas\u0131n\u0131 effektivl\u0259\u015fdir\u0259r\u0259k daha az yadda\u015f istifad\u0259si v\u0259 y\u00fcks\u0259k keyfiyy\u0259tli g\u00f6r\u00fcnt\u00fc t\u0259min edir.<br \/>\n\u2714PoE d\u0259st\u0259yi: Eyni kabel vasit\u0259sil\u0259 h\u0259m enerji t\u0259minat\u0131, h\u0259m d\u0259 m\u0259lumat \u00f6t\u00fcr\u00fclm\u0259si.<br \/>\n\u2714IPC-F22AP-0360B modeli ev, i\u015f yeri v\u0259 a\u00e7\u0131q m\u0259kanlar \u00fc\u00e7\u00fcn y\u00fcks\u0259k keyfiyy\u0259tli g\u00f6r\u00fcnt\u00fc v\u0259 etibarl\u0131 t\u0259hl\u00fck\u0259sizlik t\u0259min edir.<br \/>\n\u2714IP67 qoruma d\u0259r\u0259c\u0259si il\u0259 ist\u0259nil\u0259n hava \u015f\u0259raitind\u0259 istifad\u0259 oluna bil\u0259r.<\/p>\n","protected":false},"excerpt":{"rendered":"<p>\ud83d\udd39&#8221;\u0130MOU&#8221; PC-F22AP-0360B 2MP IP kamera &#8211; Sensor: 1\/2.8&#8243; CMOS (Proqressiv skanlama). &#8211; Effektiv Piksel: 1920 x 1080 (2 MP). &#8211; Gec\u0259 G\u00f6rm\u0259: 30 metr (98 fut). &#8211; Fokus m\u0259saf\u0259si: 3.6 mm. &#8211; Bax\u0131\u015f bucaqlar\u0131: \u00dcf\u00fcqi: 89\u00b0.\u015eaquli: 46\u00b0.Diaqonal: 108\u00b0. &#8211; Video s\u0131x\u0131lmas\u0131: H.265 \/ H.264. &#8211; Kadr s\u00fcr\u0259ti: 25 \/ 30 FPS-\u0259 q\u0259d\u0259r. &#8211; R\u0259q\u0259msal Zoom:&hellip;<\/p>\n","protected":false},"featured_media":19434,"comment_status":"open","ping_status":"closed","template":"","meta":[],"product_cat":[4089,2803],"product_tag":[3068,3753,3074,3754,3069,3755,3072,3756,3071],"class_list":{"0":"post-19433","1":"product","2":"type-product","3":"status-publish","4":"has-post-thumbnail","6":"product_cat-imou","7":"product_cat-ip","8":"product_tag-imou","9":"product_tag-imouterimi","10":"product_tag-imouthlwksizlik","11":"product_tag-imouthlwksizlikterimi","12":"product_tag-sumqayitimou","13":"product_tag-sumqayitimouterimi","14":"product_tag-sumqayitthluksizlik","15":"product_tag-sumqayitthluksizlikterimi","16":"product_tag-thluksizlikkameralari","17":"description-off","19":"first","20":"instock","21":"shipping-taxable","22":"purchasable","23":"product-type-simple"},"_links":{"self":[{"href":"https:\/\/setap.az\/index.php?rest_route=\/wp\/v2\/product\/19433","targetHints":{"allow":["GET"]}}],"collection":[{"href":"https:\/\/setap.az\/index.php?rest_route=\/wp\/v2\/product"}],"about":[{"href":"https:\/\/setap.az\/index.php?rest_route=\/wp\/v2\/types\/product"}],"replies":[{"embeddable":true,"href":"https:\/\/setap.az\/index.php?rest_route=%2Fwp%2Fv2%2Fcomments&post=19433"}],"wp:featuredmedia":[{"embeddable":true,"href":"https:\/\/setap.az\/index.php?rest_route=\/wp\/v2\/media\/19434"}],"wp:attachment":[{"href":"https:\/\/setap.az\/index.php?rest_route=%2Fwp%2Fv2%2Fmedia&parent=19433"}],"wp:term":[{"taxonomy":"product_cat","embeddable":true,"href":"https:\/\/setap.az\/index.php?rest_route=%2Fwp%2Fv2%2Fproduct_cat&post=19433"},{"taxonomy":"product_tag","embeddable":true,"href":"https:\/\/setap.az\/index.php?rest_route=%2Fwp%2Fv2%2Fproduct_tag&post=19433"}],"curies":[{"name":"wp","href":"https:\/\/api.w.org\/{rel}","templated":true}]}}