{"id":19437,"date":"2025-05-27T11:15:02","date_gmt":"2025-05-27T07:15:02","guid":{"rendered":"https:\/\/setap.az\/?post_type=product&#038;p=19437"},"modified":"2026-01-07T15:23:56","modified_gmt":"2026-01-07T11:23:56","slug":"hikvision-color-vu-ds-2ce70df0t-pf","status":"publish","type":"product","link":"https:\/\/setap.az\/?product=hikvision-color-vu-ds-2ce70df0t-pf","title":{"rendered":"Hikvision Color-VU DS-2CE70DF0T-PF 2MP Analoq kamera"},"content":{"rendered":"<p>Hikvision Color-VU DS-2CE70DF0T-PF 2MP Analoq kamera<br \/>\n&#8211; 2 MP- d\u0259 \u00e7\u0259kili\u015f zaman\u0131 qeyd sur\u0259ti saniy\u0259d\u0259 25 kadrd\u0131r<br \/>\n&#8211; Eyni vaxtda m\u00fcxt\u0259lif formatlar\u0131 d\u0259st\u0259kl\u0259yir: HDCVI,CVBS,AHD,HDTVI<br \/>\n&#8211; Model kompakt \u00f6l\u00e7\u00fcl\u0259r\u0259 malik g\u00fcnb\u0259z forma faktorunda haz\u0131rlanm\u0131\u015fd\u0131r, buna g\u00f6r\u0259 d\u0259 ist\u0259nil\u0259n otaq interyerin\u0259 ah\u0259ngdar \u015f\u0259kild\u0259 uy\u011funla\u015fa bilir<br \/>\n&#8211; ColorVu texnologiyas\u0131n\u0131 d\u0259st\u0259kl\u0259yir, ona g\u00f6r\u0259 d\u0259 ist\u0259nil\u0259n i\u015f\u0131qland\u0131rmada tam t\u0259sviri t\u0259min ed\u0259 bilir<br \/>\n&#8211; Gec\u0259 g\u00fcnd\u00fcz filtri var<br \/>\n&#8211; 2\u202fMP CMOS sensor \u2014 1920\u202f\u00d7\u202f1080 (Full HD) q\u0259tnam\u0259.<br \/>\n&#8211; \u018fn a\u015fa\u011f\u0131 i\u015f\u0131q h\u0259ssasl\u0131\u011f\u0131: 0.001\u202fLux @ F1.0, AGC ON (he\u00e7 bir i\u015f\u0131q olmad\u0131qda da ayd\u0131n g\u00f6r\u00fcnt\u00fc \u00fc\u00e7\u00fcn \u0259lav\u0259 i\u015f\u0131q).<br \/>\n&#8211; 24\/7 r\u0259ngli g\u00f6r\u00fcnt\u00fc (ColorVU) \u2014 gec\u0259 v\u0259 g\u00fcnd\u00fcz r\u0259ngli \u015f\u0259kild\u0259 g\u00f6r\u00fcnt\u00fcl\u0259m\u0259.<br \/>\n&#8211; Sabit lens olaraq 2.8\u202fmm, 3.6\u202fmm v\u0259 6\u202fmm se\u00e7iml\u0259ri m\u00f6vcuddur.<br \/>\n&#8211; A\u011f i\u015f\u0131q il\u0259 gec\u0259 g\u00f6r\u00fcnt\u00fcs\u00fc m\u0259saf\u0259si: t\u0259xmin\u0259n 20\u202fm.<br \/>\n&#8211; 3D\/2D DNR (s\u0259s\u2011k\u00fcy azald\u0131lmas\u0131).<br \/>\n&#8211; Korpus: Plastik, turret (d\u00f6ner) tip.<br \/>\n&#8211; \u0130\u015fl\u0259m\u0259 \u015f\u0259raiti: \u221240\u202f\u00b0C\u2011d\u0259n +60\u202f\u00b0C\u2011\u0259 q\u0259d\u0259r.<br \/>\n&#8211; G\u00fcc: 12\u202fVDC, maksimum ~2.4\u202fW.<br \/>\n&#8211; A\u011f\u0131r\u0131q: ~161\u202fg. <\/p>\n","protected":false},"excerpt":{"rendered":"<p>Hikvision Color-VU DS-2CE70DF0T-PF 2MP Analoq kamera &#8211; 2 MP- d\u0259 \u00e7\u0259kili\u015f zaman\u0131 qeyd sur\u0259ti saniy\u0259d\u0259 25 kadrd\u0131r &#8211; Eyni vaxtda m\u00fcxt\u0259lif formatlar\u0131 d\u0259st\u0259kl\u0259yir: HDCVI,CVBS,AHD,HDTVI &#8211; Model kompakt \u00f6l\u00e7\u00fcl\u0259r\u0259 malik g\u00fcnb\u0259z forma faktorunda haz\u0131rlanm\u0131\u015fd\u0131r, buna g\u00f6r\u0259 d\u0259 ist\u0259nil\u0259n otaq interyerin\u0259 ah\u0259ngdar \u015f\u0259kild\u0259 uy\u011funla\u015fa bilir &#8211; ColorVu texnologiyas\u0131n\u0131 d\u0259st\u0259kl\u0259yir, ona g\u00f6r\u0259 d\u0259 ist\u0259nil\u0259n i\u015f\u0131qland\u0131rmada tam t\u0259sviri t\u0259min&hellip;<\/p>\n","protected":false},"featured_media":19438,"comment_status":"open","ping_status":"closed","template":"","meta":[],"product_cat":[4016,2849],"product_tag":[3382,3132,2941,3379,2942,3380,3385,3381,3383,2937,3260,2939,2934,3718,3378,3135,3142,3071,3384],"class_list":{"0":"post-19437","1":"product","2":"type-product","3":"status-publish","4":"has-post-thumbnail","6":"product_cat-hikvision","7":"product_cat-videokameralar","8":"product_tag-camerainstallation","9":"product_tag-cctv","10":"product_tag-hikvision","11":"product_tag-hikvisioncamera","12":"product_tag-hikvisioncctv","13":"product_tag-hikvisionsecurity","14":"product_tag-hikvisionsolutions","15":"product_tag-hikvisionsystem","16":"product_tag-hikvisiontechnology","17":"product_tag-homesecurity","18":"product_tag-ipcamera","19":"product_tag-securitycamera","20":"product_tag-smartsecurity","21":"product_tag-sumqayithikvisionmusahidkamerasi","22":"product_tag-sumqayithikvision","23":"product_tag-surveillance","24":"product_tag-thluksizlik","25":"product_tag-thluksizlikkameralari","26":"product_tag-videosurveillance","27":"description-off","29":"first","30":"instock","31":"shipping-taxable","32":"purchasable","33":"product-type-simple"},"_links":{"self":[{"href":"https:\/\/setap.az\/index.php?rest_route=\/wp\/v2\/product\/19437","targetHints":{"allow":["GET"]}}],"collection":[{"href":"https:\/\/setap.az\/index.php?rest_route=\/wp\/v2\/product"}],"about":[{"href":"https:\/\/setap.az\/index.php?rest_route=\/wp\/v2\/types\/product"}],"replies":[{"embeddable":true,"href":"https:\/\/setap.az\/index.php?rest_route=%2Fwp%2Fv2%2Fcomments&post=19437"}],"wp:featuredmedia":[{"embeddable":true,"href":"https:\/\/setap.az\/index.php?rest_route=\/wp\/v2\/media\/19438"}],"wp:attachment":[{"href":"https:\/\/setap.az\/index.php?rest_route=%2Fwp%2Fv2%2Fmedia&parent=19437"}],"wp:term":[{"taxonomy":"product_cat","embeddable":true,"href":"https:\/\/setap.az\/index.php?rest_route=%2Fwp%2Fv2%2Fproduct_cat&post=19437"},{"taxonomy":"product_tag","embeddable":true,"href":"https:\/\/setap.az\/index.php?rest_route=%2Fwp%2Fv2%2Fproduct_tag&post=19437"}],"curies":[{"name":"wp","href":"https:\/\/api.w.org\/{rel}","templated":true}]}}