{"id":19439,"date":"2025-05-27T11:37:01","date_gmt":"2025-05-27T07:37:01","guid":{"rendered":"https:\/\/setap.az\/?post_type=product&#038;p=19439"},"modified":"2025-05-27T11:37:01","modified_gmt":"2025-05-27T07:37:01","slug":"jedel-ws610-naqilsiz-klavyatura-v%c9%99-sican","status":"publish","type":"product","link":"https:\/\/setap.az\/?product=jedel-ws610-naqilsiz-klavyatura-v%c9%99-sican","title":{"rendered":"Jedel WS610 naqilsiz klavyatura v\u0259 si\u00e7an"},"content":{"rendered":"<p>\ud83d\udd37 Naqilsiz klavyatura v\u0259 si\u00e7an.<br \/>\n\ud83d\udca5 Jedel WS610 naqilsiz klavyatura v\u0259 si\u00e7an<br \/>\n&#8211; Y\u00fcks\u0259k s\u0259viyy\u0259li rahatl\u0131q, \u0259la performans v\u0259 tam \u00f6l\u00e7\u00fcl\u00fc t\u0259kmill\u0259\u015fdirilmi\u015f klavyatura v\u0259 si\u00e7an.<br \/>\n&#8211; \u0130p\u0259k \u00e7ap + UV xarakteri.<br \/>\n&#8211; Si\u00e7an 2.4GHz USB q\u0259buledici.<br \/>\n&#8211; 10m-\u0259 q\u0259d\u0259r \u0259hat\u0259 dair\u0259si.<\/p>\n","protected":false},"excerpt":{"rendered":"<p>\ud83d\udd37 Naqilsiz klavyatura v\u0259 si\u00e7an. \ud83d\udca5 Jedel WS610 naqilsiz klavyatura v\u0259 si\u00e7an &#8211; Y\u00fcks\u0259k s\u0259viyy\u0259li rahatl\u0131q, \u0259la performans v\u0259 tam \u00f6l\u00e7\u00fcl\u00fc t\u0259kmill\u0259\u015fdirilmi\u015f klavyatura v\u0259 si\u00e7an. &#8211; \u0130p\u0259k \u00e7ap + UV xarakteri. &#8211; Si\u00e7an 2.4GHz USB q\u0259buledici. &#8211; 10m-\u0259 q\u0259d\u0259r \u0259hat\u0259 dair\u0259si.<\/p>\n","protected":false},"featured_media":19440,"comment_status":"open","ping_status":"closed","template":"","meta":[],"product_cat":[3508],"product_tag":[3810,3808,3806,3510,3519,3706,3807,3809,3021],"class_list":{"0":"post-19439","1":"product","2":"type-product","3":"status-publish","4":"has-post-thumbnail","6":"product_cat-klavyatura-v-sicanlar","7":"product_tag-2-4ghzusbqbuledici","8":"product_tag-ipkcap","9":"product_tag-jedelws610","10":"product_tag-naqilsizklavyatura","11":"product_tag-rahatistifad","12":"product_tag-sican","13":"product_tag-tamolculuklavyatura","14":"product_tag-uvxarakteri","15":"product_tag-yukskrahatliq","16":"description-off","18":"first","19":"instock","20":"shipping-taxable","21":"purchasable","22":"product-type-simple"},"_links":{"self":[{"href":"https:\/\/setap.az\/index.php?rest_route=\/wp\/v2\/product\/19439","targetHints":{"allow":["GET"]}}],"collection":[{"href":"https:\/\/setap.az\/index.php?rest_route=\/wp\/v2\/product"}],"about":[{"href":"https:\/\/setap.az\/index.php?rest_route=\/wp\/v2\/types\/product"}],"replies":[{"embeddable":true,"href":"https:\/\/setap.az\/index.php?rest_route=%2Fwp%2Fv2%2Fcomments&post=19439"}],"wp:featuredmedia":[{"embeddable":true,"href":"https:\/\/setap.az\/index.php?rest_route=\/wp\/v2\/media\/19440"}],"wp:attachment":[{"href":"https:\/\/setap.az\/index.php?rest_route=%2Fwp%2Fv2%2Fmedia&parent=19439"}],"wp:term":[{"taxonomy":"product_cat","embeddable":true,"href":"https:\/\/setap.az\/index.php?rest_route=%2Fwp%2Fv2%2Fproduct_cat&post=19439"},{"taxonomy":"product_tag","embeddable":true,"href":"https:\/\/setap.az\/index.php?rest_route=%2Fwp%2Fv2%2Fproduct_tag&post=19439"}],"curies":[{"name":"wp","href":"https:\/\/api.w.org\/{rel}","templated":true}]}}