{"id":19441,"date":"2025-05-27T11:40:46","date_gmt":"2025-05-27T07:40:46","guid":{"rendered":"https:\/\/setap.az\/?post_type=product&#038;p=19441"},"modified":"2025-05-27T11:40:46","modified_gmt":"2025-05-27T07:40:46","slug":"jedel-k12-klavyatura","status":"publish","type":"product","link":"https:\/\/setap.az\/?product=jedel-k12-klavyatura","title":{"rendered":"Jedel K12 klavyatura"},"content":{"rendered":"<p>Ofis klavyaturas\u0131<br \/>\n Model: Jedel K12<br \/>\n-Y\u00fcks\u0259k s\u0259viyy\u0259li rahatl\u0131q, \u0259la performans v\u0259 tam \u00f6l\u00e7\u00fcl\u00fc t\u0259kmill\u0259\u015fdirilmi\u015f Ofis klavyaturas\u0131.<br \/>\n-Klavyatura h\u00fcnd\u00fcrl\u00fcy\u00fcn\u00fc sad\u0259 t\u0259nziml\u0259y\u0259 bil\u0259r, klavyaturada iki kran\u015fteyn qura\u015fd\u0131r\u0131lm\u0131\u015f \u015fassi, iki ki\u00e7ik l\u00f6vh\u0259 d\u0259st\u0259yi var.<br \/>\n-\u018fll\u0259rinizl\u0259 daha rahat, daha komfortlu i\u015fl\u0259m\u0259ni t\u0259min edir.<\/p>\n","protected":false},"excerpt":{"rendered":"<p>Ofis klavyaturas\u0131 Model: Jedel K12 -Y\u00fcks\u0259k s\u0259viyy\u0259li rahatl\u0131q, \u0259la performans v\u0259 tam \u00f6l\u00e7\u00fcl\u00fc t\u0259kmill\u0259\u015fdirilmi\u015f Ofis klavyaturas\u0131. -Klavyatura h\u00fcnd\u00fcrl\u00fcy\u00fcn\u00fc sad\u0259 t\u0259nziml\u0259y\u0259 bil\u0259r, klavyaturada iki kran\u015fteyn qura\u015fd\u0131r\u0131lm\u0131\u015f \u015fassi, iki ki\u00e7ik l\u00f6vh\u0259 d\u0259st\u0259yi var. -\u018fll\u0259rinizl\u0259 daha rahat, daha komfortlu i\u015fl\u0259m\u0259ni t\u0259min edir.<\/p>\n","protected":false},"featured_media":19442,"comment_status":"open","ping_status":"closed","template":"","meta":[],"product_cat":[3508],"product_tag":[3817,3819,3020,3811,3816,3813,3814,3009,3815,3010,3807,3812,3818,3011],"class_list":{"0":"post-19441","1":"product","2":"type-product","3":"status-publish","4":"has-post-thumbnail","6":"product_cat-klavyatura-v-sicanlar","7":"product_tag-comfortabletyping","8":"product_tag-ergonomickeyboard","9":"product_tag-erqonomikdizayn","10":"product_tag-jedelk12","11":"product_tag-keyboards","12":"product_tag-kransteyndstyi","13":"product_tag-officesetup","14":"product_tag-ofisklavyaturasi","15":"product_tag-productivitytools","16":"product_tag-rahatklavyatura","17":"product_tag-tamolculuklavyatura","18":"product_tag-tnzimlnnhundurluk","19":"product_tag-workplacegear","20":"product_tag-yukskperformans","21":"description-off","23":"first","24":"instock","25":"shipping-taxable","26":"purchasable","27":"product-type-simple"},"_links":{"self":[{"href":"https:\/\/setap.az\/index.php?rest_route=\/wp\/v2\/product\/19441","targetHints":{"allow":["GET"]}}],"collection":[{"href":"https:\/\/setap.az\/index.php?rest_route=\/wp\/v2\/product"}],"about":[{"href":"https:\/\/setap.az\/index.php?rest_route=\/wp\/v2\/types\/product"}],"replies":[{"embeddable":true,"href":"https:\/\/setap.az\/index.php?rest_route=%2Fwp%2Fv2%2Fcomments&post=19441"}],"wp:featuredmedia":[{"embeddable":true,"href":"https:\/\/setap.az\/index.php?rest_route=\/wp\/v2\/media\/19442"}],"wp:attachment":[{"href":"https:\/\/setap.az\/index.php?rest_route=%2Fwp%2Fv2%2Fmedia&parent=19441"}],"wp:term":[{"taxonomy":"product_cat","embeddable":true,"href":"https:\/\/setap.az\/index.php?rest_route=%2Fwp%2Fv2%2Fproduct_cat&post=19441"},{"taxonomy":"product_tag","embeddable":true,"href":"https:\/\/setap.az\/index.php?rest_route=%2Fwp%2Fv2%2Fproduct_tag&post=19441"}],"curies":[{"name":"wp","href":"https:\/\/api.w.org\/{rel}","templated":true}]}}